{"id":988,"date":"2020-03-26T06:50:09","date_gmt":"2020-03-26T06:50:09","guid":{"rendered":"http:\/\/www.avicab.com\/h\/?page_id=988"},"modified":"2020-07-16T23:30:38","modified_gmt":"2020-07-16T23:30:38","slug":"tunel-sanitizador","status":"publish","type":"page","link":"https:\/\/www.avicab.com\/h\/tunel-sanitizador\/","title":{"rendered":"T\u00fanel Sanitizador"},"content":{"rendered":"<div class=\"row\"  id=\"row-2134915279\">\n<div class=\"col medium-7 small-12 large-7\"  ><div class=\"col-inner\" style=\"background-color:rgb(255, 255, 255);\" >\n<h3><span style=\"font-size: 115%;\"><strong><span style=\"color: #ff9900;\">100% Bioseguridad.<\/span><\/strong><\/span><\/h3>\n<p><span style=\"color: #0000ff;\"><em>Soluci\u00f3n efectiva para mejorar la esterilizaci\u00f3<span style=\"font-size: 105%;\">n<\/span> y sanidad de la gente.<\/em><\/span><\/p>\n<p><span style=\"color: #282828;\">A lo largo de m\u00e1s de 15 a\u00f1os en brindar soluciones de bioseguridad, hoy d\u00eda preocupados en temas de salud personal y social que actualmente alertan y preocupan al mundo. Hemos re dise\u00f1ado nuestro sistema sanitizador haci\u00e9ndolo 100% modular, vers\u00e1til, pr\u00e1ctico y altamente seguro con f\u00e1cil manejo de operaci\u00f3n. E<\/span><span style=\"color: #282828;\">ncontrando un equilibrio entre un conjunto de normas y medidas para poder resguardar la salud de la gente y nuestros usuarios.\u00a0<\/span><\/p>\n<h4><span style=\"color: #0000ff; font-size: 80%;\"><em>\u00bfQue es lo que ofrecemos?<\/em><\/span><\/h4>\n<p>Lo que ofrecemos en comparaci\u00f3n de otras cabinas sanitizantes depende 100% de la realizaci\u00f3n y fabricaci\u00f3n de nuestros sistemas automatizados hechos por nuestros ingenieros adem\u00e1s de estar constituido por elementos de gran calidad como resultado brindamos costo beneficio en nuestro producto.<\/p>\n<p><span style=\"color: #282828;\">Este sistema vanguardista consiste en un t\u00fanel sanitizante; su principal objetivo es ayudar a disminuir microorganismos, plagas y factores de riesgo a trav\u00e9s del m\u00e9todo de nebulizaci\u00f3n creando una nube extensa sanitizadora que nos ayudar\u00e1 a expandir el desinfectante en zonas inaccesibles creando otra ventaja adicional ante otros sistemas, en efecto <\/span><span style=\"color: #282828;\">nuestra cabina sanitizadora evita mojar y perjudicar accesorios de valor de aquel que transite a trav\u00e9s de nuestro t\u00fanel sanitizante. <\/span><\/p>\n<p><span style=\"color: #282828;\">En otras palabras <\/span><span style=\"color: #282828;\">el resultado es efectivo y seguro con una distribuci\u00f3n uniforme del desinfectante para poder reducir infecciones y propagaci\u00f3n de factores de riesgo.<\/span><\/p>\n<p><span style=\"color: #0000ff;\"><em>Caracter\u00edsticas de nuestro t\u00fanel sanitizante.<\/em><\/span><\/p>\n<ul>\n<li>Aluminio extruido, ligero y resistente a la corrosi\u00f3n<\/li>\n<li>100% modular de f\u00e1cil armado.<\/li>\n<li>De muy f\u00e1cil operaci\u00f3n.<\/li>\n<li>Forro de lona fortoflex con protecci\u00f3n a rayos UV, resistente al rasgado y ruptura.<\/li>\n<li>Sensores de movimiento para activaci\u00f3n y paro de sistema.<\/li>\n<li>Componentes Schneider Electric<\/li>\n<li>Sistema de protecci\u00f3n el\u00e9ctrico<\/li>\n<li>Motor de 1\/2&#8243; HP<\/li>\n<li>2 Arcos de nebulizaci\u00f3n<\/li>\n<li>10 boquillas de v\u00e1lvulas anti goteo<\/li>\n<li>Tapete de absorci\u00f3n<\/li>\n<\/ul>\n    <div class=\"box has-hover has-hover box-text-bottom\" >\n\n                  <div class=\"box-image\" >\n             <div class=\"\" >\n                <img width=\"1440\" height=\"1440\" src=\"https:\/\/www.avicab.com\/h\/wp-content\/uploads\/2020\/04\/Tunel-Sanitizador_-AVICAB.jpg\" class=\"attachment- size-\" alt=\"\" decoding=\"async\" loading=\"lazy\" srcset=\"https:\/\/www.avicab.com\/h\/wp-content\/uploads\/2020\/04\/Tunel-Sanitizador_-AVICAB.jpg 1440w, https:\/\/www.avicab.com\/h\/wp-content\/uploads\/2020\/04\/Tunel-Sanitizador_-AVICAB-400x400.jpg 400w, https:\/\/www.avicab.com\/h\/wp-content\/uploads\/2020\/04\/Tunel-Sanitizador_-AVICAB-800x800.jpg 800w, https:\/\/www.avicab.com\/h\/wp-content\/uploads\/2020\/04\/Tunel-Sanitizador_-AVICAB-280x280.jpg 280w, https:\/\/www.avicab.com\/h\/wp-content\/uploads\/2020\/04\/Tunel-Sanitizador_-AVICAB-768x768.jpg 768w\" sizes=\"(max-width: 1440px) 100vw, 1440px\" \/>                                              <\/div>\n          <\/div><!-- box-image -->\n         \n          <div class=\"box-text text-center\" >\n                <div class=\"box-text-inner\">\n                    \n<h4>T\u00fanel Sanitizador<\/h4>\n                <\/div><!-- box-text-inner -->\n          <\/div><!-- box-text -->\n    <\/div><!-- .box  -->\n    \n<\/div><\/div>\n<div class=\"col medium-5 small-12 large-5\"  ><div class=\"col-inner\"  >\n<div class=\"wpcf7 no-js\" id=\"wpcf7-f458-o1\" lang=\"es-ES\" dir=\"ltr\">\n<div class=\"screen-reader-response\"><p role=\"status\" aria-live=\"polite\" aria-atomic=\"true\"><\/p> <ul><\/ul><\/div>\n<form action=\"\/h\/wp-json\/wp\/v2\/pages\/988#wpcf7-f458-o1\" method=\"post\" class=\"wpcf7-form init cf7-style cf7-style-603\" aria-label=\"Contact form\" novalidate=\"novalidate\" data-status=\"init\">\n<div style=\"display: none;\">\n<input type=\"hidden\" name=\"_wpcf7\" value=\"458\" \/>\n<input type=\"hidden\" name=\"_wpcf7_version\" value=\"5.7.2\" \/>\n<input type=\"hidden\" name=\"_wpcf7_locale\" value=\"es_ES\" \/>\n<input type=\"hidden\" name=\"_wpcf7_unit_tag\" value=\"wpcf7-f458-o1\" \/>\n<input type=\"hidden\" name=\"_wpcf7_container_post\" value=\"0\" \/>\n<input type=\"hidden\" name=\"_wpcf7_posted_data_hash\" value=\"\" \/>\n<\/div>\n<p><label> Nombre (requerido)<br \/>\n<span class=\"wpcf7-form-control-wrap\" data-name=\"your-name\"><input size=\"40\" class=\"wpcf7-form-control wpcf7-text wpcf7-validates-as-required\" aria-required=\"true\" aria-invalid=\"false\" value=\"\" type=\"text\" name=\"your-name\" \/><\/span> <\/label>\n<\/p>\n<p><label> Tu correo electr\u00f3nico (requerido)<br \/>\n<span class=\"wpcf7-form-control-wrap\" data-name=\"your-email\"><input size=\"40\" class=\"wpcf7-form-control wpcf7-text wpcf7-email wpcf7-validates-as-required wpcf7-validates-as-email\" aria-required=\"true\" aria-invalid=\"false\" value=\"\" type=\"email\" name=\"your-email\" \/><\/span> <\/label>\n<\/p>\n<p><label> Pa\u00eds<br \/>\n<span class=\"wpcf7-form-control-wrap\" data-name=\"pais\"><select class=\"wpcf7-form-control wpcf7-select\" aria-invalid=\"false\" name=\"pais\"><option value=\"\">&#8212;Please choose an option&#8212;<\/option><option value=\"Antigua y Barbuda\">Antigua y Barbuda<\/option><option value=\"Argentina\">Argentina<\/option><option value=\"Bahamas\">Bahamas<\/option><option value=\"Barbados\">Barbados<\/option><option value=\"Belice\">Belice<\/option><option value=\"Bolivia\">Bolivia<\/option><option value=\"Brasil\">Brasil<\/option><option value=\"Canad\u00e1\">Canad\u00e1<\/option><option value=\"Costa Rica\">Costa Rica<\/option><option value=\"Colombia\">Colombia<\/option><option value=\"Cuba\">Cuba<\/option><option value=\"Chile\">Chile<\/option><option value=\"Dominica\">Dominica<\/option><option value=\"Ecuador\">Ecuador<\/option><option value=\"El Salvador\">El Salvador<\/option><option value=\"Estados Unidos\">Estados Unidos<\/option><option value=\"Granada\">Granada<\/option><option value=\"Guatemala\">Guatemala<\/option><option value=\"Guyana\">Guyana<\/option><option value=\"Hait\u00ed\">Hait\u00ed<\/option><option value=\"Honduras\">Honduras<\/option><option value=\"Jamaica\">Jamaica<\/option><option value=\"M\u00e9xico\">M\u00e9xico<\/option><option value=\"Nicaragua\">Nicaragua<\/option><option value=\"Rep\u00fablica Dominicana\">Rep\u00fablica Dominicana<\/option><option value=\"San Crist\u00f3bal\">San Crist\u00f3bal<\/option><option value=\"Santa Lucia\">Santa Lucia<\/option><option value=\"San Vicente y Las Granadinas\">San Vicente y Las Granadinas<\/option><option value=\"Surinam\">Surinam<\/option><option value=\"Trinidad y Tobago\">Trinidad y Tobago<\/option><option value=\"Panam\u00e1\">Panam\u00e1<\/option><option value=\"Paraguay\">Paraguay<\/option><option value=\"Per\u00fa\">Per\u00fa<\/option><option value=\"Uruguay\">Uruguay<\/option><option value=\"Venezuela\">Venezuela<\/option><\/select><\/span> <\/label>\n<\/p>\n<p><label> Empresa<br \/>\n<span class=\"wpcf7-form-control-wrap\" data-name=\"empresa\"><input size=\"40\" class=\"wpcf7-form-control wpcf7-text\" aria-invalid=\"false\" value=\"\" type=\"text\" name=\"empresa\" \/><\/span> <\/label>\n<\/p>\n<p><label> Producto (requerido)<br \/>\n<span class=\"wpcf7-form-control-wrap\" data-name=\"producto\"><select class=\"wpcf7-form-control wpcf7-select\" aria-invalid=\"false\" name=\"producto\"><option value=\"\">&#8212;Please choose an option&#8212;<\/option><option value=\"Bioseguridad\">Bioseguridad<\/option><option value=\"Comederos y bebederos\">Comederos y bebederos<\/option><option value=\"Cerdo\">Cerdo<\/option><option value=\"DET 6500\">DET 6500<\/option><option value=\"Empacadoras y clasificadoras\">Empacadoras y clasificadoras<\/option><option value=\"Empaque y transportaci\u00f3n de huevo\">Empaque y transportaci\u00f3n de huevo<\/option><option value=\"Exhibidores y estanteria\">Exhibidores y estanteria<\/option><option value=\"Galeras av\u00edcolas\">Galeras av\u00edcolas<\/option><option value=\"Generadores de calor\">Generadores de calor<\/option><option value=\"Jaulas crianza-levante\">Jaulas crianza-levante<\/option><option value=\"Jaula postura manual\">Jaula postura manual<\/option><option value=\"Jaula postura autom\u00e1tica\">Jaula postura autom\u00e1tica<\/option><option value=\"L\u00e1minas de PVC\">L\u00e1minas de PVC<\/option><option value=\"Lavadora de huevo\">Lavadora de huevo<\/option><option value=\"M\u00e1quinas de Composta\">M\u00e1quinas de Composta<\/option><option value=\"Mix de productos\">Mix de productos<\/option><option value=\"T\u00fanel Sanitizador\">T\u00fanel Sanitizador<\/option><option value=\"Pollo\">Pollo<\/option><option value=\"Silos\">Silos<\/option><\/select><\/span><\/label>\n<\/p>\n<p><label> Tel\u00e9fono (requerido)<br \/>\n<span class=\"wpcf7-form-control-wrap\" data-name=\"tel\"><input size=\"40\" class=\"wpcf7-form-control wpcf7-text wpcf7-tel wpcf7-validates-as-tel\" aria-invalid=\"false\" value=\"\" type=\"tel\" name=\"tel\" \/><\/span> <\/label>\n<\/p>\n<p><input class=\"wpcf7-form-control has-spinner wpcf7-submit\" type=\"submit\" value=\"Enviarme informaci\u00f3n\" \/>\n<\/p><div class=\"wpcf7-response-output\" aria-hidden=\"true\"><\/div><\/form><\/div>\n<\/div><\/div>\n<\/div>\n<div class=\"video video-fit mb\" style=\"padding-top:56.25%;\"><p><iframe loading=\"lazy\" title=\"T\u00fanel Sanitizante\" width=\"1020\" height=\"574\" src=\"https:\/\/www.youtube.com\/embed\/PHVWi_juC_w?feature=oembed\" frameborder=\"0\" allow=\"accelerometer; autoplay; encrypted-media; gyroscope; picture-in-picture\" allowfullscreen><\/iframe><\/p>\n<\/div>\n","protected":false},"excerpt":{"rendered":"","protected":false},"author":1,"featured_media":0,"parent":0,"menu_order":0,"comment_status":"closed","ping_status":"closed","template":"","meta":[],"yoast_head":"<!-- This site is optimized with the Yoast SEO plugin v20.0 - https:\/\/yoast.com\/wordpress\/plugins\/seo\/ -->\n<title>T\u00fanel Sanitizador - Avicab<\/title>\n<meta name=\"description\" content=\"Tunel de desinfecci\u00f3n para personas\" \/>\n<meta name=\"robots\" content=\"index, follow, max-snippet:-1, max-image-preview:large, max-video-preview:-1\" \/>\n<link rel=\"canonical\" href=\"https:\/\/www.avicab.com\/h\/tunel-sanitizador\/\" \/>\n<meta property=\"og:locale\" content=\"es_ES\" \/>\n<meta property=\"og:type\" content=\"article\" \/>\n<meta property=\"og:title\" content=\"T\u00fanel Sanitizador - Avicab\" \/>\n<meta property=\"og:description\" content=\"Tunel de desinfecci\u00f3n para personas\" \/>\n<meta property=\"og:url\" content=\"https:\/\/www.avicab.com\/h\/tunel-sanitizador\/\" \/>\n<meta property=\"og:site_name\" content=\"Avicab\" \/>\n<meta property=\"article:publisher\" content=\"https:\/\/www.facebook.com\/Avicab\/\" \/>\n<meta property=\"article:modified_time\" content=\"2020-07-16T23:30:38+00:00\" \/>\n<meta name=\"twitter:card\" content=\"summary_large_image\" \/>\n<meta name=\"twitter:site\" content=\"@Avicab_\" \/>\n<meta name=\"twitter:label1\" content=\"Tiempo de lectura\" \/>\n\t<meta name=\"twitter:data1\" content=\"2 minutos\" \/>\n<script type=\"application\/ld+json\" class=\"yoast-schema-graph\">{\"@context\":\"https:\/\/schema.org\",\"@graph\":[{\"@type\":\"WebPage\",\"@id\":\"https:\/\/www.avicab.com\/h\/tunel-sanitizador\/\",\"url\":\"https:\/\/www.avicab.com\/h\/tunel-sanitizador\/\",\"name\":\"T\u00fanel Sanitizador - Avicab\",\"isPartOf\":{\"@id\":\"https:\/\/www.avicab.com\/h\/#website\"},\"datePublished\":\"2020-03-26T06:50:09+00:00\",\"dateModified\":\"2020-07-16T23:30:38+00:00\",\"description\":\"Tunel de desinfecci\u00f3n para personas\",\"breadcrumb\":{\"@id\":\"https:\/\/www.avicab.com\/h\/tunel-sanitizador\/#breadcrumb\"},\"inLanguage\":\"es\",\"potentialAction\":[{\"@type\":\"ReadAction\",\"target\":[\"https:\/\/www.avicab.com\/h\/tunel-sanitizador\/\"]}]},{\"@type\":\"BreadcrumbList\",\"@id\":\"https:\/\/www.avicab.com\/h\/tunel-sanitizador\/#breadcrumb\",\"itemListElement\":[{\"@type\":\"ListItem\",\"position\":1,\"name\":\"Portada\",\"item\":\"https:\/\/www.avicab.com\/h\/\"},{\"@type\":\"ListItem\",\"position\":2,\"name\":\"T\u00fanel Sanitizador\"}]},{\"@type\":\"WebSite\",\"@id\":\"https:\/\/www.avicab.com\/h\/#website\",\"url\":\"https:\/\/www.avicab.com\/h\/\",\"name\":\"Avicab\",\"description\":\"Poultry Solutions\",\"potentialAction\":[{\"@type\":\"SearchAction\",\"target\":{\"@type\":\"EntryPoint\",\"urlTemplate\":\"https:\/\/www.avicab.com\/h\/?s={search_term_string}\"},\"query-input\":\"required name=search_term_string\"}],\"inLanguage\":\"es\"}]}<\/script>\n<!-- \/ Yoast SEO plugin. -->","yoast_head_json":{"title":"T\u00fanel Sanitizador - Avicab","description":"Tunel de desinfecci\u00f3n para personas","robots":{"index":"index","follow":"follow","max-snippet":"max-snippet:-1","max-image-preview":"max-image-preview:large","max-video-preview":"max-video-preview:-1"},"canonical":"https:\/\/www.avicab.com\/h\/tunel-sanitizador\/","og_locale":"es_ES","og_type":"article","og_title":"T\u00fanel Sanitizador - Avicab","og_description":"Tunel de desinfecci\u00f3n para personas","og_url":"https:\/\/www.avicab.com\/h\/tunel-sanitizador\/","og_site_name":"Avicab","article_publisher":"https:\/\/www.facebook.com\/Avicab\/","article_modified_time":"2020-07-16T23:30:38+00:00","twitter_card":"summary_large_image","twitter_site":"@Avicab_","twitter_misc":{"Tiempo de lectura":"2 minutos"},"schema":{"@context":"https:\/\/schema.org","@graph":[{"@type":"WebPage","@id":"https:\/\/www.avicab.com\/h\/tunel-sanitizador\/","url":"https:\/\/www.avicab.com\/h\/tunel-sanitizador\/","name":"T\u00fanel Sanitizador - Avicab","isPartOf":{"@id":"https:\/\/www.avicab.com\/h\/#website"},"datePublished":"2020-03-26T06:50:09+00:00","dateModified":"2020-07-16T23:30:38+00:00","description":"Tunel de desinfecci\u00f3n para personas","breadcrumb":{"@id":"https:\/\/www.avicab.com\/h\/tunel-sanitizador\/#breadcrumb"},"inLanguage":"es","potentialAction":[{"@type":"ReadAction","target":["https:\/\/www.avicab.com\/h\/tunel-sanitizador\/"]}]},{"@type":"BreadcrumbList","@id":"https:\/\/www.avicab.com\/h\/tunel-sanitizador\/#breadcrumb","itemListElement":[{"@type":"ListItem","position":1,"name":"Portada","item":"https:\/\/www.avicab.com\/h\/"},{"@type":"ListItem","position":2,"name":"T\u00fanel Sanitizador"}]},{"@type":"WebSite","@id":"https:\/\/www.avicab.com\/h\/#website","url":"https:\/\/www.avicab.com\/h\/","name":"Avicab","description":"Poultry Solutions","potentialAction":[{"@type":"SearchAction","target":{"@type":"EntryPoint","urlTemplate":"https:\/\/www.avicab.com\/h\/?s={search_term_string}"},"query-input":"required name=search_term_string"}],"inLanguage":"es"}]}},"_links":{"self":[{"href":"https:\/\/www.avicab.com\/h\/wp-json\/wp\/v2\/pages\/988"}],"collection":[{"href":"https:\/\/www.avicab.com\/h\/wp-json\/wp\/v2\/pages"}],"about":[{"href":"https:\/\/www.avicab.com\/h\/wp-json\/wp\/v2\/types\/page"}],"author":[{"embeddable":true,"href":"https:\/\/www.avicab.com\/h\/wp-json\/wp\/v2\/users\/1"}],"replies":[{"embeddable":true,"href":"https:\/\/www.avicab.com\/h\/wp-json\/wp\/v2\/comments?post=988"}],"version-history":[{"count":107,"href":"https:\/\/www.avicab.com\/h\/wp-json\/wp\/v2\/pages\/988\/revisions"}],"predecessor-version":[{"id":1130,"href":"https:\/\/www.avicab.com\/h\/wp-json\/wp\/v2\/pages\/988\/revisions\/1130"}],"wp:attachment":[{"href":"https:\/\/www.avicab.com\/h\/wp-json\/wp\/v2\/media?parent=988"}],"curies":[{"name":"wp","href":"https:\/\/api.w.org\/{rel}","templated":true}]}}