{"id":721,"date":"2018-05-17T17:17:03","date_gmt":"2018-05-17T17:17:03","guid":{"rendered":"http:\/\/www.avicab.com\/h\/?page_id=721"},"modified":"2020-04-07T20:40:54","modified_gmt":"2020-04-07T20:40:54","slug":"bioseguridad","status":"publish","type":"page","link":"https:\/\/www.avicab.com\/h\/bioseguridad\/","title":{"rendered":"Bioseguridad"},"content":{"rendered":"<div class=\"row row-collapse row-full-width align-equal align-center\"  id=\"row-2081353768\">\n<div class=\"col small-12 large-12\"  ><div class=\"col-inner text-center box-shadow-2 text-shadow-1\"  >\n<div class=\"container section-title-container\" style=\"max-width:1068px;\"><h3 class=\"section-title section-title-bold-center\"><b><\/b><span class=\"section-title-main\" >Bioseguridad<\/span><b><\/b><\/h3><\/div><!-- .section-title -->\n<\/div><\/div>\n\n<style scope=\"scope\">\n\n#row-2081353768 > .col > .col-inner {\n  padding: 0px 0px 0px 0px;\n}\n<\/style>\n<\/div>\n<div class=\"row row-large row-full-width\"  id=\"row-310932679\">\n<div class=\"col medium-9 small-12 large-9\"  ><div class=\"col-inner\" style=\"padding:20px 0px 0px 0px;\" >\n<p>Estamos preocupados por brindar programas estrat\u00e9gicos de prevenci\u00f3n y control de contaminantes para la adecuaci\u00f3n de medidas de bioseguridad.<\/p>\n<p>Ofrecemos t\u00faneles de desinfecci\u00f3n para personal y control vehicular. Evitando riesgos innecesarios en granjas.<\/p>\n  <div class=\"banner-grid-wrapper\">\n  <div id=\"banner-grid-2127696304\" class=\"banner-grid row row-grid row-small\" data-packery-options=\"\">\n                      \n<div class=\"col grid-col large-5 grid-col-1-2\" ><div class=\"col-inner\">\n    <div class=\"img has-hover x md-x lg-x y md-y lg-y\" id=\"image_2104184968\">\n    <a class=\"image-lightbox lightbox-gallery\" href=\"https:\/\/www.avicab.com\/h\/wp-content\/uploads\/2018\/05\/T\u00fanel-desinfecci\u00f3n-personal-AVICAB-1-e1526580033847-802x800.jpg\" title=\"\">            <div class=\"img-inner image-zoom dark\" >\n        <img width=\"802\" height=\"800\" src=\"https:\/\/www.avicab.com\/h\/wp-content\/uploads\/2018\/05\/T\u00fanel-desinfecci\u00f3n-personal-AVICAB-1-e1526580033847-802x800.jpg\" class=\"attachment-large size-large\" alt=\"\" decoding=\"async\" loading=\"lazy\" srcset=\"https:\/\/www.avicab.com\/h\/wp-content\/uploads\/2018\/05\/T\u00fanel-desinfecci\u00f3n-personal-AVICAB-1-e1526580033847-802x800.jpg 802w, https:\/\/www.avicab.com\/h\/wp-content\/uploads\/2018\/05\/T\u00fanel-desinfecci\u00f3n-personal-AVICAB-1-e1526580033847-280x280.jpg 280w, https:\/\/www.avicab.com\/h\/wp-content\/uploads\/2018\/05\/T\u00fanel-desinfecci\u00f3n-personal-AVICAB-1-e1526580033847-401x400.jpg 401w, https:\/\/www.avicab.com\/h\/wp-content\/uploads\/2018\/05\/T\u00fanel-desinfecci\u00f3n-personal-AVICAB-1-e1526580033847-768x766.jpg 768w\" sizes=\"(max-width: 802px) 100vw, 802px\" \/>                \n            <\/div>\n            <\/a>       \n<style scope=\"scope\">\n\n<\/style>\n    <\/div>\n    \n<\/div><\/div>\n<div class=\"col grid-col large-5 grid-col-1-2\" ><div class=\"col-inner\">\n    <div class=\"img has-hover x md-x lg-x y md-y lg-y\" id=\"image_1385846675\">\n    <a class=\"image-lightbox lightbox-gallery\" href=\"https:\/\/www.avicab.com\/h\/wp-content\/uploads\/2018\/05\/T\u00fanel-desinfecci\u00f3n-personal-AVICAB-e1526578429591-800x800.jpg\" title=\"\">            <div class=\"img-inner image-zoom dark\" >\n        <img width=\"800\" height=\"800\" src=\"https:\/\/www.avicab.com\/h\/wp-content\/uploads\/2018\/05\/T\u00fanel-desinfecci\u00f3n-personal-AVICAB-e1526578429591-800x800.jpg\" class=\"attachment-large size-large\" alt=\"Spray Body\" decoding=\"async\" loading=\"lazy\" srcset=\"https:\/\/www.avicab.com\/h\/wp-content\/uploads\/2018\/05\/T\u00fanel-desinfecci\u00f3n-personal-AVICAB-e1526578429591-800x800.jpg 800w, https:\/\/www.avicab.com\/h\/wp-content\/uploads\/2018\/05\/T\u00fanel-desinfecci\u00f3n-personal-AVICAB-e1526578429591-280x280.jpg 280w, https:\/\/www.avicab.com\/h\/wp-content\/uploads\/2018\/05\/T\u00fanel-desinfecci\u00f3n-personal-AVICAB-e1526578429591-400x400.jpg 400w, https:\/\/www.avicab.com\/h\/wp-content\/uploads\/2018\/05\/T\u00fanel-desinfecci\u00f3n-personal-AVICAB-e1526578429591-768x768.jpg 768w\" sizes=\"(max-width: 800px) 100vw, 800px\" \/>                \n            <\/div>\n            <\/a>       \n<style scope=\"scope\">\n\n<\/style>\n    <\/div>\n    \n<\/div><\/div>\n<div class=\"col grid-col large-5 grid-col-1-2\" ><div class=\"col-inner\">\n    <div class=\"img has-hover x md-x lg-x y md-y lg-y\" id=\"image_1942515442\">\n    <a class=\"image-lightbox lightbox-gallery\" href=\"https:\/\/www.avicab.com\/h\/wp-content\/uploads\/2018\/05\/T\u00fanel-desinfecci\u00f3n-Vehicular-AVICAB-1-e1526579009450-793x800.jpg\" title=\"\">            <div class=\"img-inner image-zoom dark\" >\n        <img width=\"793\" height=\"800\" src=\"https:\/\/www.avicab.com\/h\/wp-content\/uploads\/2018\/05\/T\u00fanel-desinfecci\u00f3n-Vehicular-AVICAB-1-e1526579009450-793x800.jpg\" class=\"attachment-large size-large\" alt=\"\" decoding=\"async\" loading=\"lazy\" srcset=\"https:\/\/www.avicab.com\/h\/wp-content\/uploads\/2018\/05\/T\u00fanel-desinfecci\u00f3n-Vehicular-AVICAB-1-e1526579009450-793x800.jpg 793w, https:\/\/www.avicab.com\/h\/wp-content\/uploads\/2018\/05\/T\u00fanel-desinfecci\u00f3n-Vehicular-AVICAB-1-e1526579009450-397x400.jpg 397w, https:\/\/www.avicab.com\/h\/wp-content\/uploads\/2018\/05\/T\u00fanel-desinfecci\u00f3n-Vehicular-AVICAB-1-e1526579009450-768x774.jpg 768w\" sizes=\"(max-width: 793px) 100vw, 793px\" \/>                \n            <\/div>\n            <\/a>       \n<style scope=\"scope\">\n\n<\/style>\n    <\/div>\n    \n<\/div><\/div>\n<div class=\"col grid-col large-5 grid-col-1-2\" ><div class=\"col-inner\">\n    <div class=\"img has-hover x md-x lg-x y md-y lg-y\" id=\"image_1346346678\">\n    <a class=\"image-lightbox lightbox-gallery\" href=\"https:\/\/www.avicab.com\/h\/wp-content\/uploads\/2018\/05\/T\u00fanel-desinfecci\u00f3n-Vehicular-AVICAB-2-e1526579040754-802x800.jpg\" title=\"\">            <div class=\"img-inner image-zoom dark\" >\n        <img width=\"802\" height=\"800\" src=\"https:\/\/www.avicab.com\/h\/wp-content\/uploads\/2018\/05\/T\u00fanel-desinfecci\u00f3n-Vehicular-AVICAB-2-e1526579040754-802x800.jpg\" class=\"attachment-large size-large\" alt=\"\" decoding=\"async\" loading=\"lazy\" srcset=\"https:\/\/www.avicab.com\/h\/wp-content\/uploads\/2018\/05\/T\u00fanel-desinfecci\u00f3n-Vehicular-AVICAB-2-e1526579040754-802x800.jpg 802w, https:\/\/www.avicab.com\/h\/wp-content\/uploads\/2018\/05\/T\u00fanel-desinfecci\u00f3n-Vehicular-AVICAB-2-e1526579040754-280x280.jpg 280w, https:\/\/www.avicab.com\/h\/wp-content\/uploads\/2018\/05\/T\u00fanel-desinfecci\u00f3n-Vehicular-AVICAB-2-e1526579040754-401x400.jpg 401w, https:\/\/www.avicab.com\/h\/wp-content\/uploads\/2018\/05\/T\u00fanel-desinfecci\u00f3n-Vehicular-AVICAB-2-e1526579040754-768x766.jpg 768w\" sizes=\"(max-width: 802px) 100vw, 802px\" \/>                \n            <\/div>\n            <\/a>       \n<style scope=\"scope\">\n\n<\/style>\n    <\/div>\n    \n<\/div><\/div>\n            <\/div><!-- .banner-grid .row .grid -->\n    <style scope=\"scope\">\n    #banner-grid-2127696304 .grid-col-1{height: 600px}\n    #banner-grid-2127696304 .grid-col-1-2{height: 300px}\n    #banner-grid-2127696304 .grid-col-1-3{height:200px}\n    #banner-grid-2127696304 .grid-col-2-3{height: 400px}\n    #banner-grid-2127696304 .grid-col-1-4{height: 150px}\n    #banner-grid-2127696304 .grid-col-3-4{height: 450px}\n\n    \n      <\/style>\n    <\/div><!-- .banner-grid-wrapper -->\n  \n<\/div><\/div>\n<div class=\"col medium-3 small-12 large-3\"  ><div class=\"col-inner\"  >\n<ul class=\"sidebar-wrapper ul-reset \"><div id=\"custom_html-2\" class=\"widget_text widget widget_custom_html\"><div class=\"textwidget custom-html-widget\"><div class=\"wpcf7 no-js\" id=\"wpcf7-f458-o1\" lang=\"es-ES\" dir=\"ltr\">\n<div class=\"screen-reader-response\"><p role=\"status\" aria-live=\"polite\" aria-atomic=\"true\"><\/p> <ul><\/ul><\/div>\n<form action=\"\/h\/wp-json\/wp\/v2\/pages\/721#wpcf7-f458-o1\" method=\"post\" class=\"wpcf7-form init cf7-style cf7-style-603\" aria-label=\"Contact form\" novalidate=\"novalidate\" data-status=\"init\">\n<div style=\"display: none;\">\n<input type=\"hidden\" name=\"_wpcf7\" value=\"458\" \/>\n<input type=\"hidden\" name=\"_wpcf7_version\" value=\"5.7.2\" \/>\n<input type=\"hidden\" name=\"_wpcf7_locale\" value=\"es_ES\" \/>\n<input type=\"hidden\" name=\"_wpcf7_unit_tag\" value=\"wpcf7-f458-o1\" \/>\n<input type=\"hidden\" name=\"_wpcf7_container_post\" value=\"0\" \/>\n<input type=\"hidden\" name=\"_wpcf7_posted_data_hash\" value=\"\" \/>\n<\/div>\n<p><label> Nombre (requerido)<br \/>\n<span class=\"wpcf7-form-control-wrap\" data-name=\"your-name\"><input size=\"40\" class=\"wpcf7-form-control wpcf7-text wpcf7-validates-as-required\" aria-required=\"true\" aria-invalid=\"false\" value=\"\" type=\"text\" name=\"your-name\" \/><\/span> <\/label>\n<\/p>\n<p><label> Tu correo electr\u00f3nico (requerido)<br \/>\n<span class=\"wpcf7-form-control-wrap\" data-name=\"your-email\"><input size=\"40\" class=\"wpcf7-form-control wpcf7-text wpcf7-email wpcf7-validates-as-required wpcf7-validates-as-email\" aria-required=\"true\" aria-invalid=\"false\" value=\"\" type=\"email\" name=\"your-email\" \/><\/span> <\/label>\n<\/p>\n<p><label> Pa\u00eds<br \/>\n<span class=\"wpcf7-form-control-wrap\" data-name=\"pais\"><select class=\"wpcf7-form-control wpcf7-select\" aria-invalid=\"false\" name=\"pais\"><option value=\"\">&#8212;Please choose an option&#8212;<\/option><option value=\"Antigua y Barbuda\">Antigua y Barbuda<\/option><option value=\"Argentina\">Argentina<\/option><option value=\"Bahamas\">Bahamas<\/option><option value=\"Barbados\">Barbados<\/option><option value=\"Belice\">Belice<\/option><option value=\"Bolivia\">Bolivia<\/option><option value=\"Brasil\">Brasil<\/option><option value=\"Canad\u00e1\">Canad\u00e1<\/option><option value=\"Costa Rica\">Costa Rica<\/option><option value=\"Colombia\">Colombia<\/option><option value=\"Cuba\">Cuba<\/option><option value=\"Chile\">Chile<\/option><option value=\"Dominica\">Dominica<\/option><option value=\"Ecuador\">Ecuador<\/option><option value=\"El Salvador\">El Salvador<\/option><option value=\"Estados Unidos\">Estados Unidos<\/option><option value=\"Granada\">Granada<\/option><option value=\"Guatemala\">Guatemala<\/option><option value=\"Guyana\">Guyana<\/option><option value=\"Hait\u00ed\">Hait\u00ed<\/option><option value=\"Honduras\">Honduras<\/option><option value=\"Jamaica\">Jamaica<\/option><option value=\"M\u00e9xico\">M\u00e9xico<\/option><option value=\"Nicaragua\">Nicaragua<\/option><option value=\"Rep\u00fablica Dominicana\">Rep\u00fablica Dominicana<\/option><option value=\"San Crist\u00f3bal\">San Crist\u00f3bal<\/option><option value=\"Santa Lucia\">Santa Lucia<\/option><option value=\"San Vicente y Las Granadinas\">San Vicente y Las Granadinas<\/option><option value=\"Surinam\">Surinam<\/option><option value=\"Trinidad y Tobago\">Trinidad y Tobago<\/option><option value=\"Panam\u00e1\">Panam\u00e1<\/option><option value=\"Paraguay\">Paraguay<\/option><option value=\"Per\u00fa\">Per\u00fa<\/option><option value=\"Uruguay\">Uruguay<\/option><option value=\"Venezuela\">Venezuela<\/option><\/select><\/span> <\/label>\n<\/p>\n<p><label> Empresa<br \/>\n<span class=\"wpcf7-form-control-wrap\" data-name=\"empresa\"><input size=\"40\" class=\"wpcf7-form-control wpcf7-text\" aria-invalid=\"false\" value=\"\" type=\"text\" name=\"empresa\" \/><\/span> <\/label>\n<\/p>\n<p><label> Producto (requerido)<br \/>\n<span class=\"wpcf7-form-control-wrap\" data-name=\"producto\"><select class=\"wpcf7-form-control wpcf7-select\" aria-invalid=\"false\" name=\"producto\"><option value=\"\">&#8212;Please choose an option&#8212;<\/option><option value=\"Bioseguridad\">Bioseguridad<\/option><option value=\"Comederos y bebederos\">Comederos y bebederos<\/option><option value=\"Cerdo\">Cerdo<\/option><option value=\"DET 6500\">DET 6500<\/option><option value=\"Empacadoras y clasificadoras\">Empacadoras y clasificadoras<\/option><option value=\"Empaque y transportaci\u00f3n de huevo\">Empaque y transportaci\u00f3n de huevo<\/option><option value=\"Exhibidores y estanteria\">Exhibidores y estanteria<\/option><option value=\"Galeras av\u00edcolas\">Galeras av\u00edcolas<\/option><option value=\"Generadores de calor\">Generadores de calor<\/option><option value=\"Jaulas crianza-levante\">Jaulas crianza-levante<\/option><option value=\"Jaula postura manual\">Jaula postura manual<\/option><option value=\"Jaula postura autom\u00e1tica\">Jaula postura autom\u00e1tica<\/option><option value=\"L\u00e1minas de PVC\">L\u00e1minas de PVC<\/option><option value=\"Lavadora de huevo\">Lavadora de huevo<\/option><option value=\"M\u00e1quinas de Composta\">M\u00e1quinas de Composta<\/option><option value=\"Mix de productos\">Mix de productos<\/option><option value=\"T\u00fanel Sanitizador\">T\u00fanel Sanitizador<\/option><option value=\"Pollo\">Pollo<\/option><option value=\"Silos\">Silos<\/option><\/select><\/span><\/label>\n<\/p>\n<p><label> Tel\u00e9fono (requerido)<br \/>\n<span class=\"wpcf7-form-control-wrap\" data-name=\"tel\"><input size=\"40\" class=\"wpcf7-form-control wpcf7-text wpcf7-tel wpcf7-validates-as-tel\" aria-invalid=\"false\" value=\"\" type=\"tel\" name=\"tel\" \/><\/span> <\/label>\n<\/p>\n<p><input class=\"wpcf7-form-control has-spinner wpcf7-submit\" type=\"submit\" value=\"Enviarme informaci\u00f3n\" \/>\n<\/p><div class=\"wpcf7-response-output\" aria-hidden=\"true\"><\/div><\/form><\/div>\r\n\r\n<\/div><\/div><\/ul>\n<\/div><\/div>\n\n<style scope=\"scope\">\n\n<\/style>\n<\/div>\n","protected":false},"excerpt":{"rendered":"","protected":false},"author":1,"featured_media":0,"parent":0,"menu_order":0,"comment_status":"closed","ping_status":"closed","template":"page-blank.php","meta":[],"yoast_head":"<!-- This site is optimized with the Yoast SEO plugin v20.0 - https:\/\/yoast.com\/wordpress\/plugins\/seo\/ -->\n<title>Bioseguridad - Avicab<\/title>\n<meta name=\"robots\" content=\"index, follow, max-snippet:-1, max-image-preview:large, max-video-preview:-1\" \/>\n<link rel=\"canonical\" href=\"https:\/\/www.avicab.com\/h\/bioseguridad\/\" \/>\n<meta property=\"og:locale\" content=\"es_ES\" \/>\n<meta property=\"og:type\" content=\"article\" \/>\n<meta property=\"og:title\" content=\"Bioseguridad - Avicab\" \/>\n<meta property=\"og:url\" content=\"https:\/\/www.avicab.com\/h\/bioseguridad\/\" \/>\n<meta property=\"og:site_name\" content=\"Avicab\" \/>\n<meta property=\"article:publisher\" content=\"https:\/\/www.facebook.com\/Avicab\/\" \/>\n<meta property=\"article:modified_time\" content=\"2020-04-07T20:40:54+00:00\" \/>\n<meta name=\"twitter:card\" content=\"summary_large_image\" \/>\n<meta name=\"twitter:site\" content=\"@Avicab_\" \/>\n<meta name=\"twitter:label1\" content=\"Tiempo de lectura\" \/>\n\t<meta name=\"twitter:data1\" content=\"1 minuto\" \/>\n<script type=\"application\/ld+json\" class=\"yoast-schema-graph\">{\"@context\":\"https:\/\/schema.org\",\"@graph\":[{\"@type\":\"WebPage\",\"@id\":\"https:\/\/www.avicab.com\/h\/bioseguridad\/\",\"url\":\"https:\/\/www.avicab.com\/h\/bioseguridad\/\",\"name\":\"Bioseguridad - Avicab\",\"isPartOf\":{\"@id\":\"https:\/\/www.avicab.com\/h\/#website\"},\"datePublished\":\"2018-05-17T17:17:03+00:00\",\"dateModified\":\"2020-04-07T20:40:54+00:00\",\"breadcrumb\":{\"@id\":\"https:\/\/www.avicab.com\/h\/bioseguridad\/#breadcrumb\"},\"inLanguage\":\"es\",\"potentialAction\":[{\"@type\":\"ReadAction\",\"target\":[\"https:\/\/www.avicab.com\/h\/bioseguridad\/\"]}]},{\"@type\":\"BreadcrumbList\",\"@id\":\"https:\/\/www.avicab.com\/h\/bioseguridad\/#breadcrumb\",\"itemListElement\":[{\"@type\":\"ListItem\",\"position\":1,\"name\":\"Portada\",\"item\":\"https:\/\/www.avicab.com\/h\/\"},{\"@type\":\"ListItem\",\"position\":2,\"name\":\"Bioseguridad\"}]},{\"@type\":\"WebSite\",\"@id\":\"https:\/\/www.avicab.com\/h\/#website\",\"url\":\"https:\/\/www.avicab.com\/h\/\",\"name\":\"Avicab\",\"description\":\"Poultry Solutions\",\"potentialAction\":[{\"@type\":\"SearchAction\",\"target\":{\"@type\":\"EntryPoint\",\"urlTemplate\":\"https:\/\/www.avicab.com\/h\/?s={search_term_string}\"},\"query-input\":\"required name=search_term_string\"}],\"inLanguage\":\"es\"}]}<\/script>\n<!-- \/ Yoast SEO plugin. -->","yoast_head_json":{"title":"Bioseguridad - Avicab","robots":{"index":"index","follow":"follow","max-snippet":"max-snippet:-1","max-image-preview":"max-image-preview:large","max-video-preview":"max-video-preview:-1"},"canonical":"https:\/\/www.avicab.com\/h\/bioseguridad\/","og_locale":"es_ES","og_type":"article","og_title":"Bioseguridad - Avicab","og_url":"https:\/\/www.avicab.com\/h\/bioseguridad\/","og_site_name":"Avicab","article_publisher":"https:\/\/www.facebook.com\/Avicab\/","article_modified_time":"2020-04-07T20:40:54+00:00","twitter_card":"summary_large_image","twitter_site":"@Avicab_","twitter_misc":{"Tiempo de lectura":"1 minuto"},"schema":{"@context":"https:\/\/schema.org","@graph":[{"@type":"WebPage","@id":"https:\/\/www.avicab.com\/h\/bioseguridad\/","url":"https:\/\/www.avicab.com\/h\/bioseguridad\/","name":"Bioseguridad - Avicab","isPartOf":{"@id":"https:\/\/www.avicab.com\/h\/#website"},"datePublished":"2018-05-17T17:17:03+00:00","dateModified":"2020-04-07T20:40:54+00:00","breadcrumb":{"@id":"https:\/\/www.avicab.com\/h\/bioseguridad\/#breadcrumb"},"inLanguage":"es","potentialAction":[{"@type":"ReadAction","target":["https:\/\/www.avicab.com\/h\/bioseguridad\/"]}]},{"@type":"BreadcrumbList","@id":"https:\/\/www.avicab.com\/h\/bioseguridad\/#breadcrumb","itemListElement":[{"@type":"ListItem","position":1,"name":"Portada","item":"https:\/\/www.avicab.com\/h\/"},{"@type":"ListItem","position":2,"name":"Bioseguridad"}]},{"@type":"WebSite","@id":"https:\/\/www.avicab.com\/h\/#website","url":"https:\/\/www.avicab.com\/h\/","name":"Avicab","description":"Poultry Solutions","potentialAction":[{"@type":"SearchAction","target":{"@type":"EntryPoint","urlTemplate":"https:\/\/www.avicab.com\/h\/?s={search_term_string}"},"query-input":"required name=search_term_string"}],"inLanguage":"es"}]}},"_links":{"self":[{"href":"https:\/\/www.avicab.com\/h\/wp-json\/wp\/v2\/pages\/721"}],"collection":[{"href":"https:\/\/www.avicab.com\/h\/wp-json\/wp\/v2\/pages"}],"about":[{"href":"https:\/\/www.avicab.com\/h\/wp-json\/wp\/v2\/types\/page"}],"author":[{"embeddable":true,"href":"https:\/\/www.avicab.com\/h\/wp-json\/wp\/v2\/users\/1"}],"replies":[{"embeddable":true,"href":"https:\/\/www.avicab.com\/h\/wp-json\/wp\/v2\/comments?post=721"}],"version-history":[{"count":3,"href":"https:\/\/www.avicab.com\/h\/wp-json\/wp\/v2\/pages\/721\/revisions"}],"predecessor-version":[{"id":729,"href":"https:\/\/www.avicab.com\/h\/wp-json\/wp\/v2\/pages\/721\/revisions\/729"}],"wp:attachment":[{"href":"https:\/\/www.avicab.com\/h\/wp-json\/wp\/v2\/media?parent=721"}],"curies":[{"name":"wp","href":"https:\/\/api.w.org\/{rel}","templated":true}]}}