{"id":421,"date":"2018-04-18T16:45:57","date_gmt":"2018-04-18T16:45:57","guid":{"rendered":"http:\/\/www.avicab.com\/h\/?page_id=421"},"modified":"2022-11-11T05:14:03","modified_gmt":"2022-11-11T05:14:03","slug":"det-6000","status":"publish","type":"page","link":"https:\/\/www.avicab.com\/h\/det-6000\/","title":{"rendered":"DET 6500"},"content":{"rendered":"<div class=\"row row-large row-full-width\"  id=\"row-861034317\">\n<div class=\"col medium-9 small-12 large-9\"  ><div class=\"col-inner\" style=\"padding:0px 40px 0px 25px;\" >\n<h1>Medidor digital de huevo.<\/h1>\n<p>\u00bfSab\u00edas que en tan solo 17 segundos tienes grandes beneficios?<\/p>\n<p>Peso del Huevo<br \/>\nDureza del cascar\u00f3n<br \/>\nUnidad de medida Haugh<br \/>\nColor de yema<br \/>\n\u00cdndice de la yema<\/p>\n<h3>Beneficios:<\/h3>\n<p>Con nuestro equipo se obtienen grandes ventajas en una sola m\u00e1quina sin necesidad de adquirir otras tecnolog\u00edas<\/p>\n<p>Es una m\u00e1quina compacta capaz de obtener muchos resultados (60cm*48cm*40cm)<br \/>\nLa medici\u00f3n de la altura de la albumina se hace a trav\u00e9s de un rayo paralelo haciendo la medici\u00f3n m\u00e1s exacta<br \/>\nEl huevo roto que se coloca en la bandeja, no se mover\u00e1<\/p>\n<p>Los datos se ver\u00e1n reflejados en el display y se podr\u00e1n pasar a un computadora a trav\u00e9s de USB<\/p>\n<h3>Utilizada principalmente:<\/h3>\n<p>Granjas Av\u00edcolas: Para medir la calidad del huevo y la salud del ave<\/p>\n<p>Productores de Alimento: Para la mejora continua del alimento, dando como resultado grandes beneficios en la calidad del huevo<\/p>\n<p>Universidades e instituciones de Investigaci\u00f3n: Para realizar alg\u00fan estudio sobre la ciencia av\u00edcola<\/p>\n<div class=\"video video-fit mb box-shadow-4\" style=\"padding-top:52%;\"><p><iframe loading=\"lazy\" title=\"DET 6500 Equipo Digital para detectar la frescura y calidad del Huevo \ud83e\udd5a\u2705\ud83d\udc14\" width=\"1020\" height=\"574\" src=\"https:\/\/www.youtube.com\/embed\/8Jh3Wh1mehY?feature=oembed\" frameborder=\"0\" allow=\"accelerometer; autoplay; clipboard-write; encrypted-media; gyroscope; picture-in-picture\" allowfullscreen><\/iframe><\/p>\n<\/div>\n  <div class=\"banner-grid-wrapper\">\n  <div id=\"banner-grid-266494351\" class=\"banner-grid row row-grid row-small\" data-packery-options=\"\">\n                      \n<div class=\"col grid-col large-6 grid-col-1-2\" ><div class=\"col-inner\">\n    <div class=\"img has-hover x md-x lg-x y md-y lg-y\" id=\"image_23358454\">\n    <a class=\"image-lightbox lightbox-gallery\" href=\"https:\/\/www.avicab.com\/h\/wp-content\/uploads\/2018\/04\/det-6000-avicab-860x800.png\" title=\"\">            <div class=\"img-inner image-zoom image-cover dark\" style=\"padding-top:100%;\">\n        <img width=\"860\" height=\"800\" src=\"https:\/\/www.avicab.com\/h\/wp-content\/uploads\/2018\/04\/det-6000-avicab-860x800.png\" class=\"attachment-large size-large\" alt=\"\" decoding=\"async\" loading=\"lazy\" srcset=\"https:\/\/www.avicab.com\/h\/wp-content\/uploads\/2018\/04\/det-6000-avicab-860x800.png 860w, https:\/\/www.avicab.com\/h\/wp-content\/uploads\/2018\/04\/det-6000-avicab-430x400.png 430w, https:\/\/www.avicab.com\/h\/wp-content\/uploads\/2018\/04\/det-6000-avicab-768x714.png 768w, https:\/\/www.avicab.com\/h\/wp-content\/uploads\/2018\/04\/det-6000-avicab.png 913w\" sizes=\"(max-width: 860px) 100vw, 860px\" \/>                \n            <\/div>\n            <\/a>       \n<style scope=\"scope\">\n\n<\/style>\n    <\/div>\n    \n<\/div><\/div>\n<div class=\"col grid-col large-6 grid-col-3-4\" ><div class=\"col-inner\">\n    <div class=\"img has-hover x md-x lg-x y md-y lg-y\" id=\"image_1360473284\">\n    <a class=\"image-lightbox lightbox-gallery\" href=\"https:\/\/www.avicab.com\/h\/wp-content\/uploads\/2018\/04\/Yema-DET6000-AVICAB.jpg\" title=\"\">            <div class=\"img-inner image-zoom image-cover dark\" style=\"padding-top:200%;\">\n        <img width=\"694\" height=\"696\" src=\"https:\/\/www.avicab.com\/h\/wp-content\/uploads\/2018\/04\/Yema-DET6000-AVICAB.jpg\" class=\"attachment-large size-large\" alt=\"\" decoding=\"async\" loading=\"lazy\" srcset=\"https:\/\/www.avicab.com\/h\/wp-content\/uploads\/2018\/04\/Yema-DET6000-AVICAB.jpg 694w, https:\/\/www.avicab.com\/h\/wp-content\/uploads\/2018\/04\/Yema-DET6000-AVICAB-280x280.jpg 280w, https:\/\/www.avicab.com\/h\/wp-content\/uploads\/2018\/04\/Yema-DET6000-AVICAB-399x400.jpg 399w\" sizes=\"(max-width: 694px) 100vw, 694px\" \/>                \n            <\/div>\n            <\/a>       \n<style scope=\"scope\">\n\n<\/style>\n    <\/div>\n    \n<\/div><\/div>\n<div class=\"col grid-col large-6 grid-col-2-3\" ><div class=\"col-inner\">\n    <div class=\"img has-hover x md-x lg-x y md-y lg-y\" id=\"image_1956485879\">\n    <a class=\"image-lightbox lightbox-gallery\" href=\"https:\/\/www.avicab.com\/h\/wp-content\/uploads\/2018\/04\/Dureza-del-cascar\u00f3n-AVICAB.jpg\" title=\"\">            <div class=\"img-inner image-zoom image-cover dark\" style=\"padding-top:200%;\">\n        <img width=\"696\" height=\"702\" src=\"https:\/\/www.avicab.com\/h\/wp-content\/uploads\/2018\/04\/Dureza-del-cascar\u00f3n-AVICAB.jpg\" class=\"attachment-large size-large\" alt=\"\" decoding=\"async\" loading=\"lazy\" srcset=\"https:\/\/www.avicab.com\/h\/wp-content\/uploads\/2018\/04\/Dureza-del-cascar\u00f3n-AVICAB.jpg 696w, https:\/\/www.avicab.com\/h\/wp-content\/uploads\/2018\/04\/Dureza-del-cascar\u00f3n-AVICAB-397x400.jpg 397w\" sizes=\"(max-width: 696px) 100vw, 696px\" \/>                \n            <\/div>\n            <\/a>       \n<style scope=\"scope\">\n\n<\/style>\n    <\/div>\n    \n<\/div><\/div>\n<div class=\"col grid-col large-6 grid-col-2-3\" ><div class=\"col-inner\">\n    <div class=\"img has-hover x md-x lg-x y md-y lg-y\" id=\"image_458087405\">\n    <a class=\"image-lightbox lightbox-gallery\" href=\"https:\/\/www.avicab.com\/h\/wp-content\/uploads\/2018\/04\/Peso-DET6000-AVICAB.jpg\" title=\"\">            <div class=\"img-inner image-zoom dark\" >\n        <img width=\"696\" height=\"704\" src=\"https:\/\/www.avicab.com\/h\/wp-content\/uploads\/2018\/04\/Peso-DET6000-AVICAB.jpg\" class=\"attachment-large size-large\" alt=\"\" decoding=\"async\" loading=\"lazy\" srcset=\"https:\/\/www.avicab.com\/h\/wp-content\/uploads\/2018\/04\/Peso-DET6000-AVICAB.jpg 696w, https:\/\/www.avicab.com\/h\/wp-content\/uploads\/2018\/04\/Peso-DET6000-AVICAB-395x400.jpg 395w\" sizes=\"(max-width: 696px) 100vw, 696px\" \/>                \n            <\/div>\n            <\/a>       \n<style scope=\"scope\">\n\n<\/style>\n    <\/div>\n    \n<\/div><\/div>\n<div class=\"col grid-col large-6 grid-col-1-4\" ><div class=\"col-inner\">\n    <div class=\"img has-hover x md-x lg-x y md-y lg-y\" id=\"image_1568310124\">\n    <a class=\"image-lightbox lightbox-gallery\" href=\"https:\/\/www.avicab.com\/h\/wp-content\/uploads\/2018\/04\/det-6000-nabel-avicab.jpg\" title=\"\">            <div class=\"img-inner image-zoom dark\" >\n        <img width=\"800\" height=\"254\" src=\"https:\/\/www.avicab.com\/h\/wp-content\/uploads\/2018\/04\/det-6000-nabel-avicab.jpg\" class=\"attachment-large size-large\" alt=\"\" decoding=\"async\" loading=\"lazy\" srcset=\"https:\/\/www.avicab.com\/h\/wp-content\/uploads\/2018\/04\/det-6000-nabel-avicab.jpg 800w, https:\/\/www.avicab.com\/h\/wp-content\/uploads\/2018\/04\/det-6000-nabel-avicab-768x244.jpg 768w\" sizes=\"(max-width: 800px) 100vw, 800px\" \/>                \n            <\/div>\n            <\/a>       \n<style scope=\"scope\">\n\n<\/style>\n    <\/div>\n    \n<\/div><\/div>\n            <\/div><!-- .banner-grid .row .grid -->\n    <style scope=\"scope\">\n    #banner-grid-266494351 .grid-col-1{height: 600px}\n    #banner-grid-266494351 .grid-col-1-2{height: 300px}\n    #banner-grid-266494351 .grid-col-1-3{height:200px}\n    #banner-grid-266494351 .grid-col-2-3{height: 400px}\n    #banner-grid-266494351 .grid-col-1-4{height: 150px}\n    #banner-grid-266494351 .grid-col-3-4{height: 450px}\n\n    \n      <\/style>\n    <\/div><!-- .banner-grid-wrapper -->\n  \n<a href=\"https:\/\/digitaleggtester.com\/es\/\" target=\"_blank\" class=\"button primary\"  style=\"border-radius:99px;\">\n    <span>\u00bfquieres saber m\u00e1s?<\/span>\n  <\/a>\n\n<\/div><\/div>\n<div class=\"col medium-3 small-12 large-3\"  ><div class=\"col-inner text-left\"  >\n<ul class=\"sidebar-wrapper ul-reset \"><div id=\"custom_html-2\" class=\"widget_text widget widget_custom_html\"><div class=\"textwidget custom-html-widget\"><div class=\"wpcf7 no-js\" id=\"wpcf7-f458-o1\" lang=\"es-ES\" dir=\"ltr\">\n<div class=\"screen-reader-response\"><p role=\"status\" aria-live=\"polite\" aria-atomic=\"true\"><\/p> <ul><\/ul><\/div>\n<form action=\"\/h\/wp-json\/wp\/v2\/pages\/421#wpcf7-f458-o1\" method=\"post\" class=\"wpcf7-form init cf7-style cf7-style-603\" aria-label=\"Contact form\" novalidate=\"novalidate\" data-status=\"init\">\n<div style=\"display: none;\">\n<input type=\"hidden\" name=\"_wpcf7\" value=\"458\" \/>\n<input type=\"hidden\" name=\"_wpcf7_version\" value=\"5.7.2\" \/>\n<input type=\"hidden\" name=\"_wpcf7_locale\" value=\"es_ES\" \/>\n<input type=\"hidden\" name=\"_wpcf7_unit_tag\" value=\"wpcf7-f458-o1\" \/>\n<input type=\"hidden\" name=\"_wpcf7_container_post\" value=\"0\" \/>\n<input type=\"hidden\" name=\"_wpcf7_posted_data_hash\" value=\"\" \/>\n<\/div>\n<p><label> Nombre (requerido)<br \/>\n<span class=\"wpcf7-form-control-wrap\" data-name=\"your-name\"><input size=\"40\" class=\"wpcf7-form-control wpcf7-text wpcf7-validates-as-required\" aria-required=\"true\" aria-invalid=\"false\" value=\"\" type=\"text\" name=\"your-name\" \/><\/span> <\/label>\n<\/p>\n<p><label> Tu correo electr\u00f3nico (requerido)<br \/>\n<span class=\"wpcf7-form-control-wrap\" data-name=\"your-email\"><input size=\"40\" class=\"wpcf7-form-control wpcf7-text wpcf7-email wpcf7-validates-as-required wpcf7-validates-as-email\" aria-required=\"true\" aria-invalid=\"false\" value=\"\" type=\"email\" name=\"your-email\" \/><\/span> <\/label>\n<\/p>\n<p><label> Pa\u00eds<br \/>\n<span class=\"wpcf7-form-control-wrap\" data-name=\"pais\"><select class=\"wpcf7-form-control wpcf7-select\" aria-invalid=\"false\" name=\"pais\"><option value=\"\">&#8212;Please choose an option&#8212;<\/option><option value=\"Antigua y Barbuda\">Antigua y Barbuda<\/option><option value=\"Argentina\">Argentina<\/option><option value=\"Bahamas\">Bahamas<\/option><option value=\"Barbados\">Barbados<\/option><option value=\"Belice\">Belice<\/option><option value=\"Bolivia\">Bolivia<\/option><option value=\"Brasil\">Brasil<\/option><option value=\"Canad\u00e1\">Canad\u00e1<\/option><option value=\"Costa Rica\">Costa Rica<\/option><option value=\"Colombia\">Colombia<\/option><option value=\"Cuba\">Cuba<\/option><option value=\"Chile\">Chile<\/option><option value=\"Dominica\">Dominica<\/option><option value=\"Ecuador\">Ecuador<\/option><option value=\"El Salvador\">El Salvador<\/option><option value=\"Estados Unidos\">Estados Unidos<\/option><option value=\"Granada\">Granada<\/option><option value=\"Guatemala\">Guatemala<\/option><option value=\"Guyana\">Guyana<\/option><option value=\"Hait\u00ed\">Hait\u00ed<\/option><option value=\"Honduras\">Honduras<\/option><option value=\"Jamaica\">Jamaica<\/option><option value=\"M\u00e9xico\">M\u00e9xico<\/option><option value=\"Nicaragua\">Nicaragua<\/option><option value=\"Rep\u00fablica Dominicana\">Rep\u00fablica Dominicana<\/option><option value=\"San Crist\u00f3bal\">San Crist\u00f3bal<\/option><option value=\"Santa Lucia\">Santa Lucia<\/option><option value=\"San Vicente y Las Granadinas\">San Vicente y Las Granadinas<\/option><option value=\"Surinam\">Surinam<\/option><option value=\"Trinidad y Tobago\">Trinidad y Tobago<\/option><option value=\"Panam\u00e1\">Panam\u00e1<\/option><option value=\"Paraguay\">Paraguay<\/option><option value=\"Per\u00fa\">Per\u00fa<\/option><option value=\"Uruguay\">Uruguay<\/option><option value=\"Venezuela\">Venezuela<\/option><\/select><\/span> <\/label>\n<\/p>\n<p><label> Empresa<br \/>\n<span class=\"wpcf7-form-control-wrap\" data-name=\"empresa\"><input size=\"40\" class=\"wpcf7-form-control wpcf7-text\" aria-invalid=\"false\" value=\"\" type=\"text\" name=\"empresa\" \/><\/span> <\/label>\n<\/p>\n<p><label> Producto (requerido)<br \/>\n<span class=\"wpcf7-form-control-wrap\" data-name=\"producto\"><select class=\"wpcf7-form-control wpcf7-select\" aria-invalid=\"false\" name=\"producto\"><option value=\"\">&#8212;Please choose an option&#8212;<\/option><option value=\"Bioseguridad\">Bioseguridad<\/option><option value=\"Comederos y bebederos\">Comederos y bebederos<\/option><option value=\"Cerdo\">Cerdo<\/option><option value=\"DET 6500\">DET 6500<\/option><option value=\"Empacadoras y clasificadoras\">Empacadoras y clasificadoras<\/option><option value=\"Empaque y transportaci\u00f3n de huevo\">Empaque y transportaci\u00f3n de huevo<\/option><option value=\"Exhibidores y estanteria\">Exhibidores y estanteria<\/option><option value=\"Galeras av\u00edcolas\">Galeras av\u00edcolas<\/option><option value=\"Generadores de calor\">Generadores de calor<\/option><option value=\"Jaulas crianza-levante\">Jaulas crianza-levante<\/option><option value=\"Jaula postura manual\">Jaula postura manual<\/option><option value=\"Jaula postura autom\u00e1tica\">Jaula postura autom\u00e1tica<\/option><option value=\"L\u00e1minas de PVC\">L\u00e1minas de PVC<\/option><option value=\"Lavadora de huevo\">Lavadora de huevo<\/option><option value=\"M\u00e1quinas de Composta\">M\u00e1quinas de Composta<\/option><option value=\"Mix de productos\">Mix de productos<\/option><option value=\"T\u00fanel Sanitizador\">T\u00fanel Sanitizador<\/option><option value=\"Pollo\">Pollo<\/option><option value=\"Silos\">Silos<\/option><\/select><\/span><\/label>\n<\/p>\n<p><label> Tel\u00e9fono (requerido)<br \/>\n<span class=\"wpcf7-form-control-wrap\" data-name=\"tel\"><input size=\"40\" class=\"wpcf7-form-control wpcf7-text wpcf7-tel wpcf7-validates-as-tel\" aria-invalid=\"false\" value=\"\" type=\"tel\" name=\"tel\" \/><\/span> <\/label>\n<\/p>\n<p><input class=\"wpcf7-form-control has-spinner wpcf7-submit\" type=\"submit\" value=\"Enviarme informaci\u00f3n\" \/>\n<\/p><div class=\"wpcf7-response-output\" aria-hidden=\"true\"><\/div><\/form><\/div>\r\n\r\n<\/div><\/div><\/ul>\n<\/div><\/div>\n\n<style scope=\"scope\">\n\n<\/style>\n<\/div>\n","protected":false},"excerpt":{"rendered":"","protected":false},"author":1,"featured_media":0,"parent":0,"menu_order":0,"comment_status":"closed","ping_status":"closed","template":"page-blank.php","meta":[],"yoast_head":"<!-- This site is optimized with the Yoast SEO plugin v20.0 - https:\/\/yoast.com\/wordpress\/plugins\/seo\/ -->\n<title>DET 6500 - Avicab<\/title>\n<meta name=\"description\" content=\"La DET 6500 es una maquina medidora est\u00e1ndar a nivel mundial capaz de determinar Peso del Huevo, Dureza del cascar\u00f3n, Unidad de medida Haugh, Color de yema e \u00cdndice de la yema. En tan solo 17 segundos obtendr\u00e1s grandes beneficios...\" \/>\n<meta name=\"robots\" content=\"index, follow, max-snippet:-1, max-image-preview:large, max-video-preview:-1\" \/>\n<link rel=\"canonical\" href=\"https:\/\/www.avicab.com\/h\/det-6000\/\" \/>\n<meta property=\"og:locale\" content=\"es_ES\" \/>\n<meta property=\"og:type\" content=\"article\" \/>\n<meta property=\"og:title\" content=\"DET 6500 - Avicab\" \/>\n<meta property=\"og:description\" content=\"La DET 6500 es una maquina medidora est\u00e1ndar a nivel mundial capaz de determinar Peso del Huevo, Dureza del cascar\u00f3n, Unidad de medida Haugh, Color de yema e \u00cdndice de la yema. En tan solo 17 segundos obtendr\u00e1s grandes beneficios...\" \/>\n<meta property=\"og:url\" content=\"https:\/\/www.avicab.com\/h\/det-6000\/\" \/>\n<meta property=\"og:site_name\" content=\"Avicab\" \/>\n<meta property=\"article:publisher\" content=\"https:\/\/www.facebook.com\/Avicab\/\" \/>\n<meta property=\"article:modified_time\" content=\"2022-11-11T05:14:03+00:00\" \/>\n<meta name=\"twitter:card\" content=\"summary_large_image\" \/>\n<meta name=\"twitter:site\" content=\"@Avicab_\" \/>\n<meta name=\"twitter:label1\" content=\"Tiempo de lectura\" \/>\n\t<meta name=\"twitter:data1\" content=\"2 minutos\" \/>\n<script type=\"application\/ld+json\" class=\"yoast-schema-graph\">{\"@context\":\"https:\/\/schema.org\",\"@graph\":[{\"@type\":\"WebPage\",\"@id\":\"https:\/\/www.avicab.com\/h\/det-6000\/\",\"url\":\"https:\/\/www.avicab.com\/h\/det-6000\/\",\"name\":\"DET 6500 - Avicab\",\"isPartOf\":{\"@id\":\"https:\/\/www.avicab.com\/h\/#website\"},\"datePublished\":\"2018-04-18T16:45:57+00:00\",\"dateModified\":\"2022-11-11T05:14:03+00:00\",\"description\":\"La DET 6500 es una maquina medidora est\u00e1ndar a nivel mundial capaz de determinar Peso del Huevo, Dureza del cascar\u00f3n, Unidad de medida Haugh, Color de yema e \u00cdndice de la yema. En tan solo 17 segundos obtendr\u00e1s grandes beneficios...\",\"breadcrumb\":{\"@id\":\"https:\/\/www.avicab.com\/h\/det-6000\/#breadcrumb\"},\"inLanguage\":\"es\",\"potentialAction\":[{\"@type\":\"ReadAction\",\"target\":[\"https:\/\/www.avicab.com\/h\/det-6000\/\"]}]},{\"@type\":\"BreadcrumbList\",\"@id\":\"https:\/\/www.avicab.com\/h\/det-6000\/#breadcrumb\",\"itemListElement\":[{\"@type\":\"ListItem\",\"position\":1,\"name\":\"Portada\",\"item\":\"https:\/\/www.avicab.com\/h\/\"},{\"@type\":\"ListItem\",\"position\":2,\"name\":\"DET 6500\"}]},{\"@type\":\"WebSite\",\"@id\":\"https:\/\/www.avicab.com\/h\/#website\",\"url\":\"https:\/\/www.avicab.com\/h\/\",\"name\":\"Avicab\",\"description\":\"Poultry Solutions\",\"potentialAction\":[{\"@type\":\"SearchAction\",\"target\":{\"@type\":\"EntryPoint\",\"urlTemplate\":\"https:\/\/www.avicab.com\/h\/?s={search_term_string}\"},\"query-input\":\"required name=search_term_string\"}],\"inLanguage\":\"es\"}]}<\/script>\n<!-- \/ Yoast SEO plugin. -->","yoast_head_json":{"title":"DET 6500 - Avicab","description":"La DET 6500 es una maquina medidora est\u00e1ndar a nivel mundial capaz de determinar Peso del Huevo, Dureza del cascar\u00f3n, Unidad de medida Haugh, Color de yema e \u00cdndice de la yema. En tan solo 17 segundos obtendr\u00e1s grandes beneficios...","robots":{"index":"index","follow":"follow","max-snippet":"max-snippet:-1","max-image-preview":"max-image-preview:large","max-video-preview":"max-video-preview:-1"},"canonical":"https:\/\/www.avicab.com\/h\/det-6000\/","og_locale":"es_ES","og_type":"article","og_title":"DET 6500 - Avicab","og_description":"La DET 6500 es una maquina medidora est\u00e1ndar a nivel mundial capaz de determinar Peso del Huevo, Dureza del cascar\u00f3n, Unidad de medida Haugh, Color de yema e \u00cdndice de la yema. En tan solo 17 segundos obtendr\u00e1s grandes beneficios...","og_url":"https:\/\/www.avicab.com\/h\/det-6000\/","og_site_name":"Avicab","article_publisher":"https:\/\/www.facebook.com\/Avicab\/","article_modified_time":"2022-11-11T05:14:03+00:00","twitter_card":"summary_large_image","twitter_site":"@Avicab_","twitter_misc":{"Tiempo de lectura":"2 minutos"},"schema":{"@context":"https:\/\/schema.org","@graph":[{"@type":"WebPage","@id":"https:\/\/www.avicab.com\/h\/det-6000\/","url":"https:\/\/www.avicab.com\/h\/det-6000\/","name":"DET 6500 - Avicab","isPartOf":{"@id":"https:\/\/www.avicab.com\/h\/#website"},"datePublished":"2018-04-18T16:45:57+00:00","dateModified":"2022-11-11T05:14:03+00:00","description":"La DET 6500 es una maquina medidora est\u00e1ndar a nivel mundial capaz de determinar Peso del Huevo, Dureza del cascar\u00f3n, Unidad de medida Haugh, Color de yema e \u00cdndice de la yema. En tan solo 17 segundos obtendr\u00e1s grandes beneficios...","breadcrumb":{"@id":"https:\/\/www.avicab.com\/h\/det-6000\/#breadcrumb"},"inLanguage":"es","potentialAction":[{"@type":"ReadAction","target":["https:\/\/www.avicab.com\/h\/det-6000\/"]}]},{"@type":"BreadcrumbList","@id":"https:\/\/www.avicab.com\/h\/det-6000\/#breadcrumb","itemListElement":[{"@type":"ListItem","position":1,"name":"Portada","item":"https:\/\/www.avicab.com\/h\/"},{"@type":"ListItem","position":2,"name":"DET 6500"}]},{"@type":"WebSite","@id":"https:\/\/www.avicab.com\/h\/#website","url":"https:\/\/www.avicab.com\/h\/","name":"Avicab","description":"Poultry Solutions","potentialAction":[{"@type":"SearchAction","target":{"@type":"EntryPoint","urlTemplate":"https:\/\/www.avicab.com\/h\/?s={search_term_string}"},"query-input":"required name=search_term_string"}],"inLanguage":"es"}]}},"_links":{"self":[{"href":"https:\/\/www.avicab.com\/h\/wp-json\/wp\/v2\/pages\/421"}],"collection":[{"href":"https:\/\/www.avicab.com\/h\/wp-json\/wp\/v2\/pages"}],"about":[{"href":"https:\/\/www.avicab.com\/h\/wp-json\/wp\/v2\/types\/page"}],"author":[{"embeddable":true,"href":"https:\/\/www.avicab.com\/h\/wp-json\/wp\/v2\/users\/1"}],"replies":[{"embeddable":true,"href":"https:\/\/www.avicab.com\/h\/wp-json\/wp\/v2\/comments?post=421"}],"version-history":[{"count":51,"href":"https:\/\/www.avicab.com\/h\/wp-json\/wp\/v2\/pages\/421\/revisions"}],"predecessor-version":[{"id":1152,"href":"https:\/\/www.avicab.com\/h\/wp-json\/wp\/v2\/pages\/421\/revisions\/1152"}],"wp:attachment":[{"href":"https:\/\/www.avicab.com\/h\/wp-json\/wp\/v2\/media?parent=421"}],"curies":[{"name":"wp","href":"https:\/\/api.w.org\/{rel}","templated":true}]}}