{"id":358,"date":"2018-04-16T20:25:15","date_gmt":"2018-04-16T20:25:15","guid":{"rendered":"http:\/\/www.avicab.com\/h\/?page_id=358"},"modified":"2020-09-18T00:43:21","modified_gmt":"2020-09-18T00:43:21","slug":"jaulas-avicolas","status":"publish","type":"page","link":"https:\/\/www.avicab.com\/h\/jaulas-avicolas\/","title":{"rendered":"Jaulas av\u00edcolas"},"content":{"rendered":"<div class=\"row row-collapse row-full-width align-equal align-center\"  id=\"row-1106331220\">\n<div class=\"col small-12 large-12\"  ><div class=\"col-inner text-center box-shadow-2 text-shadow-1\"  >\n<div class=\"container section-title-container\" style=\"max-width:1068px;\"><h3 class=\"section-title section-title-bold-center\"><b><\/b><span class=\"section-title-main\" >Jaulas av\u00edcolas para crianza y postura<\/span><b><\/b><\/h3><\/div><!-- .section-title -->\n<\/div><\/div>\n\n<style scope=\"scope\">\n\n#row-1106331220 > .col > .col-inner {\n  padding: 0px 0px 0px 0px;\n}\n<\/style>\n<\/div>\n<div class=\"row align-equal align-center\"  id=\"row-77925785\">\n<div class=\"col medium-6 small-12 large-3\"  ><div class=\"col-inner\"  >\n<div class=\"row\"  id=\"row-1329295634\">\n<div class=\"col small-12 large-12\"  ><div class=\"col-inner\"  >\n    <div class=\"img has-hover x md-x lg-x y md-y lg-y\" id=\"image_858403372\">\n            <div data-animate=\"bounceIn\">    <div class=\"img-inner image-zoom box-shadow-2 dark\" >\n        <img width=\"280\" height=\"280\" src=\"https:\/\/www.avicab.com\/h\/wp-content\/uploads\/2018\/05\/jaula-de-iniciacion-y-desarrollo-avicab-_-6-e1526590617910-280x280.jpg\" class=\"attachment-thumbnail size-thumbnail\" alt=\"jaula de levante avicab _\" decoding=\"async\" loading=\"lazy\" srcset=\"https:\/\/www.avicab.com\/h\/wp-content\/uploads\/2018\/05\/jaula-de-iniciacion-y-desarrollo-avicab-_-6-e1526590617910-280x280.jpg 280w, https:\/\/www.avicab.com\/h\/wp-content\/uploads\/2018\/05\/jaula-de-iniciacion-y-desarrollo-avicab-_-6-e1526590617910-400x400.jpg 400w, https:\/\/www.avicab.com\/h\/wp-content\/uploads\/2018\/05\/jaula-de-iniciacion-y-desarrollo-avicab-_-6-e1526590617910-768x768.jpg 768w, https:\/\/www.avicab.com\/h\/wp-content\/uploads\/2018\/05\/jaula-de-iniciacion-y-desarrollo-avicab-_-6-e1526590617910-800x800.jpg 800w, https:\/\/www.avicab.com\/h\/wp-content\/uploads\/2018\/05\/jaula-de-iniciacion-y-desarrollo-avicab-_-6-e1526590617910.jpg 1209w\" sizes=\"(max-width: 280px) 100vw, 280px\" \/>                \n            <\/div>\n    <\/div>               \n<style scope=\"scope\">\n\n<\/style>\n    <\/div>\n    \n<h3>Jaulas de iniciaci\u00f3n y desarrollo av\u00edcola. (Jaulas de crianza-levante)<\/h3>\n<p><span style=\"font-size: 14.4px;\">Nuestra jaula de iniciaci\u00f3n y desarrollo esta dise\u00f1ada y fabricada tomando en cuenta investigaciones efectuadas en campo y gracias a la ayuda y colaboraci\u00f3n de nuestros amigos los avicultores.<\/span><\/p>\n<a href=\"http:\/\/www.avicab.com\/h\/jaulas-de-iniciacion-y-desarrollo\/\" target=\"_self\" class=\"button primary reveal-icon expand\"  >\n    <span>M\u00e1s informaci\u00f3n<\/span>\n  <i class=\"icon-angle-right\" ><\/i><\/a>\n\n<\/div><\/div>\n<\/div>\n<\/div><\/div>\n<div class=\"col medium-6 small-12 large-3\"  ><div class=\"col-inner\"  >\n<div class=\"row\"  id=\"row-1346351755\">\n<div class=\"col small-12 large-12\"  ><div class=\"col-inner\"  >\n    <div class=\"img has-hover x md-x lg-x y md-y lg-y\" id=\"image_1134555658\">\n            <div data-animate=\"bounceIn\">    <div class=\"img-inner image-zoom box-shadow-2 dark\" >\n        <img width=\"280\" height=\"280\" src=\"https:\/\/www.avicab.com\/h\/wp-content\/uploads\/2018\/04\/Gallina-Jaula-AVICAB-e1524697100776-280x280.jpg\" class=\"attachment-thumbnail size-thumbnail\" alt=\"\" decoding=\"async\" loading=\"lazy\" srcset=\"https:\/\/www.avicab.com\/h\/wp-content\/uploads\/2018\/04\/Gallina-Jaula-AVICAB-e1524697100776-280x280.jpg 280w, https:\/\/www.avicab.com\/h\/wp-content\/uploads\/2018\/04\/Gallina-Jaula-AVICAB-e1524697100776-400x400.jpg 400w, https:\/\/www.avicab.com\/h\/wp-content\/uploads\/2018\/04\/Gallina-Jaula-AVICAB-e1524697100776-768x768.jpg 768w, https:\/\/www.avicab.com\/h\/wp-content\/uploads\/2018\/04\/Gallina-Jaula-AVICAB-e1524697100776-800x800.jpg 800w, https:\/\/www.avicab.com\/h\/wp-content\/uploads\/2018\/04\/Gallina-Jaula-AVICAB-e1524697100776.jpg 1357w\" sizes=\"(max-width: 280px) 100vw, 280px\" \/>                \n            <\/div>\n    <\/div>               \n<style scope=\"scope\">\n\n<\/style>\n    <\/div>\n    \n<h3>Jaulas de postura manual.<\/h3>\n<p><span style=\"font-size: 14.4px;\">Puede montarse en dos o tres niveles, nuestras jaulas de postura hacen que el estr\u00e9s en el ave sea casi nulo, y requiere muy poco mantenimiento. El proceso de galvanizado y sello tropicalizado alargando la vida del producto..<\/span><\/p>\n<\/div><\/div>\n<\/div>\n<a href=\"http:\/\/www.avicab.com\/h\/jaulas-de-postura-manual\/\" target=\"_self\" class=\"button primary reveal-icon expand\"  >\n    <span>M\u00e1s informaci\u00f3n<\/span>\n  <i class=\"icon-angle-right\" ><\/i><\/a>\n\n<\/div><\/div>\n<div class=\"col medium-6 small-12 large-3\"  ><div class=\"col-inner\"  >\n<div class=\"row\"  id=\"row-376975767\">\n<div class=\"col small-12 large-12\"  ><div class=\"col-inner\"  >\n    <div class=\"img has-hover x md-x lg-x y md-y lg-y\" id=\"image_49737282\">\n            <div data-animate=\"bounceIn\">    <div class=\"img-inner image-zoom box-shadow-2 dark\" >\n        <img width=\"280\" height=\"280\" src=\"https:\/\/www.avicab.com\/h\/wp-content\/uploads\/2018\/04\/Jaula-de-Postura_-AVICAB-3-e1524696493505-280x280.jpg\" class=\"attachment-thumbnail size-thumbnail\" alt=\"\" decoding=\"async\" loading=\"lazy\" srcset=\"https:\/\/www.avicab.com\/h\/wp-content\/uploads\/2018\/04\/Jaula-de-Postura_-AVICAB-3-e1524696493505-280x280.jpg 280w, https:\/\/www.avicab.com\/h\/wp-content\/uploads\/2018\/04\/Jaula-de-Postura_-AVICAB-3-e1524696493505-401x400.jpg 401w, https:\/\/www.avicab.com\/h\/wp-content\/uploads\/2018\/04\/Jaula-de-Postura_-AVICAB-3-e1524696493505-768x766.jpg 768w, https:\/\/www.avicab.com\/h\/wp-content\/uploads\/2018\/04\/Jaula-de-Postura_-AVICAB-3-e1524696493505-802x800.jpg 802w, https:\/\/www.avicab.com\/h\/wp-content\/uploads\/2018\/04\/Jaula-de-Postura_-AVICAB-3-e1524696493505.jpg 1349w\" sizes=\"(max-width: 280px) 100vw, 280px\" \/>                \n            <\/div>\n    <\/div>               \n<style scope=\"scope\">\n\n<\/style>\n    <\/div>\n    \n<h3>Jaulas de postura automatizada.<\/h3>\n<p>Nuestras jaulas de postura automatizadas est\u00e1n dise\u00f1adas para facilitar la vida del avicultor, garantizando la reducci\u00f3n de costos de producci\u00f3n y mantenimiento. As\u00ed como mejorar la calidad del huevo.<\/p>\n<a href=\"http:\/\/www.avicab.com\/h\/jaulas-de-postura-automatizadas\/\" target=\"_self\" class=\"button primary reveal-icon expand\"  >\n    <span>M\u00e1s informaci\u00f3n<\/span>\n  <i class=\"icon-angle-right\" ><\/i><\/a>\n\n<\/div><\/div>\n<\/div>\n<\/div><\/div>\n<div class=\"col medium-6 small-12 large-3\"  ><div class=\"col-inner\"  >\n<div class=\"row\"  id=\"row-1449213274\">\n<div class=\"col small-12 large-12\"  ><div class=\"col-inner\"  >\n    <div class=\"img has-hover x md-x lg-x y md-y lg-y\" id=\"image_914708623\">\n            <div data-animate=\"bounceIn\">    <div class=\"img-inner image-zoom box-shadow-2 dark\" >\n        <img width=\"280\" height=\"280\" src=\"https:\/\/www.avicab.com\/h\/wp-content\/uploads\/2018\/04\/Transportador-AVICAB-e1524775509410-280x280.jpg\" class=\"attachment-thumbnail size-thumbnail\" alt=\"\" decoding=\"async\" loading=\"lazy\" srcset=\"https:\/\/www.avicab.com\/h\/wp-content\/uploads\/2018\/04\/Transportador-AVICAB-e1524775509410-280x280.jpg 280w, https:\/\/www.avicab.com\/h\/wp-content\/uploads\/2018\/04\/Transportador-AVICAB-e1524775509410-400x400.jpg 400w, https:\/\/www.avicab.com\/h\/wp-content\/uploads\/2018\/04\/Transportador-AVICAB-e1524775509410-768x768.jpg 768w, https:\/\/www.avicab.com\/h\/wp-content\/uploads\/2018\/04\/Transportador-AVICAB-e1524775509410-800x800.jpg 800w, https:\/\/www.avicab.com\/h\/wp-content\/uploads\/2018\/04\/Transportador-AVICAB-e1524775509410.jpg 1353w\" sizes=\"(max-width: 280px) 100vw, 280px\" \/>                \n            <\/div>\n    <\/div>               \n<style scope=\"scope\">\n\n<\/style>\n    <\/div>\n    \n<h3>Equipos transportadores de huevo.<\/h3>\n<p>Innovaci\u00f3n en el sistema de recolecci\u00f3n para cada l\u00ednea, bandas de alta calidad que permiten el manejo y cuidado del huevo. El consumo de energ\u00eda es bajo, requiere poco mantenimiento.\u00a0<\/p>\n<a href=\"http:\/\/www.avicab.com\/h\/equipos-transportadores-de-huevo\/\" target=\"_self\" class=\"button primary reveal-icon expand\"  >\n    <span>M\u00e1s informaci\u00f3n<\/span>\n  <i class=\"icon-angle-right\" ><\/i><\/a>\n\n<\/div><\/div>\n<\/div>\n<\/div><\/div>\n<div class=\"col medium-4 small-12 large-4\"  ><div class=\"col-inner\"  >\n<p style=\"text-align: center;\"><em><span style=\"color: #000000;\">Ingresa tus datos, pronto estaremos comunic\u00e1ndonos para brindarte una atenci\u00f3n personalizada&#8230;<\/span><\/em><\/p>\n<div class=\"wpcf7 no-js\" id=\"wpcf7-f458-o1\" lang=\"es-ES\" dir=\"ltr\">\n<div class=\"screen-reader-response\"><p role=\"status\" aria-live=\"polite\" aria-atomic=\"true\"><\/p> <ul><\/ul><\/div>\n<form action=\"\/h\/wp-json\/wp\/v2\/pages\/358#wpcf7-f458-o1\" method=\"post\" class=\"wpcf7-form init cf7-style cf7-style-603\" aria-label=\"Contact form\" novalidate=\"novalidate\" data-status=\"init\">\n<div style=\"display: none;\">\n<input type=\"hidden\" name=\"_wpcf7\" value=\"458\" \/>\n<input type=\"hidden\" name=\"_wpcf7_version\" value=\"5.7.2\" \/>\n<input type=\"hidden\" name=\"_wpcf7_locale\" value=\"es_ES\" \/>\n<input type=\"hidden\" name=\"_wpcf7_unit_tag\" value=\"wpcf7-f458-o1\" \/>\n<input type=\"hidden\" name=\"_wpcf7_container_post\" value=\"0\" \/>\n<input type=\"hidden\" name=\"_wpcf7_posted_data_hash\" value=\"\" \/>\n<\/div>\n<p><label> Nombre (requerido)<br \/>\n<span class=\"wpcf7-form-control-wrap\" data-name=\"your-name\"><input size=\"40\" class=\"wpcf7-form-control wpcf7-text wpcf7-validates-as-required\" aria-required=\"true\" aria-invalid=\"false\" value=\"\" type=\"text\" name=\"your-name\" \/><\/span> <\/label>\n<\/p>\n<p><label> Tu correo electr\u00f3nico (requerido)<br \/>\n<span class=\"wpcf7-form-control-wrap\" data-name=\"your-email\"><input size=\"40\" class=\"wpcf7-form-control wpcf7-text wpcf7-email wpcf7-validates-as-required wpcf7-validates-as-email\" aria-required=\"true\" aria-invalid=\"false\" value=\"\" type=\"email\" name=\"your-email\" \/><\/span> <\/label>\n<\/p>\n<p><label> Pa\u00eds<br \/>\n<span class=\"wpcf7-form-control-wrap\" data-name=\"pais\"><select class=\"wpcf7-form-control wpcf7-select\" aria-invalid=\"false\" name=\"pais\"><option value=\"\">&#8212;Please choose an option&#8212;<\/option><option value=\"Antigua y Barbuda\">Antigua y Barbuda<\/option><option value=\"Argentina\">Argentina<\/option><option value=\"Bahamas\">Bahamas<\/option><option value=\"Barbados\">Barbados<\/option><option value=\"Belice\">Belice<\/option><option value=\"Bolivia\">Bolivia<\/option><option value=\"Brasil\">Brasil<\/option><option value=\"Canad\u00e1\">Canad\u00e1<\/option><option value=\"Costa Rica\">Costa Rica<\/option><option value=\"Colombia\">Colombia<\/option><option value=\"Cuba\">Cuba<\/option><option value=\"Chile\">Chile<\/option><option value=\"Dominica\">Dominica<\/option><option value=\"Ecuador\">Ecuador<\/option><option value=\"El Salvador\">El Salvador<\/option><option value=\"Estados Unidos\">Estados Unidos<\/option><option value=\"Granada\">Granada<\/option><option value=\"Guatemala\">Guatemala<\/option><option value=\"Guyana\">Guyana<\/option><option value=\"Hait\u00ed\">Hait\u00ed<\/option><option value=\"Honduras\">Honduras<\/option><option value=\"Jamaica\">Jamaica<\/option><option value=\"M\u00e9xico\">M\u00e9xico<\/option><option value=\"Nicaragua\">Nicaragua<\/option><option value=\"Rep\u00fablica Dominicana\">Rep\u00fablica Dominicana<\/option><option value=\"San Crist\u00f3bal\">San Crist\u00f3bal<\/option><option value=\"Santa Lucia\">Santa Lucia<\/option><option value=\"San Vicente y Las Granadinas\">San Vicente y Las Granadinas<\/option><option value=\"Surinam\">Surinam<\/option><option value=\"Trinidad y Tobago\">Trinidad y Tobago<\/option><option value=\"Panam\u00e1\">Panam\u00e1<\/option><option value=\"Paraguay\">Paraguay<\/option><option value=\"Per\u00fa\">Per\u00fa<\/option><option value=\"Uruguay\">Uruguay<\/option><option value=\"Venezuela\">Venezuela<\/option><\/select><\/span> <\/label>\n<\/p>\n<p><label> Empresa<br \/>\n<span class=\"wpcf7-form-control-wrap\" data-name=\"empresa\"><input size=\"40\" class=\"wpcf7-form-control wpcf7-text\" aria-invalid=\"false\" value=\"\" type=\"text\" name=\"empresa\" \/><\/span> <\/label>\n<\/p>\n<p><label> Producto (requerido)<br \/>\n<span class=\"wpcf7-form-control-wrap\" data-name=\"producto\"><select class=\"wpcf7-form-control wpcf7-select\" aria-invalid=\"false\" name=\"producto\"><option value=\"\">&#8212;Please choose an option&#8212;<\/option><option value=\"Bioseguridad\">Bioseguridad<\/option><option value=\"Comederos y bebederos\">Comederos y bebederos<\/option><option value=\"Cerdo\">Cerdo<\/option><option value=\"DET 6500\">DET 6500<\/option><option value=\"Empacadoras y clasificadoras\">Empacadoras y clasificadoras<\/option><option value=\"Empaque y transportaci\u00f3n de huevo\">Empaque y transportaci\u00f3n de huevo<\/option><option value=\"Exhibidores y estanteria\">Exhibidores y estanteria<\/option><option value=\"Galeras av\u00edcolas\">Galeras av\u00edcolas<\/option><option value=\"Generadores de calor\">Generadores de calor<\/option><option value=\"Jaulas crianza-levante\">Jaulas crianza-levante<\/option><option value=\"Jaula postura manual\">Jaula postura manual<\/option><option value=\"Jaula postura autom\u00e1tica\">Jaula postura autom\u00e1tica<\/option><option value=\"L\u00e1minas de PVC\">L\u00e1minas de PVC<\/option><option value=\"Lavadora de huevo\">Lavadora de huevo<\/option><option value=\"M\u00e1quinas de Composta\">M\u00e1quinas de Composta<\/option><option value=\"Mix de productos\">Mix de productos<\/option><option value=\"T\u00fanel Sanitizador\">T\u00fanel Sanitizador<\/option><option value=\"Pollo\">Pollo<\/option><option value=\"Silos\">Silos<\/option><\/select><\/span><\/label>\n<\/p>\n<p><label> Tel\u00e9fono (requerido)<br \/>\n<span class=\"wpcf7-form-control-wrap\" data-name=\"tel\"><input size=\"40\" class=\"wpcf7-form-control wpcf7-text wpcf7-tel wpcf7-validates-as-tel\" aria-invalid=\"false\" value=\"\" type=\"tel\" name=\"tel\" \/><\/span> <\/label>\n<\/p>\n<p><input class=\"wpcf7-form-control has-spinner wpcf7-submit\" type=\"submit\" value=\"Enviarme informaci\u00f3n\" \/>\n<\/p><div class=\"wpcf7-response-output\" aria-hidden=\"true\"><\/div><\/form><\/div>\n<\/div><\/div>\n\n<style scope=\"scope\">\n\n#row-77925785 > .col > .col-inner {\n  padding: 40px 0px 0px 0px;\n}\n<\/style>\n<\/div>\n","protected":false},"excerpt":{"rendered":"","protected":false},"author":1,"featured_media":0,"parent":0,"menu_order":0,"comment_status":"closed","ping_status":"closed","template":"page-blank.php","meta":[],"yoast_head":"<!-- This site is optimized with the Yoast SEO plugin v20.0 - https:\/\/yoast.com\/wordpress\/plugins\/seo\/ -->\n<title>Jaulas av\u00edcolas - Avicab<\/title>\n<meta name=\"robots\" content=\"index, follow, max-snippet:-1, max-image-preview:large, max-video-preview:-1\" \/>\n<link rel=\"canonical\" href=\"https:\/\/www.avicab.com\/h\/jaulas-avicolas\/\" \/>\n<meta property=\"og:locale\" content=\"es_ES\" \/>\n<meta property=\"og:type\" content=\"article\" \/>\n<meta property=\"og:title\" content=\"Jaulas av\u00edcolas - Avicab\" \/>\n<meta property=\"og:url\" content=\"https:\/\/www.avicab.com\/h\/jaulas-avicolas\/\" \/>\n<meta property=\"og:site_name\" content=\"Avicab\" \/>\n<meta property=\"article:publisher\" content=\"https:\/\/www.facebook.com\/Avicab\/\" \/>\n<meta property=\"article:modified_time\" content=\"2020-09-18T00:43:21+00:00\" \/>\n<meta name=\"twitter:card\" content=\"summary_large_image\" \/>\n<meta name=\"twitter:site\" content=\"@Avicab_\" \/>\n<meta name=\"twitter:label1\" content=\"Tiempo de lectura\" \/>\n\t<meta name=\"twitter:data1\" content=\"2 minutos\" \/>\n<script type=\"application\/ld+json\" class=\"yoast-schema-graph\">{\"@context\":\"https:\/\/schema.org\",\"@graph\":[{\"@type\":\"WebPage\",\"@id\":\"https:\/\/www.avicab.com\/h\/jaulas-avicolas\/\",\"url\":\"https:\/\/www.avicab.com\/h\/jaulas-avicolas\/\",\"name\":\"Jaulas av\u00edcolas - Avicab\",\"isPartOf\":{\"@id\":\"https:\/\/www.avicab.com\/h\/#website\"},\"datePublished\":\"2018-04-16T20:25:15+00:00\",\"dateModified\":\"2020-09-18T00:43:21+00:00\",\"breadcrumb\":{\"@id\":\"https:\/\/www.avicab.com\/h\/jaulas-avicolas\/#breadcrumb\"},\"inLanguage\":\"es\",\"potentialAction\":[{\"@type\":\"ReadAction\",\"target\":[\"https:\/\/www.avicab.com\/h\/jaulas-avicolas\/\"]}]},{\"@type\":\"BreadcrumbList\",\"@id\":\"https:\/\/www.avicab.com\/h\/jaulas-avicolas\/#breadcrumb\",\"itemListElement\":[{\"@type\":\"ListItem\",\"position\":1,\"name\":\"Portada\",\"item\":\"https:\/\/www.avicab.com\/h\/\"},{\"@type\":\"ListItem\",\"position\":2,\"name\":\"Jaulas av\u00edcolas\"}]},{\"@type\":\"WebSite\",\"@id\":\"https:\/\/www.avicab.com\/h\/#website\",\"url\":\"https:\/\/www.avicab.com\/h\/\",\"name\":\"Avicab\",\"description\":\"Poultry Solutions\",\"potentialAction\":[{\"@type\":\"SearchAction\",\"target\":{\"@type\":\"EntryPoint\",\"urlTemplate\":\"https:\/\/www.avicab.com\/h\/?s={search_term_string}\"},\"query-input\":\"required name=search_term_string\"}],\"inLanguage\":\"es\"}]}<\/script>\n<!-- \/ Yoast SEO plugin. -->","yoast_head_json":{"title":"Jaulas av\u00edcolas - Avicab","robots":{"index":"index","follow":"follow","max-snippet":"max-snippet:-1","max-image-preview":"max-image-preview:large","max-video-preview":"max-video-preview:-1"},"canonical":"https:\/\/www.avicab.com\/h\/jaulas-avicolas\/","og_locale":"es_ES","og_type":"article","og_title":"Jaulas av\u00edcolas - Avicab","og_url":"https:\/\/www.avicab.com\/h\/jaulas-avicolas\/","og_site_name":"Avicab","article_publisher":"https:\/\/www.facebook.com\/Avicab\/","article_modified_time":"2020-09-18T00:43:21+00:00","twitter_card":"summary_large_image","twitter_site":"@Avicab_","twitter_misc":{"Tiempo de lectura":"2 minutos"},"schema":{"@context":"https:\/\/schema.org","@graph":[{"@type":"WebPage","@id":"https:\/\/www.avicab.com\/h\/jaulas-avicolas\/","url":"https:\/\/www.avicab.com\/h\/jaulas-avicolas\/","name":"Jaulas av\u00edcolas - Avicab","isPartOf":{"@id":"https:\/\/www.avicab.com\/h\/#website"},"datePublished":"2018-04-16T20:25:15+00:00","dateModified":"2020-09-18T00:43:21+00:00","breadcrumb":{"@id":"https:\/\/www.avicab.com\/h\/jaulas-avicolas\/#breadcrumb"},"inLanguage":"es","potentialAction":[{"@type":"ReadAction","target":["https:\/\/www.avicab.com\/h\/jaulas-avicolas\/"]}]},{"@type":"BreadcrumbList","@id":"https:\/\/www.avicab.com\/h\/jaulas-avicolas\/#breadcrumb","itemListElement":[{"@type":"ListItem","position":1,"name":"Portada","item":"https:\/\/www.avicab.com\/h\/"},{"@type":"ListItem","position":2,"name":"Jaulas av\u00edcolas"}]},{"@type":"WebSite","@id":"https:\/\/www.avicab.com\/h\/#website","url":"https:\/\/www.avicab.com\/h\/","name":"Avicab","description":"Poultry Solutions","potentialAction":[{"@type":"SearchAction","target":{"@type":"EntryPoint","urlTemplate":"https:\/\/www.avicab.com\/h\/?s={search_term_string}"},"query-input":"required name=search_term_string"}],"inLanguage":"es"}]}},"_links":{"self":[{"href":"https:\/\/www.avicab.com\/h\/wp-json\/wp\/v2\/pages\/358"}],"collection":[{"href":"https:\/\/www.avicab.com\/h\/wp-json\/wp\/v2\/pages"}],"about":[{"href":"https:\/\/www.avicab.com\/h\/wp-json\/wp\/v2\/types\/page"}],"author":[{"embeddable":true,"href":"https:\/\/www.avicab.com\/h\/wp-json\/wp\/v2\/users\/1"}],"replies":[{"embeddable":true,"href":"https:\/\/www.avicab.com\/h\/wp-json\/wp\/v2\/comments?post=358"}],"version-history":[{"count":53,"href":"https:\/\/www.avicab.com\/h\/wp-json\/wp\/v2\/pages\/358\/revisions"}],"predecessor-version":[{"id":1147,"href":"https:\/\/www.avicab.com\/h\/wp-json\/wp\/v2\/pages\/358\/revisions\/1147"}],"wp:attachment":[{"href":"https:\/\/www.avicab.com\/h\/wp-json\/wp\/v2\/media?parent=358"}],"curies":[{"name":"wp","href":"https:\/\/api.w.org\/{rel}","templated":true}]}}