{"id":2,"date":"2018-04-05T15:17:34","date_gmt":"2018-04-05T15:17:34","guid":{"rendered":"http:\/\/www.avicab.com\/h\/?page_id=2"},"modified":"2018-05-24T15:13:13","modified_gmt":"2018-05-24T15:13:13","slug":"avicab","status":"publish","type":"page","link":"https:\/\/www.avicab.com\/h\/avicab\/","title":{"rendered":"AVICAB"},"content":{"rendered":"<div class=\"row row-collapse align-middle align-center\"  id=\"row-2062700138\">\n<div class=\"col medium-9 small-12 large-9\"  ><div class=\"col-inner\"  >\n<div class=\"video video-fit mb\" style=\"padding-top:56.25%;\"><p><iframe loading=\"lazy\" title=\"QUIENES SOMOS - AVICAB\" width=\"1020\" height=\"574\" src=\"https:\/\/www.youtube.com\/embed\/-cHnGY9Ltwk?feature=oembed\" frameborder=\"0\" allow=\"accelerometer; autoplay; encrypted-media; gyroscope; picture-in-picture\" allowfullscreen><\/iframe><\/p>\n<\/div>\n<\/div><\/div>\n\n<style scope=\"scope\">\n\n#row-2062700138 > .col > .col-inner {\n  padding: 23px 0px 30px 0px;\n}\n<\/style>\n<\/div>\n<div class=\"row row-collapse row-full-width align-middle align-center\"  id=\"row-1172068724\">\n<div class=\"col small-12 large-12\"  ><div class=\"col-inner text-left text-shadow-4 dark\" style=\"background-color:rgb(247, 147, 29);padding:29px 50px 0px 50px;margin:0px 0px 0px 0px;\" >\n<h3 class=\"row row-feature-title\">\u00bfQuienes somos?<\/h3>\n<div>\n<p>Somos una comercializadora mexicana que suministra productos, servicios y capacitaci\u00f3n tanto dentro del pa\u00eds como en el extranjero, que se orienta a la industria av\u00edcola, agropecuaria, empresas de bienes de consumo y construcci\u00f3n proveedora.<\/p>\n<h3 class=\"row row-feature-title\">Teniendo como productos:<\/h3>\n<ul>\n<li><strong>Proyectos llave en mano<\/strong><\/li>\n<li><strong>Jaulas de iniciaci\u00f3n y desarrollo, Jaulas de postura manual y jaulas de posturas automatizadas.<\/strong><\/li>\n<li><strong>M\u00e1quinas transportadoras de huevo.<\/strong><\/li>\n<li><strong>Maquinaria para la fabricaci\u00f3n de composta.\u00a0\u00a0\u00a0\u00a0\u00a0 <\/strong><\/li>\n<li><strong>Empacadoras y clasificadoras para huevo<\/strong><\/li>\n<li><strong>M\u00e1quinas para detectar la frescura y calidad del huevo.<\/strong><\/li>\n<li><strong>Maquinaria para la industrializaci\u00f3n del huevo l\u00edquido.<\/strong><\/li>\n<li><strong>Sistemas de ventilaci\u00f3n para casetas y generadores de calor.<\/strong><\/li>\n<li><strong>Sistemas de comederos y bebederos autom\u00e1ticos y manuales para la industria av\u00edcola y pollo.<\/strong><\/li>\n<li><strong>Proyectos para pollos.<\/strong><\/li>\n<li><strong>Galpones, estructuras o casetas.<\/strong><\/li>\n<li><strong>Jaulas porc\u00edcolas.<\/strong><\/li>\n<li><strong>Exhibidores y Estanter\u00edas.<\/strong><\/li>\n<li><strong>Herrer\u00eda.<\/strong><\/li>\n<li><strong>Refacciones de jaulas.<\/strong><\/li>\n<li><strong>Y muchos m\u00e1s productos.<\/strong><\/li>\n<\/ul>\n<p>\u00a0<\/p>\n<\/div>\n<\/div><\/div>\n\n<style scope=\"scope\">\n\n#row-1172068724 > .col > .col-inner {\n  padding: 0px 30px 0px 30px;\n  background-color: rgb(247, 147, 29);\n}\n<\/style>\n<\/div>\n<div class=\"row align-equal align-center\"  id=\"row-10364707\">\n<div class=\"col small-12 large-12\"  ><div class=\"col-inner text-left\" style=\"padding:30px 40px 30px 40px;\" >\n<div class=\"wpcf7 no-js\" id=\"wpcf7-f9-o1\" lang=\"en-US\" dir=\"ltr\">\n<div class=\"screen-reader-response\"><p role=\"status\" aria-live=\"polite\" aria-atomic=\"true\"><\/p> <ul><\/ul><\/div>\n<form action=\"\/h\/wp-json\/wp\/v2\/pages\/2#wpcf7-f9-o1\" method=\"post\" class=\"wpcf7-form init cf7-style\" aria-label=\"Contact form\" novalidate=\"novalidate\" data-status=\"init\">\n<div style=\"display: none;\">\n<input type=\"hidden\" name=\"_wpcf7\" value=\"9\" \/>\n<input type=\"hidden\" name=\"_wpcf7_version\" value=\"5.7.2\" \/>\n<input type=\"hidden\" name=\"_wpcf7_locale\" value=\"en_US\" \/>\n<input type=\"hidden\" name=\"_wpcf7_unit_tag\" value=\"wpcf7-f9-o1\" \/>\n<input type=\"hidden\" name=\"_wpcf7_container_post\" value=\"0\" \/>\n<input type=\"hidden\" name=\"_wpcf7_posted_data_hash\" value=\"\" \/>\n<\/div>\n<p><label>Nombre (requerido)<\/label><br \/>\n<span class=\"wpcf7-form-control-wrap\" data-name=\"your-name\"><input size=\"40\" class=\"wpcf7-form-control wpcf7-text wpcf7-validates-as-required\" aria-required=\"true\" aria-invalid=\"false\" value=\"\" type=\"text\" name=\"your-name\" \/><\/span>\n<\/p>\n<p><label>Correo electr\u00f3nico (requerido)<\/label><br \/>\n<span class=\"wpcf7-form-control-wrap\" data-name=\"your-email\"><input size=\"40\" class=\"wpcf7-form-control wpcf7-text wpcf7-email wpcf7-validates-as-required wpcf7-validates-as-email\" aria-required=\"true\" aria-invalid=\"false\" value=\"\" type=\"email\" name=\"your-email\" \/><\/span>\n<\/p>\n<p><label>Mensaje (requerido)<\/label><br \/>\n<span class=\"wpcf7-form-control-wrap\" data-name=\"your-message\"><textarea cols=\"40\" rows=\"10\" class=\"wpcf7-form-control wpcf7-textarea\" aria-invalid=\"false\" name=\"your-message\"><\/textarea><\/span>\n<\/p>\n<p><input class=\"wpcf7-form-control has-spinner wpcf7-submit button\" type=\"submit\" value=\"Enviar\" \/>\n<\/p><div class=\"wpcf7-response-output\" aria-hidden=\"true\"><\/div><\/form><\/div>\n<\/div><\/div>\n\n<style scope=\"scope\">\n\n<\/style>\n<\/div>\n","protected":false},"excerpt":{"rendered":"","protected":false},"author":1,"featured_media":0,"parent":0,"menu_order":0,"comment_status":"open","ping_status":"open","template":"page-blank.php","meta":[],"yoast_head":"<!-- This site is optimized with the Yoast SEO plugin v20.0 - https:\/\/yoast.com\/wordpress\/plugins\/seo\/ -->\n<title>AVICAB - Avicab<\/title>\n<meta name=\"robots\" content=\"index, follow, max-snippet:-1, max-image-preview:large, max-video-preview:-1\" \/>\n<link rel=\"canonical\" href=\"https:\/\/www.avicab.com\/h\/avicab\/\" \/>\n<meta property=\"og:locale\" content=\"es_ES\" \/>\n<meta property=\"og:type\" content=\"article\" \/>\n<meta property=\"og:title\" content=\"AVICAB - Avicab\" \/>\n<meta property=\"og:url\" content=\"https:\/\/www.avicab.com\/h\/avicab\/\" \/>\n<meta property=\"og:site_name\" content=\"Avicab\" \/>\n<meta property=\"article:publisher\" content=\"https:\/\/www.facebook.com\/Avicab\/\" \/>\n<meta property=\"article:modified_time\" content=\"2018-05-24T15:13:13+00:00\" \/>\n<meta name=\"twitter:card\" content=\"summary_large_image\" \/>\n<meta name=\"twitter:site\" content=\"@Avicab_\" \/>\n<meta name=\"twitter:label1\" content=\"Est. reading time\" \/>\n\t<meta name=\"twitter:data1\" content=\"1 minuto\" \/>\n<script type=\"application\/ld+json\" class=\"yoast-schema-graph\">{\"@context\":\"https:\/\/schema.org\",\"@graph\":[{\"@type\":\"WebPage\",\"@id\":\"https:\/\/www.avicab.com\/h\/avicab\/\",\"url\":\"https:\/\/www.avicab.com\/h\/avicab\/\",\"name\":\"AVICAB - Avicab\",\"isPartOf\":{\"@id\":\"https:\/\/www.avicab.com\/h\/#website\"},\"datePublished\":\"2018-04-05T15:17:34+00:00\",\"dateModified\":\"2018-05-24T15:13:13+00:00\",\"breadcrumb\":{\"@id\":\"https:\/\/www.avicab.com\/h\/avicab\/#breadcrumb\"},\"inLanguage\":\"es\",\"potentialAction\":[{\"@type\":\"ReadAction\",\"target\":[\"https:\/\/www.avicab.com\/h\/avicab\/\"]}]},{\"@type\":\"BreadcrumbList\",\"@id\":\"https:\/\/www.avicab.com\/h\/avicab\/#breadcrumb\",\"itemListElement\":[{\"@type\":\"ListItem\",\"position\":1,\"name\":\"Portada\",\"item\":\"https:\/\/www.avicab.com\/h\/\"},{\"@type\":\"ListItem\",\"position\":2,\"name\":\"AVICAB\"}]},{\"@type\":\"WebSite\",\"@id\":\"https:\/\/www.avicab.com\/h\/#website\",\"url\":\"https:\/\/www.avicab.com\/h\/\",\"name\":\"Avicab\",\"description\":\"Poultry Solutions\",\"potentialAction\":[{\"@type\":\"SearchAction\",\"target\":{\"@type\":\"EntryPoint\",\"urlTemplate\":\"https:\/\/www.avicab.com\/h\/?s={search_term_string}\"},\"query-input\":\"required name=search_term_string\"}],\"inLanguage\":\"es\"}]}<\/script>\n<!-- \/ Yoast SEO plugin. -->","yoast_head_json":{"title":"AVICAB - Avicab","robots":{"index":"index","follow":"follow","max-snippet":"max-snippet:-1","max-image-preview":"max-image-preview:large","max-video-preview":"max-video-preview:-1"},"canonical":"https:\/\/www.avicab.com\/h\/avicab\/","og_locale":"es_ES","og_type":"article","og_title":"AVICAB - Avicab","og_url":"https:\/\/www.avicab.com\/h\/avicab\/","og_site_name":"Avicab","article_publisher":"https:\/\/www.facebook.com\/Avicab\/","article_modified_time":"2018-05-24T15:13:13+00:00","twitter_card":"summary_large_image","twitter_site":"@Avicab_","twitter_misc":{"Est. reading time":"1 minuto"},"schema":{"@context":"https:\/\/schema.org","@graph":[{"@type":"WebPage","@id":"https:\/\/www.avicab.com\/h\/avicab\/","url":"https:\/\/www.avicab.com\/h\/avicab\/","name":"AVICAB - Avicab","isPartOf":{"@id":"https:\/\/www.avicab.com\/h\/#website"},"datePublished":"2018-04-05T15:17:34+00:00","dateModified":"2018-05-24T15:13:13+00:00","breadcrumb":{"@id":"https:\/\/www.avicab.com\/h\/avicab\/#breadcrumb"},"inLanguage":"es","potentialAction":[{"@type":"ReadAction","target":["https:\/\/www.avicab.com\/h\/avicab\/"]}]},{"@type":"BreadcrumbList","@id":"https:\/\/www.avicab.com\/h\/avicab\/#breadcrumb","itemListElement":[{"@type":"ListItem","position":1,"name":"Portada","item":"https:\/\/www.avicab.com\/h\/"},{"@type":"ListItem","position":2,"name":"AVICAB"}]},{"@type":"WebSite","@id":"https:\/\/www.avicab.com\/h\/#website","url":"https:\/\/www.avicab.com\/h\/","name":"Avicab","description":"Poultry Solutions","potentialAction":[{"@type":"SearchAction","target":{"@type":"EntryPoint","urlTemplate":"https:\/\/www.avicab.com\/h\/?s={search_term_string}"},"query-input":"required name=search_term_string"}],"inLanguage":"es"}]}},"_links":{"self":[{"href":"https:\/\/www.avicab.com\/h\/wp-json\/wp\/v2\/pages\/2"}],"collection":[{"href":"https:\/\/www.avicab.com\/h\/wp-json\/wp\/v2\/pages"}],"about":[{"href":"https:\/\/www.avicab.com\/h\/wp-json\/wp\/v2\/types\/page"}],"author":[{"embeddable":true,"href":"https:\/\/www.avicab.com\/h\/wp-json\/wp\/v2\/users\/1"}],"replies":[{"embeddable":true,"href":"https:\/\/www.avicab.com\/h\/wp-json\/wp\/v2\/comments?post=2"}],"version-history":[{"count":15,"href":"https:\/\/www.avicab.com\/h\/wp-json\/wp\/v2\/pages\/2\/revisions"}],"predecessor-version":[{"id":987,"href":"https:\/\/www.avicab.com\/h\/wp-json\/wp\/v2\/pages\/2\/revisions\/987"}],"wp:attachment":[{"href":"https:\/\/www.avicab.com\/h\/wp-json\/wp\/v2\/media?parent=2"}],"curies":[{"name":"wp","href":"https:\/\/api.w.org\/{rel}","templated":true}]}}