{"id":747,"date":"2018-05-17T20:36:29","date_gmt":"2018-05-17T20:36:29","guid":{"rendered":"http:\/\/www.avicab.com\/back\/?page_id=747"},"modified":"2018-05-18T14:39:44","modified_gmt":"2018-05-18T14:39:44","slug":"jaulas-de-iniciacion-y-desarrollo","status":"publish","type":"page","link":"http:\/\/www.avicab.com\/back\/jaulas-de-iniciacion-y-desarrollo\/","title":{"rendered":"Jaulas de iniciaci\u00f3n y desarrollo"},"content":{"rendered":"<div class=\"row row-large row-full-width\"  id=\"row-994838922\">\n<div class=\"col medium-9 small-12 large-9\"  ><div class=\"col-inner\" style=\"padding:0px 40px 0px 25px;\" >\n<h1>Jaula de iniciaci\u00f3n y desarrollo.<\/h1>\n<h2 style=\"text-align: center;\"><span style=\"color: #ff9900;\"><em><strong>Perfecta para el \u00f3ptimo desarrollo de la gallina<\/strong><\/em><\/span><\/h2>\n<p><em><strong>Ventajas de uso:<\/strong><\/em><\/p>\n<p>Sistema de ahorro de costos.<br \/> Baja mortandad y uniformidad en la parvada.<br \/> Menor desecho de aves, menor estr\u00e9s y mayor confort.<br \/> Mayor n\u00famero de bebederos por ave.<br \/> M\u00e1s superficie de comedero por ave.<br \/> Menor densidad de poblaci\u00f3n en cada jaula: 309.37 cm2 con 15 aves y 331.47 cm2 con 14 aves<br \/> Reglilla deslizable colocada al frente de la jaula, para asegurar la correcta alimentaci\u00f3n de las aves en sus diferentes edades.<br \/> Puertas funcionales abatibles hacia adentro de la jaula para evitar obst\u00e1culos en el funcionamiento de los carros.<br \/> Facilidad para el manejo de las aves (vacunaci\u00f3n m\u00e1s r\u00e1pida y segura).<br \/> Costo m\u00ednimo de mantenimiento.<br \/> Menor costo de operaci\u00f3n.<\/p>\n<p><em><strong>\u00d3ptimos resultados:<\/strong><\/em><\/p>\n<p>Nuestra jaula de iniciaci\u00f3n y desarrollo es dise\u00f1ada y fabricada tomando en cuenta investigaciones efectuadas en campo y gracias a la ayuda y colaboraci\u00f3n de nuestros amigos los avicultores.<\/p>\n  <div class=\"banner-grid-wrapper\">\n  <div id=\"banner-grid-1960069872\" class=\"banner-grid row row-grid row-small\" data-packery-options=\"\">\n                      \n<div class=\"col grid-col large-6 grid-col-1-2\" ><div class=\"col-inner\">\n    <div class=\"img has-hover x md-x lg-x y md-y lg-y\" id=\"image_1152015000\">\n    <a class=\"image-lightbox lightbox-gallery\" href=\"http:\/\/www.avicab.com\/back\/wp-content\/uploads\/2018\/05\/Jaula-de-Iniciacion-y-desarrollo-AVICAB-_-1-e1526590336690-796x800.jpg\" title=\"\">            <div class=\"img-inner image-zoom dark\" >\n        <img width=\"796\" height=\"800\" src=\"http:\/\/www.avicab.com\/back\/wp-content\/uploads\/2018\/05\/Jaula-de-Iniciacion-y-desarrollo-AVICAB-_-1-e1526590336690-796x800.jpg\" class=\"attachment-large size-large\" alt=\"\" decoding=\"async\" loading=\"lazy\" srcset=\"http:\/\/www.avicab.com\/back\/wp-content\/uploads\/2018\/05\/Jaula-de-Iniciacion-y-desarrollo-AVICAB-_-1-e1526590336690-796x800.jpg 796w, http:\/\/www.avicab.com\/back\/wp-content\/uploads\/2018\/05\/Jaula-de-Iniciacion-y-desarrollo-AVICAB-_-1-e1526590336690-280x280.jpg 280w, http:\/\/www.avicab.com\/back\/wp-content\/uploads\/2018\/05\/Jaula-de-Iniciacion-y-desarrollo-AVICAB-_-1-e1526590336690-398x400.jpg 398w, http:\/\/www.avicab.com\/back\/wp-content\/uploads\/2018\/05\/Jaula-de-Iniciacion-y-desarrollo-AVICAB-_-1-e1526590336690-768x772.jpg 768w, http:\/\/www.avicab.com\/back\/wp-content\/uploads\/2018\/05\/Jaula-de-Iniciacion-y-desarrollo-AVICAB-_-1-e1526590336690.jpg 1328w\" sizes=\"(max-width: 796px) 100vw, 796px\" \/>                \n            <\/div>\n            <\/a>       \n<style scope=\"scope\">\n\n<\/style>\n    <\/div>\n    \n<\/div><\/div>\n<div class=\"col grid-col large-6 grid-col-1-2\" ><div class=\"col-inner\">\n    <div class=\"img has-hover x md-x lg-x y md-y lg-y\" id=\"image_746337537\">\n    <a class=\"image-lightbox lightbox-gallery\" href=\"http:\/\/www.avicab.com\/back\/wp-content\/uploads\/2018\/05\/Jaula-de-Iniciacion-y-desarrollo-AVICAB-_-2-e1526590421788-800x800.jpg\" title=\"\">            <div class=\"img-inner image-zoom dark\" >\n        <img width=\"800\" height=\"800\" src=\"http:\/\/www.avicab.com\/back\/wp-content\/uploads\/2018\/05\/Jaula-de-Iniciacion-y-desarrollo-AVICAB-_-2-e1526590421788-800x800.jpg\" class=\"attachment-large size-large\" alt=\"\" decoding=\"async\" loading=\"lazy\" srcset=\"http:\/\/www.avicab.com\/back\/wp-content\/uploads\/2018\/05\/Jaula-de-Iniciacion-y-desarrollo-AVICAB-_-2-e1526590421788-800x800.jpg 800w, http:\/\/www.avicab.com\/back\/wp-content\/uploads\/2018\/05\/Jaula-de-Iniciacion-y-desarrollo-AVICAB-_-2-e1526590421788-280x280.jpg 280w, http:\/\/www.avicab.com\/back\/wp-content\/uploads\/2018\/05\/Jaula-de-Iniciacion-y-desarrollo-AVICAB-_-2-e1526590421788-400x400.jpg 400w, http:\/\/www.avicab.com\/back\/wp-content\/uploads\/2018\/05\/Jaula-de-Iniciacion-y-desarrollo-AVICAB-_-2-e1526590421788-768x768.jpg 768w\" sizes=\"(max-width: 800px) 100vw, 800px\" \/>                \n            <\/div>\n            <\/a>       \n<style scope=\"scope\">\n\n<\/style>\n    <\/div>\n    \n<\/div><\/div>\n<div class=\"col grid-col large-6 grid-col-1-2\" ><div class=\"col-inner\">\n    <div class=\"img has-hover x md-x lg-x y md-y lg-y\" id=\"image_1800643264\">\n    <a class=\"image-lightbox lightbox-gallery\" href=\"http:\/\/www.avicab.com\/back\/wp-content\/uploads\/2018\/05\/Jaula-de-Iniciacion-y-desarrollo-AVICAB-_-3-e1526590500677-800x800.jpg\" title=\"\">            <div class=\"img-inner image-zoom dark\" >\n        <img width=\"800\" height=\"800\" src=\"http:\/\/www.avicab.com\/back\/wp-content\/uploads\/2018\/05\/Jaula-de-Iniciacion-y-desarrollo-AVICAB-_-3-e1526590500677-800x800.jpg\" class=\"attachment-large size-large\" alt=\"\" decoding=\"async\" loading=\"lazy\" srcset=\"http:\/\/www.avicab.com\/back\/wp-content\/uploads\/2018\/05\/Jaula-de-Iniciacion-y-desarrollo-AVICAB-_-3-e1526590500677-800x800.jpg 800w, http:\/\/www.avicab.com\/back\/wp-content\/uploads\/2018\/05\/Jaula-de-Iniciacion-y-desarrollo-AVICAB-_-3-e1526590500677-280x280.jpg 280w, http:\/\/www.avicab.com\/back\/wp-content\/uploads\/2018\/05\/Jaula-de-Iniciacion-y-desarrollo-AVICAB-_-3-e1526590500677-400x400.jpg 400w, http:\/\/www.avicab.com\/back\/wp-content\/uploads\/2018\/05\/Jaula-de-Iniciacion-y-desarrollo-AVICAB-_-3-e1526590500677-768x768.jpg 768w, http:\/\/www.avicab.com\/back\/wp-content\/uploads\/2018\/05\/Jaula-de-Iniciacion-y-desarrollo-AVICAB-_-3-e1526590500677.jpg 1331w\" sizes=\"(max-width: 800px) 100vw, 800px\" \/>                \n            <\/div>\n            <\/a>       \n<style scope=\"scope\">\n\n<\/style>\n    <\/div>\n    \n<\/div><\/div>\n<div class=\"col grid-col large-6 grid-col-1-2\" ><div class=\"col-inner\">\n    <div class=\"img has-hover x md-x lg-x y md-y lg-y\" id=\"image_739649766\">\n    <a class=\"image-lightbox lightbox-gallery\" href=\"http:\/\/www.avicab.com\/back\/wp-content\/uploads\/2018\/05\/Jaula-de-Iniciacion-y-desarrollo-AVICAB-_-4-e1526590533839-813x800.jpg\" title=\"\">            <div class=\"img-inner image-zoom dark\" >\n        <img width=\"813\" height=\"800\" src=\"http:\/\/www.avicab.com\/back\/wp-content\/uploads\/2018\/05\/Jaula-de-Iniciacion-y-desarrollo-AVICAB-_-4-e1526590533839-813x800.jpg\" class=\"attachment-large size-large\" alt=\"\" decoding=\"async\" loading=\"lazy\" srcset=\"http:\/\/www.avicab.com\/back\/wp-content\/uploads\/2018\/05\/Jaula-de-Iniciacion-y-desarrollo-AVICAB-_-4-e1526590533839-813x800.jpg 813w, http:\/\/www.avicab.com\/back\/wp-content\/uploads\/2018\/05\/Jaula-de-Iniciacion-y-desarrollo-AVICAB-_-4-e1526590533839-407x400.jpg 407w, http:\/\/www.avicab.com\/back\/wp-content\/uploads\/2018\/05\/Jaula-de-Iniciacion-y-desarrollo-AVICAB-_-4-e1526590533839-768x755.jpg 768w, http:\/\/www.avicab.com\/back\/wp-content\/uploads\/2018\/05\/Jaula-de-Iniciacion-y-desarrollo-AVICAB-_-4-e1526590533839.jpg 1346w\" sizes=\"(max-width: 813px) 100vw, 813px\" \/>                \n            <\/div>\n            <\/a>       \n<style scope=\"scope\">\n\n<\/style>\n    <\/div>\n    \n<\/div><\/div>\n<div class=\"col grid-col large-6 grid-col-1-2\" ><div class=\"col-inner\">\n    <div class=\"img has-hover x md-x lg-x y md-y lg-y\" id=\"image_1281496811\">\n    <a class=\"image-lightbox lightbox-gallery\" href=\"http:\/\/www.avicab.com\/back\/wp-content\/uploads\/2018\/05\/Jaula-de-Iniciacion-y-desarrollo-AVICAB-_-5-e1526590554149-807x800.jpg\" title=\"\">            <div class=\"img-inner image-zoom dark\" >\n        <img width=\"807\" height=\"800\" src=\"http:\/\/www.avicab.com\/back\/wp-content\/uploads\/2018\/05\/Jaula-de-Iniciacion-y-desarrollo-AVICAB-_-5-e1526590554149-807x800.jpg\" class=\"attachment-large size-large\" alt=\"\" decoding=\"async\" loading=\"lazy\" srcset=\"http:\/\/www.avicab.com\/back\/wp-content\/uploads\/2018\/05\/Jaula-de-Iniciacion-y-desarrollo-AVICAB-_-5-e1526590554149-807x800.jpg 807w, http:\/\/www.avicab.com\/back\/wp-content\/uploads\/2018\/05\/Jaula-de-Iniciacion-y-desarrollo-AVICAB-_-5-e1526590554149-403x400.jpg 403w, http:\/\/www.avicab.com\/back\/wp-content\/uploads\/2018\/05\/Jaula-de-Iniciacion-y-desarrollo-AVICAB-_-5-e1526590554149-768x762.jpg 768w, http:\/\/www.avicab.com\/back\/wp-content\/uploads\/2018\/05\/Jaula-de-Iniciacion-y-desarrollo-AVICAB-_-5-e1526590554149.jpg 1342w\" sizes=\"(max-width: 807px) 100vw, 807px\" \/>                \n            <\/div>\n            <\/a>       \n<style scope=\"scope\">\n\n<\/style>\n    <\/div>\n    \n<\/div><\/div>\n<div class=\"col grid-col large-6 grid-col-1-2\" ><div class=\"col-inner\">\n    <div class=\"img has-hover x md-x lg-x y md-y lg-y\" id=\"image_888450460\">\n    <a class=\"image-lightbox lightbox-gallery\" href=\"http:\/\/www.avicab.com\/back\/wp-content\/uploads\/2018\/05\/jaula-de-iniciacion-y-desarrollo-avicab-_-6-e1526590617910-800x800.jpg\" title=\"\">            <div class=\"img-inner image-zoom dark\" >\n        <img width=\"800\" height=\"800\" src=\"http:\/\/www.avicab.com\/back\/wp-content\/uploads\/2018\/05\/jaula-de-iniciacion-y-desarrollo-avicab-_-6-e1526590617910-800x800.jpg\" class=\"attachment-large size-large\" alt=\"\" decoding=\"async\" loading=\"lazy\" srcset=\"http:\/\/www.avicab.com\/back\/wp-content\/uploads\/2018\/05\/jaula-de-iniciacion-y-desarrollo-avicab-_-6-e1526590617910-800x800.jpg 800w, http:\/\/www.avicab.com\/back\/wp-content\/uploads\/2018\/05\/jaula-de-iniciacion-y-desarrollo-avicab-_-6-e1526590617910-280x280.jpg 280w, http:\/\/www.avicab.com\/back\/wp-content\/uploads\/2018\/05\/jaula-de-iniciacion-y-desarrollo-avicab-_-6-e1526590617910-400x400.jpg 400w, http:\/\/www.avicab.com\/back\/wp-content\/uploads\/2018\/05\/jaula-de-iniciacion-y-desarrollo-avicab-_-6-e1526590617910-768x768.jpg 768w, http:\/\/www.avicab.com\/back\/wp-content\/uploads\/2018\/05\/jaula-de-iniciacion-y-desarrollo-avicab-_-6-e1526590617910.jpg 1209w\" sizes=\"(max-width: 800px) 100vw, 800px\" \/>                \n            <\/div>\n            <\/a>       \n<style scope=\"scope\">\n\n<\/style>\n    <\/div>\n    \n<\/div><\/div>\n            <\/div><!-- .banner-grid .row .grid -->\n    <style scope=\"scope\">\n    #banner-grid-1960069872 .grid-col-1{height: 600px}\n    #banner-grid-1960069872 .grid-col-1-2{height: 300px}\n    #banner-grid-1960069872 .grid-col-1-3{height:200px}\n    #banner-grid-1960069872 .grid-col-2-3{height: 400px}\n    #banner-grid-1960069872 .grid-col-1-4{height: 150px}\n    #banner-grid-1960069872 .grid-col-3-4{height: 450px}\n\n    \n      <\/style>\n    <\/div><!-- .banner-grid-wrapper -->\n  \n<\/div><\/div>\n<div class=\"col medium-3 small-12 large-3\"  ><div class=\"col-inner\"  >\n<div class=\"row row-collapse align-bottom align-center row-box-shadow-5-hover\"  id=\"row-1031418154\">\n<div class=\"col small-12 large-12\"  ><div class=\"col-inner\"  >\n<ul class=\"sidebar-wrapper ul-reset \"><div id=\"custom_html-2\" class=\"widget_text widget widget_custom_html\"><div class=\"textwidget custom-html-widget\"><div role=\"form\" class=\"wpcf7\" id=\"wpcf7-f458-o1\" lang=\"es-ES\" dir=\"ltr\">\n<div class=\"screen-reader-response\"><p role=\"status\" aria-live=\"polite\" aria-atomic=\"true\"><\/p> <ul><\/ul><\/div>\n<form action=\"\/back\/wp-json\/wp\/v2\/pages\/747#wpcf7-f458-o1\" method=\"post\" class=\"wpcf7-form init cf7-style cf7-style-603\" novalidate=\"novalidate\" data-status=\"init\">\n<div style=\"display: none;\">\n<input type=\"hidden\" name=\"_wpcf7\" value=\"458\" \/>\n<input type=\"hidden\" name=\"_wpcf7_version\" value=\"5.6.4\" \/>\n<input type=\"hidden\" name=\"_wpcf7_locale\" value=\"es_ES\" \/>\n<input type=\"hidden\" name=\"_wpcf7_unit_tag\" value=\"wpcf7-f458-o1\" \/>\n<input type=\"hidden\" name=\"_wpcf7_container_post\" value=\"0\" \/>\n<input type=\"hidden\" name=\"_wpcf7_posted_data_hash\" value=\"\" \/>\n<\/div>\n<p><label> Nombre (requerido)<br \/>\n    <span class=\"wpcf7-form-control-wrap\" data-name=\"your-name\"><input type=\"text\" name=\"your-name\" value=\"\" size=\"40\" class=\"wpcf7-form-control wpcf7-text wpcf7-validates-as-required\" aria-required=\"true\" aria-invalid=\"false\" \/><\/span> <\/label><\/p>\n<p><label> Tu correo electr\u00f3nico (requerido)<br \/>\n    <span class=\"wpcf7-form-control-wrap\" data-name=\"your-email\"><input type=\"email\" name=\"your-email\" value=\"\" size=\"40\" class=\"wpcf7-form-control wpcf7-text wpcf7-email wpcf7-validates-as-required wpcf7-validates-as-email\" aria-required=\"true\" aria-invalid=\"false\" \/><\/span> <\/label><\/p>\n<p><label> Pa\u00eds<br \/>\n<span class=\"wpcf7-form-control-wrap\" data-name=\"pais\"><select name=\"pais\" class=\"wpcf7-form-control wpcf7-select\" aria-invalid=\"false\"><option value=\"\">---<\/option><option value=\"Antigua y Barbuda\">Antigua y Barbuda<\/option><option value=\"Argentina\">Argentina<\/option><option value=\"Bahamas\">Bahamas<\/option><option value=\"Barbados\">Barbados<\/option><option value=\"Belice\">Belice<\/option><option value=\"Bolivia\">Bolivia<\/option><option value=\"Brasil\">Brasil<\/option><option value=\"Canad\u00e1\">Canad\u00e1<\/option><option value=\"Costa Rica\">Costa Rica<\/option><option value=\"Colombia\">Colombia<\/option><option value=\"Cuba\">Cuba<\/option><option value=\"Chile\">Chile<\/option><option value=\"Dominica\">Dominica<\/option><option value=\"Ecuador\">Ecuador<\/option><option value=\"El Salvador\">El Salvador<\/option><option value=\"Estados Unidos\">Estados Unidos<\/option><option value=\"Granada\">Granada<\/option><option value=\"Guatemala\">Guatemala<\/option><option value=\"Guyana\">Guyana<\/option><option value=\"Hait\u00ed\">Hait\u00ed<\/option><option value=\"Honduras\">Honduras<\/option><option value=\"Jamaica\">Jamaica<\/option><option value=\"M\u00e9xico\">M\u00e9xico<\/option><option value=\"Nicaragua\">Nicaragua<\/option><option value=\"Rep\u00fablica Dominicana\">Rep\u00fablica Dominicana<\/option><option value=\"San Crist\u00f3bal\">San Crist\u00f3bal<\/option><option value=\"Santa Lucia\">Santa Lucia<\/option><option value=\"San Vicente y Las Granadinas\">San Vicente y Las Granadinas<\/option><option value=\"Surinam\">Surinam<\/option><option value=\"Trinidad y Tobago\">Trinidad y Tobago<\/option><option value=\"Panam\u00e1\">Panam\u00e1<\/option><option value=\"Paraguay\">Paraguay<\/option><option value=\"Per\u00fa\">Per\u00fa<\/option><option value=\"Uruguay\">Uruguay<\/option><option value=\"Venezuela\">Venezuela<\/option><\/select><\/span> <\/label><\/p>\n<p><label> Empresa<br \/>\n<span class=\"wpcf7-form-control-wrap\" data-name=\"empresa\"><input type=\"text\" name=\"empresa\" value=\"\" size=\"40\" class=\"wpcf7-form-control wpcf7-text\" aria-invalid=\"false\" \/><\/span> <\/label><\/p>\n<p><label> Producto (requerido)<br \/>\n<span class=\"wpcf7-form-control-wrap\" data-name=\"producto\"><select name=\"producto\" class=\"wpcf7-form-control wpcf7-select wpcf7-validates-as-required\" aria-required=\"true\" aria-invalid=\"false\"><option value=\"\">---<\/option><option value=\"Bioseguridad\">Bioseguridad<\/option><option value=\"Comederos y bebederos\">Comederos y bebederos<\/option><option value=\"Cerdo\">Cerdo<\/option><option value=\"DET 6000\">DET 6000<\/option><option value=\"Empacadoras y clasificadoras\">Empacadoras y clasificadoras<\/option><option value=\"Empaque y transportaci\u00f3n de huevo\">Empaque y transportaci\u00f3n de huevo<\/option><option value=\"Exhibidores y estanteria\">Exhibidores y estanteria<\/option><option value=\"Galeras av\u00edcolas\">Galeras av\u00edcolas<\/option><option value=\"Generadores de calor\">Generadores de calor<\/option><option value=\"L\u00e1minas de PVC\">L\u00e1minas de PVC<\/option><option value=\"Lavadora de huevo\">Lavadora de huevo<\/option><option value=\"Jaulas av\u00edcolas\">Jaulas av\u00edcolas<\/option><option value=\"M\u00e1quinas de composta\">M\u00e1quinas de composta<\/option><option value=\"Mix de productos\">Mix de productos<\/option><option value=\"Pollo\">Pollo<\/option><option value=\"Silos\">Silos<\/option><\/select><\/span><\/label><\/p>\n<p><label> Tel\u00e9fono (requerido)<br \/>\n<span class=\"wpcf7-form-control-wrap\" data-name=\"tel\"><input type=\"tel\" name=\"tel\" value=\"\" size=\"40\" class=\"wpcf7-form-control wpcf7-text wpcf7-tel wpcf7-validates-as-tel\" aria-invalid=\"false\" \/><\/span> <\/label><\/p>\n<p><input type=\"submit\" value=\"Enviarme informaci\u00f3n\" class=\"wpcf7-form-control has-spinner wpcf7-submit\" \/><\/p>\n<div class=\"wpcf7-response-output\" aria-hidden=\"true\"><\/div><\/form><\/div>\r\n\r\n<\/div><\/div><\/ul>\n<\/div><\/div>\n\n<style scope=\"scope\">\n\n<\/style>\n<\/div>\n<\/div><\/div>\n\n<style scope=\"scope\">\n\n<\/style>\n<\/div>\n","protected":false},"excerpt":{"rendered":"","protected":false},"author":1,"featured_media":0,"parent":0,"menu_order":0,"comment_status":"closed","ping_status":"closed","template":"page-blank.php","meta":{"_mi_skip_tracking":false},"yoast_head":"<!-- This site is optimized with the Yoast SEO plugin v19.10 - https:\/\/yoast.com\/wordpress\/plugins\/seo\/ -->\n<title>Jaulas de iniciaci\u00f3n y desarrollo - Avicab<\/title>\n<meta name=\"robots\" content=\"index, follow, max-snippet:-1, max-image-preview:large, max-video-preview:-1\" \/>\n<link rel=\"canonical\" href=\"https:\/\/www.avicab.com\/back\/jaulas-de-iniciacion-y-desarrollo\/\" \/>\n<meta property=\"og:locale\" content=\"es_ES\" \/>\n<meta property=\"og:type\" content=\"article\" \/>\n<meta property=\"og:title\" content=\"Jaulas de iniciaci\u00f3n y desarrollo - Avicab\" \/>\n<meta property=\"og:url\" content=\"https:\/\/www.avicab.com\/back\/jaulas-de-iniciacion-y-desarrollo\/\" \/>\n<meta property=\"og:site_name\" content=\"Avicab\" \/>\n<meta property=\"article:modified_time\" content=\"2018-05-18T14:39:44+00:00\" \/>\n<meta name=\"twitter:card\" content=\"summary_large_image\" \/>\n<meta name=\"twitter:label1\" content=\"Est. reading time\" \/>\n\t<meta name=\"twitter:data1\" content=\"2 minutos\" \/>\n<script type=\"application\/ld+json\" class=\"yoast-schema-graph\">{\"@context\":\"https:\/\/schema.org\",\"@graph\":[{\"@type\":\"WebPage\",\"@id\":\"https:\/\/www.avicab.com\/back\/jaulas-de-iniciacion-y-desarrollo\/\",\"url\":\"https:\/\/www.avicab.com\/back\/jaulas-de-iniciacion-y-desarrollo\/\",\"name\":\"Jaulas de iniciaci\u00f3n y desarrollo - Avicab\",\"isPartOf\":{\"@id\":\"http:\/\/www.avicab.com\/back\/#website\"},\"datePublished\":\"2018-05-17T20:36:29+00:00\",\"dateModified\":\"2018-05-18T14:39:44+00:00\",\"breadcrumb\":{\"@id\":\"https:\/\/www.avicab.com\/back\/jaulas-de-iniciacion-y-desarrollo\/#breadcrumb\"},\"inLanguage\":\"es\",\"potentialAction\":[{\"@type\":\"ReadAction\",\"target\":[\"https:\/\/www.avicab.com\/back\/jaulas-de-iniciacion-y-desarrollo\/\"]}]},{\"@type\":\"BreadcrumbList\",\"@id\":\"https:\/\/www.avicab.com\/back\/jaulas-de-iniciacion-y-desarrollo\/#breadcrumb\",\"itemListElement\":[{\"@type\":\"ListItem\",\"position\":1,\"name\":\"Portada\",\"item\":\"http:\/\/www.avicab.com\/back\/\"},{\"@type\":\"ListItem\",\"position\":2,\"name\":\"Jaulas de iniciaci\u00f3n y desarrollo\"}]},{\"@type\":\"WebSite\",\"@id\":\"http:\/\/www.avicab.com\/back\/#website\",\"url\":\"http:\/\/www.avicab.com\/back\/\",\"name\":\"Avicab\",\"description\":\"Poultry Solutions\",\"potentialAction\":[{\"@type\":\"SearchAction\",\"target\":{\"@type\":\"EntryPoint\",\"urlTemplate\":\"http:\/\/www.avicab.com\/back\/?s={search_term_string}\"},\"query-input\":\"required name=search_term_string\"}],\"inLanguage\":\"es\"}]}<\/script>\n<!-- \/ Yoast SEO plugin. -->","yoast_head_json":{"title":"Jaulas de iniciaci\u00f3n y desarrollo - Avicab","robots":{"index":"index","follow":"follow","max-snippet":"max-snippet:-1","max-image-preview":"max-image-preview:large","max-video-preview":"max-video-preview:-1"},"canonical":"https:\/\/www.avicab.com\/back\/jaulas-de-iniciacion-y-desarrollo\/","og_locale":"es_ES","og_type":"article","og_title":"Jaulas de iniciaci\u00f3n y desarrollo - Avicab","og_url":"https:\/\/www.avicab.com\/back\/jaulas-de-iniciacion-y-desarrollo\/","og_site_name":"Avicab","article_modified_time":"2018-05-18T14:39:44+00:00","twitter_card":"summary_large_image","twitter_misc":{"Est. reading time":"2 minutos"},"schema":{"@context":"https:\/\/schema.org","@graph":[{"@type":"WebPage","@id":"https:\/\/www.avicab.com\/back\/jaulas-de-iniciacion-y-desarrollo\/","url":"https:\/\/www.avicab.com\/back\/jaulas-de-iniciacion-y-desarrollo\/","name":"Jaulas de iniciaci\u00f3n y desarrollo - Avicab","isPartOf":{"@id":"http:\/\/www.avicab.com\/back\/#website"},"datePublished":"2018-05-17T20:36:29+00:00","dateModified":"2018-05-18T14:39:44+00:00","breadcrumb":{"@id":"https:\/\/www.avicab.com\/back\/jaulas-de-iniciacion-y-desarrollo\/#breadcrumb"},"inLanguage":"es","potentialAction":[{"@type":"ReadAction","target":["https:\/\/www.avicab.com\/back\/jaulas-de-iniciacion-y-desarrollo\/"]}]},{"@type":"BreadcrumbList","@id":"https:\/\/www.avicab.com\/back\/jaulas-de-iniciacion-y-desarrollo\/#breadcrumb","itemListElement":[{"@type":"ListItem","position":1,"name":"Portada","item":"http:\/\/www.avicab.com\/back\/"},{"@type":"ListItem","position":2,"name":"Jaulas de iniciaci\u00f3n y desarrollo"}]},{"@type":"WebSite","@id":"http:\/\/www.avicab.com\/back\/#website","url":"http:\/\/www.avicab.com\/back\/","name":"Avicab","description":"Poultry Solutions","potentialAction":[{"@type":"SearchAction","target":{"@type":"EntryPoint","urlTemplate":"http:\/\/www.avicab.com\/back\/?s={search_term_string}"},"query-input":"required name=search_term_string"}],"inLanguage":"es"}]}},"_links":{"self":[{"href":"http:\/\/www.avicab.com\/back\/wp-json\/wp\/v2\/pages\/747"}],"collection":[{"href":"http:\/\/www.avicab.com\/back\/wp-json\/wp\/v2\/pages"}],"about":[{"href":"http:\/\/www.avicab.com\/back\/wp-json\/wp\/v2\/types\/page"}],"author":[{"embeddable":true,"href":"http:\/\/www.avicab.com\/back\/wp-json\/wp\/v2\/users\/1"}],"replies":[{"embeddable":true,"href":"http:\/\/www.avicab.com\/back\/wp-json\/wp\/v2\/comments?post=747"}],"version-history":[{"count":5,"href":"http:\/\/www.avicab.com\/back\/wp-json\/wp\/v2\/pages\/747\/revisions"}],"predecessor-version":[{"id":854,"href":"http:\/\/www.avicab.com\/back\/wp-json\/wp\/v2\/pages\/747\/revisions\/854"}],"wp:attachment":[{"href":"http:\/\/www.avicab.com\/back\/wp-json\/wp\/v2\/media?parent=747"}],"curies":[{"name":"wp","href":"https:\/\/api.w.org\/{rel}","templated":true}]}}