{"id":730,"date":"2018-05-17T18:04:59","date_gmt":"2018-05-17T18:04:59","guid":{"rendered":"http:\/\/www.avicab.com\/back\/?page_id=730"},"modified":"2018-05-17T18:16:06","modified_gmt":"2018-05-17T18:16:06","slug":"laminas-de-pvc","status":"publish","type":"page","link":"http:\/\/www.avicab.com\/back\/laminas-de-pvc\/","title":{"rendered":"L\u00e1minas de PVC"},"content":{"rendered":"<div class=\"row row-collapse row-full-width align-equal align-center\"  id=\"row-1231361947\">\n<div class=\"col small-12 large-12\"  ><div class=\"col-inner text-center box-shadow-2 text-shadow-1\"  >\n<div class=\"container section-title-container\" style=\"max-width:1068px;\"><h3 class=\"section-title section-title-bold-center\"><b><\/b><span class=\"section-title-main\" >L\u00e1minas de PVC<\/span><b><\/b><\/h3><\/div><!-- .section-title -->\n<\/div><\/div>\n\n<style scope=\"scope\">\n\n#row-1231361947 > .col > .col-inner {\n  padding: 0px 0px 0px 0px;\n}\n<\/style>\n<\/div>\n<div class=\"row row-large row-full-width\"  id=\"row-890789738\">\n<div class=\"col medium-9 small-12 large-9\"  ><div class=\"col-inner\" style=\"padding:20px 0px 0px 0px;\" >\n<h2>L\u00e1mina de techo fabricada con la m\u00e1s alta tecnolog\u00eda en PVC que representa la nueva era en la construcci\u00f3n.<\/h2>\n<p>Tiene un n\u00facleo hecho a base de filamentos de carbono y recubrimiento de cloruro de polivinilo modificado que brindan flexibilidad, estabilidad estructural y disminuci\u00f3n de temperatura interior de 6 a 8 grados; resistente a rayos UV. Con aislante de sonido interior que disminuye a -15 a 20 dB\u00b4s. Ideal para lugares de alta temperatura y humedad.<\/p>\n<p><strong>Caracter\u00edsticas generales:<\/strong><\/p>\n<p>Aislante de calor, tiene baja conductividad t\u00e9rmica aproximadamente 1\/3 de una teja\u00a0de barro y 1\/200 del acero en calibre 0.5 mm.<br \/> Flexibilidad, n\u00facleo hecho de filamentos de carbono que brinda alta flexibilidad y\u00b7estabilidad estructural.<br \/> Eco-amigable, Los procesos de fabricaci\u00f3n no expelen contaminantes a la atm\u00f3sfera 100%\u00a0reciclables y ahorrador de energ\u00eda.<br \/> Liviano, producto altamente denso sin embargo es muy liviano debido a su materia prima.<br \/> Aislante de sonido, reductor de sonido de lluvia de -15 a 20 dB\u00b4s.<br \/> Resistente a rayos UV, brindando larga duraci\u00f3n\u00b7<br \/> Resistente al fuego, no propaga el fuego; auto-extinguible \u00edndice de oxigeno de 32 .4\u00b0\u00b7<br \/> No se oxida, no posee elementos met\u00e1licos y es resistente a la corrosi\u00f3n qu\u00edmica de \u00e1cidos.<br \/> M\u00ednimo mantenimiento, se requiere lavarse por periodos con agua y jab\u00f3n.<br \/> Resistencia clim\u00e1tica, ideal para lugares salinos, lluvia \u00e1cida, graniza o cenizas.<\/p>\n<p><strong>Propiedades de la Fibra de Carb\u00f3n:<\/strong><\/p>\n<p>Elevada resistencia mec\u00e1nica, con un m\u00f3dulo de elasticidad elevado.<br \/> Baja densidad, en comparaci\u00f3n con otros elementos como por ejemplo el acero.<br \/> Resistencia a agentes externos.<br \/> Gran capacidad de aislamiento.<br \/> Resistencia a las variaciones de temperatura, conservando su forma.<br \/> Buenas propiedades ign\u00edfugas.<\/p>\n  <div class=\"banner-grid-wrapper\">\n  <div id=\"banner-grid-506317881\" class=\"banner-grid row row-grid row-small\" data-packery-options=\"\">\n                      \n<div class=\"col grid-col large-6 grid-col-2-3\" ><div class=\"col-inner\">\n    <div class=\"img has-hover x md-x lg-x y md-y lg-y\" id=\"image_341516174\">\n    <a class=\"image-lightbox lightbox-gallery\" href=\"http:\/\/www.avicab.com\/back\/wp-content\/uploads\/2018\/05\/L\u00e1mina-PVC-AVICAB-_-1-e1526580934422-802x800.jpg\" title=\"\">            <div class=\"img-inner image-zoom image-cover dark\" style=\"padding-top:100%;\">\n        <img width=\"401\" height=\"400\" src=\"http:\/\/www.avicab.com\/back\/wp-content\/uploads\/2018\/05\/L\u00e1mina-PVC-AVICAB-_-1-e1526580934422-401x400.jpg\" class=\"attachment-medium size-medium\" alt=\"\" decoding=\"async\" loading=\"lazy\" srcset=\"http:\/\/www.avicab.com\/back\/wp-content\/uploads\/2018\/05\/L\u00e1mina-PVC-AVICAB-_-1-e1526580934422-401x400.jpg 401w, http:\/\/www.avicab.com\/back\/wp-content\/uploads\/2018\/05\/L\u00e1mina-PVC-AVICAB-_-1-e1526580934422-280x280.jpg 280w, http:\/\/www.avicab.com\/back\/wp-content\/uploads\/2018\/05\/L\u00e1mina-PVC-AVICAB-_-1-e1526580934422-768x766.jpg 768w, http:\/\/www.avicab.com\/back\/wp-content\/uploads\/2018\/05\/L\u00e1mina-PVC-AVICAB-_-1-e1526580934422-802x800.jpg 802w, http:\/\/www.avicab.com\/back\/wp-content\/uploads\/2018\/05\/L\u00e1mina-PVC-AVICAB-_-1-e1526580934422.jpg 1328w\" sizes=\"(max-width: 401px) 100vw, 401px\" \/>                \n            <\/div>\n            <\/a>       \n<style scope=\"scope\">\n\n<\/style>\n    <\/div>\n    \n<\/div><\/div>\n<div class=\"col grid-col large-6 grid-col-2-3\" ><div class=\"col-inner\">\n    <div class=\"img has-hover x md-x lg-x y md-y lg-y\" id=\"image_599031951\">\n    <a class=\"image-lightbox lightbox-gallery\" href=\"http:\/\/www.avicab.com\/back\/wp-content\/uploads\/2018\/05\/L\u00e1mina-PVC-AVICAB-_-2-e1526580957821-813x800.jpg\" title=\"\">            <div class=\"img-inner image-zoom image-cover dark\" style=\"padding-top:100%;\">\n        <img width=\"407\" height=\"400\" src=\"http:\/\/www.avicab.com\/back\/wp-content\/uploads\/2018\/05\/L\u00e1mina-PVC-AVICAB-_-2-e1526580957821-407x400.jpg\" class=\"attachment-medium size-medium\" alt=\"\" decoding=\"async\" loading=\"lazy\" srcset=\"http:\/\/www.avicab.com\/back\/wp-content\/uploads\/2018\/05\/L\u00e1mina-PVC-AVICAB-_-2-e1526580957821-407x400.jpg 407w, http:\/\/www.avicab.com\/back\/wp-content\/uploads\/2018\/05\/L\u00e1mina-PVC-AVICAB-_-2-e1526580957821-768x755.jpg 768w, http:\/\/www.avicab.com\/back\/wp-content\/uploads\/2018\/05\/L\u00e1mina-PVC-AVICAB-_-2-e1526580957821-813x800.jpg 813w, http:\/\/www.avicab.com\/back\/wp-content\/uploads\/2018\/05\/L\u00e1mina-PVC-AVICAB-_-2-e1526580957821.jpg 1346w\" sizes=\"(max-width: 407px) 100vw, 407px\" \/>                \n            <\/div>\n            <\/a>       \n<style scope=\"scope\">\n\n<\/style>\n    <\/div>\n    \n<\/div><\/div>\n            <\/div><!-- .banner-grid .row .grid -->\n    <style scope=\"scope\">\n    #banner-grid-506317881 .grid-col-1{height: 600px}\n    #banner-grid-506317881 .grid-col-1-2{height: 300px}\n    #banner-grid-506317881 .grid-col-1-3{height:200px}\n    #banner-grid-506317881 .grid-col-2-3{height: 400px}\n    #banner-grid-506317881 .grid-col-1-4{height: 150px}\n    #banner-grid-506317881 .grid-col-3-4{height: 450px}\n\n    \n      <\/style>\n    <\/div><!-- .banner-grid-wrapper -->\n  \n<\/div><\/div>\n<div class=\"col medium-3 small-12 large-3\"  ><div class=\"col-inner\"  >\n<ul class=\"sidebar-wrapper ul-reset \"><div id=\"custom_html-2\" class=\"widget_text widget widget_custom_html\"><div class=\"textwidget custom-html-widget\"><div role=\"form\" class=\"wpcf7\" id=\"wpcf7-f458-o1\" lang=\"es-ES\" dir=\"ltr\">\n<div class=\"screen-reader-response\"><p role=\"status\" aria-live=\"polite\" aria-atomic=\"true\"><\/p> <ul><\/ul><\/div>\n<form action=\"\/back\/wp-json\/wp\/v2\/pages\/730#wpcf7-f458-o1\" method=\"post\" class=\"wpcf7-form init cf7-style cf7-style-603\" novalidate=\"novalidate\" data-status=\"init\">\n<div style=\"display: none;\">\n<input type=\"hidden\" name=\"_wpcf7\" value=\"458\" \/>\n<input type=\"hidden\" name=\"_wpcf7_version\" value=\"5.6.4\" \/>\n<input type=\"hidden\" name=\"_wpcf7_locale\" value=\"es_ES\" \/>\n<input type=\"hidden\" name=\"_wpcf7_unit_tag\" value=\"wpcf7-f458-o1\" \/>\n<input type=\"hidden\" name=\"_wpcf7_container_post\" value=\"0\" \/>\n<input type=\"hidden\" name=\"_wpcf7_posted_data_hash\" value=\"\" \/>\n<\/div>\n<p><label> Nombre (requerido)<br \/>\n    <span class=\"wpcf7-form-control-wrap\" data-name=\"your-name\"><input type=\"text\" name=\"your-name\" value=\"\" size=\"40\" class=\"wpcf7-form-control wpcf7-text wpcf7-validates-as-required\" aria-required=\"true\" aria-invalid=\"false\" \/><\/span> <\/label><\/p>\n<p><label> Tu correo electr\u00f3nico (requerido)<br \/>\n    <span class=\"wpcf7-form-control-wrap\" data-name=\"your-email\"><input type=\"email\" name=\"your-email\" value=\"\" size=\"40\" class=\"wpcf7-form-control wpcf7-text wpcf7-email wpcf7-validates-as-required wpcf7-validates-as-email\" aria-required=\"true\" aria-invalid=\"false\" \/><\/span> <\/label><\/p>\n<p><label> Pa\u00eds<br \/>\n<span class=\"wpcf7-form-control-wrap\" data-name=\"pais\"><select name=\"pais\" class=\"wpcf7-form-control wpcf7-select\" aria-invalid=\"false\"><option value=\"\">---<\/option><option value=\"Antigua y Barbuda\">Antigua y Barbuda<\/option><option value=\"Argentina\">Argentina<\/option><option value=\"Bahamas\">Bahamas<\/option><option value=\"Barbados\">Barbados<\/option><option value=\"Belice\">Belice<\/option><option value=\"Bolivia\">Bolivia<\/option><option value=\"Brasil\">Brasil<\/option><option value=\"Canad\u00e1\">Canad\u00e1<\/option><option value=\"Costa Rica\">Costa Rica<\/option><option value=\"Colombia\">Colombia<\/option><option value=\"Cuba\">Cuba<\/option><option value=\"Chile\">Chile<\/option><option value=\"Dominica\">Dominica<\/option><option value=\"Ecuador\">Ecuador<\/option><option value=\"El Salvador\">El Salvador<\/option><option value=\"Estados Unidos\">Estados Unidos<\/option><option value=\"Granada\">Granada<\/option><option value=\"Guatemala\">Guatemala<\/option><option value=\"Guyana\">Guyana<\/option><option value=\"Hait\u00ed\">Hait\u00ed<\/option><option value=\"Honduras\">Honduras<\/option><option value=\"Jamaica\">Jamaica<\/option><option value=\"M\u00e9xico\">M\u00e9xico<\/option><option value=\"Nicaragua\">Nicaragua<\/option><option value=\"Rep\u00fablica Dominicana\">Rep\u00fablica Dominicana<\/option><option value=\"San Crist\u00f3bal\">San Crist\u00f3bal<\/option><option value=\"Santa Lucia\">Santa Lucia<\/option><option value=\"San Vicente y Las Granadinas\">San Vicente y Las Granadinas<\/option><option value=\"Surinam\">Surinam<\/option><option value=\"Trinidad y Tobago\">Trinidad y Tobago<\/option><option value=\"Panam\u00e1\">Panam\u00e1<\/option><option value=\"Paraguay\">Paraguay<\/option><option value=\"Per\u00fa\">Per\u00fa<\/option><option value=\"Uruguay\">Uruguay<\/option><option value=\"Venezuela\">Venezuela<\/option><\/select><\/span> <\/label><\/p>\n<p><label> Empresa<br \/>\n<span class=\"wpcf7-form-control-wrap\" data-name=\"empresa\"><input type=\"text\" name=\"empresa\" value=\"\" size=\"40\" class=\"wpcf7-form-control wpcf7-text\" aria-invalid=\"false\" \/><\/span> <\/label><\/p>\n<p><label> Producto (requerido)<br \/>\n<span class=\"wpcf7-form-control-wrap\" data-name=\"producto\"><select name=\"producto\" class=\"wpcf7-form-control wpcf7-select wpcf7-validates-as-required\" aria-required=\"true\" aria-invalid=\"false\"><option value=\"\">---<\/option><option value=\"Bioseguridad\">Bioseguridad<\/option><option value=\"Comederos y bebederos\">Comederos y bebederos<\/option><option value=\"Cerdo\">Cerdo<\/option><option value=\"DET 6000\">DET 6000<\/option><option value=\"Empacadoras y clasificadoras\">Empacadoras y clasificadoras<\/option><option value=\"Empaque y transportaci\u00f3n de huevo\">Empaque y transportaci\u00f3n de huevo<\/option><option value=\"Exhibidores y estanteria\">Exhibidores y estanteria<\/option><option value=\"Galeras av\u00edcolas\">Galeras av\u00edcolas<\/option><option value=\"Generadores de calor\">Generadores de calor<\/option><option value=\"L\u00e1minas de PVC\">L\u00e1minas de PVC<\/option><option value=\"Lavadora de huevo\">Lavadora de huevo<\/option><option value=\"Jaulas av\u00edcolas\">Jaulas av\u00edcolas<\/option><option value=\"M\u00e1quinas de composta\">M\u00e1quinas de composta<\/option><option value=\"Mix de productos\">Mix de productos<\/option><option value=\"Pollo\">Pollo<\/option><option value=\"Silos\">Silos<\/option><\/select><\/span><\/label><\/p>\n<p><label> Tel\u00e9fono (requerido)<br \/>\n<span class=\"wpcf7-form-control-wrap\" data-name=\"tel\"><input type=\"tel\" name=\"tel\" value=\"\" size=\"40\" class=\"wpcf7-form-control wpcf7-text wpcf7-tel wpcf7-validates-as-tel\" aria-invalid=\"false\" \/><\/span> <\/label><\/p>\n<p><input type=\"submit\" value=\"Enviarme informaci\u00f3n\" class=\"wpcf7-form-control has-spinner wpcf7-submit\" \/><\/p>\n<div class=\"wpcf7-response-output\" aria-hidden=\"true\"><\/div><\/form><\/div>\r\n\r\n<\/div><\/div><\/ul>\n<\/div><\/div>\n\n<style scope=\"scope\">\n\n<\/style>\n<\/div>\n","protected":false},"excerpt":{"rendered":"","protected":false},"author":1,"featured_media":0,"parent":0,"menu_order":0,"comment_status":"closed","ping_status":"closed","template":"page-blank.php","meta":{"_mi_skip_tracking":false},"yoast_head":"<!-- This site is optimized with the Yoast SEO plugin v19.10 - https:\/\/yoast.com\/wordpress\/plugins\/seo\/ -->\n<title>L\u00e1minas de PVC - Avicab<\/title>\n<meta name=\"robots\" content=\"index, follow, max-snippet:-1, max-image-preview:large, max-video-preview:-1\" \/>\n<link rel=\"canonical\" href=\"http:\/\/www.avicab.com\/back\/laminas-de-pvc\/\" \/>\n<meta property=\"og:locale\" content=\"es_ES\" \/>\n<meta property=\"og:type\" content=\"article\" \/>\n<meta property=\"og:title\" content=\"L\u00e1minas de PVC - Avicab\" \/>\n<meta property=\"og:url\" content=\"http:\/\/www.avicab.com\/back\/laminas-de-pvc\/\" \/>\n<meta property=\"og:site_name\" content=\"Avicab\" \/>\n<meta property=\"article:modified_time\" content=\"2018-05-17T18:16:06+00:00\" \/>\n<meta name=\"twitter:card\" content=\"summary_large_image\" \/>\n<meta name=\"twitter:label1\" content=\"Est. reading time\" \/>\n\t<meta name=\"twitter:data1\" content=\"2 minutos\" \/>\n<script type=\"application\/ld+json\" class=\"yoast-schema-graph\">{\"@context\":\"https:\/\/schema.org\",\"@graph\":[{\"@type\":\"WebPage\",\"@id\":\"http:\/\/www.avicab.com\/back\/laminas-de-pvc\/\",\"url\":\"http:\/\/www.avicab.com\/back\/laminas-de-pvc\/\",\"name\":\"L\u00e1minas de PVC - Avicab\",\"isPartOf\":{\"@id\":\"http:\/\/www.avicab.com\/back\/#website\"},\"datePublished\":\"2018-05-17T18:04:59+00:00\",\"dateModified\":\"2018-05-17T18:16:06+00:00\",\"breadcrumb\":{\"@id\":\"http:\/\/www.avicab.com\/back\/laminas-de-pvc\/#breadcrumb\"},\"inLanguage\":\"es\",\"potentialAction\":[{\"@type\":\"ReadAction\",\"target\":[\"http:\/\/www.avicab.com\/back\/laminas-de-pvc\/\"]}]},{\"@type\":\"BreadcrumbList\",\"@id\":\"http:\/\/www.avicab.com\/back\/laminas-de-pvc\/#breadcrumb\",\"itemListElement\":[{\"@type\":\"ListItem\",\"position\":1,\"name\":\"Portada\",\"item\":\"http:\/\/www.avicab.com\/back\/\"},{\"@type\":\"ListItem\",\"position\":2,\"name\":\"L\u00e1minas de PVC\"}]},{\"@type\":\"WebSite\",\"@id\":\"http:\/\/www.avicab.com\/back\/#website\",\"url\":\"http:\/\/www.avicab.com\/back\/\",\"name\":\"Avicab\",\"description\":\"Poultry Solutions\",\"potentialAction\":[{\"@type\":\"SearchAction\",\"target\":{\"@type\":\"EntryPoint\",\"urlTemplate\":\"http:\/\/www.avicab.com\/back\/?s={search_term_string}\"},\"query-input\":\"required name=search_term_string\"}],\"inLanguage\":\"es\"}]}<\/script>\n<!-- \/ Yoast SEO plugin. -->","yoast_head_json":{"title":"L\u00e1minas de PVC - Avicab","robots":{"index":"index","follow":"follow","max-snippet":"max-snippet:-1","max-image-preview":"max-image-preview:large","max-video-preview":"max-video-preview:-1"},"canonical":"http:\/\/www.avicab.com\/back\/laminas-de-pvc\/","og_locale":"es_ES","og_type":"article","og_title":"L\u00e1minas de PVC - Avicab","og_url":"http:\/\/www.avicab.com\/back\/laminas-de-pvc\/","og_site_name":"Avicab","article_modified_time":"2018-05-17T18:16:06+00:00","twitter_card":"summary_large_image","twitter_misc":{"Est. reading time":"2 minutos"},"schema":{"@context":"https:\/\/schema.org","@graph":[{"@type":"WebPage","@id":"http:\/\/www.avicab.com\/back\/laminas-de-pvc\/","url":"http:\/\/www.avicab.com\/back\/laminas-de-pvc\/","name":"L\u00e1minas de PVC - Avicab","isPartOf":{"@id":"http:\/\/www.avicab.com\/back\/#website"},"datePublished":"2018-05-17T18:04:59+00:00","dateModified":"2018-05-17T18:16:06+00:00","breadcrumb":{"@id":"http:\/\/www.avicab.com\/back\/laminas-de-pvc\/#breadcrumb"},"inLanguage":"es","potentialAction":[{"@type":"ReadAction","target":["http:\/\/www.avicab.com\/back\/laminas-de-pvc\/"]}]},{"@type":"BreadcrumbList","@id":"http:\/\/www.avicab.com\/back\/laminas-de-pvc\/#breadcrumb","itemListElement":[{"@type":"ListItem","position":1,"name":"Portada","item":"http:\/\/www.avicab.com\/back\/"},{"@type":"ListItem","position":2,"name":"L\u00e1minas de PVC"}]},{"@type":"WebSite","@id":"http:\/\/www.avicab.com\/back\/#website","url":"http:\/\/www.avicab.com\/back\/","name":"Avicab","description":"Poultry Solutions","potentialAction":[{"@type":"SearchAction","target":{"@type":"EntryPoint","urlTemplate":"http:\/\/www.avicab.com\/back\/?s={search_term_string}"},"query-input":"required name=search_term_string"}],"inLanguage":"es"}]}},"_links":{"self":[{"href":"http:\/\/www.avicab.com\/back\/wp-json\/wp\/v2\/pages\/730"}],"collection":[{"href":"http:\/\/www.avicab.com\/back\/wp-json\/wp\/v2\/pages"}],"about":[{"href":"http:\/\/www.avicab.com\/back\/wp-json\/wp\/v2\/types\/page"}],"author":[{"embeddable":true,"href":"http:\/\/www.avicab.com\/back\/wp-json\/wp\/v2\/users\/1"}],"replies":[{"embeddable":true,"href":"http:\/\/www.avicab.com\/back\/wp-json\/wp\/v2\/comments?post=730"}],"version-history":[{"count":8,"href":"http:\/\/www.avicab.com\/back\/wp-json\/wp\/v2\/pages\/730\/revisions"}],"predecessor-version":[{"id":741,"href":"http:\/\/www.avicab.com\/back\/wp-json\/wp\/v2\/pages\/730\/revisions\/741"}],"wp:attachment":[{"href":"http:\/\/www.avicab.com\/back\/wp-json\/wp\/v2\/media?parent=730"}],"curies":[{"name":"wp","href":"https:\/\/api.w.org\/{rel}","templated":true}]}}