{"id":684,"date":"2018-05-16T21:09:50","date_gmt":"2018-05-16T21:09:50","guid":{"rendered":"http:\/\/www.avicab.com\/back\/?page_id=684"},"modified":"2018-05-17T14:15:40","modified_gmt":"2018-05-17T14:15:40","slug":"pollo","status":"publish","type":"page","link":"http:\/\/www.avicab.com\/back\/pollo\/","title":{"rendered":"Pollo"},"content":{"rendered":"<div class=\"row row-collapse row-full-width align-equal align-center\"  id=\"row-732134832\">\n<div class=\"col small-12 large-12\"  ><div class=\"col-inner text-center box-shadow-2 text-shadow-1\"  >\n<div class=\"container section-title-container\" style=\"max-width:1068px;\"><h3 class=\"section-title section-title-bold-center\"><b><\/b><span class=\"section-title-main\" >Pollo<\/span><b><\/b><\/h3><\/div><!-- .section-title -->\n<\/div><\/div>\n<div class=\"col small-12 large-12\"  ><div class=\"col-inner text-center text-shadow-3 dark\" style=\"background-color:rgba(247, 147, 20, 0.8);padding:22px 0px 0px 0px;\" >\n<blockquote>\n<p><strong><span style=\"font-size: 115%;\">Ofrecemos calidad en el servicio y productos para proyectos de pollo de engorda.<\/span><\/strong><\/p>\n<\/blockquote>\n<\/div><\/div>\n\n<style scope=\"scope\">\n\n#row-732134832 > .col > .col-inner {\n  padding: 0px 0px 0px 0px;\n}\n<\/style>\n<\/div>\n<div class=\"row row-full-width align-center\"  id=\"row-1750838595\">\n<div class=\"col medium-9 small-12 large-9\"  ><div class=\"col-inner\"  >\n<div class=\"row\"  id=\"row-1986681442\">\n<div class=\"col medium-8 small-12 large-8\"  ><div class=\"col-inner\"  >\n<h3><strong>Control:<\/strong><\/h3>\n<p>Se ofrece una gama completa de reguladores para controlar sus edificios av\u00edcolas. Construyendo con ventilaci\u00f3n din\u00e1mica, est\u00e1tica o estato-din\u00e1mica, siempre hay una regulaci\u00f3n para satisfacer sus necesidades.<\/p>\n<\/div><\/div>\n<div class=\"col medium-4 small-12 large-4\"  ><div class=\"col-inner\"  >\n    <div class=\"img has-hover x md-x lg-x y md-y lg-y\" id=\"image_1306358470\">\n    <a class=\"image-lightbox lightbox-gallery\" href=\"http:\/\/www.avicab.com\/back\/wp-content\/uploads\/2018\/05\/Pollo-AVICAB-e1526508574816-807x800.jpg\" title=\"\">            <div class=\"img-inner image-zoom dark\" >\n        <img width=\"280\" height=\"280\" src=\"http:\/\/www.avicab.com\/back\/wp-content\/uploads\/2018\/05\/Pollo-AVICAB-e1526508574816-280x280.jpg\" class=\"attachment-thumbnail size-thumbnail\" alt=\"\" decoding=\"async\" loading=\"lazy\" \/>                \n            <\/div>\n            <\/a>       \n<style scope=\"scope\">\n\n<\/style>\n    <\/div>\n    \n<\/div><\/div>\n<\/div>\n<div class=\"row\"  id=\"row-1983030224\">\n<div class=\"col medium-8 small-12 large-8\"  ><div class=\"col-inner\"  >\n<h3><strong>Ventilaci\u00f3n \u2013 Inlets<\/strong><\/h3>\n<p>La gama de ventiladores MULTIFAN hace posible responder a todas sus necesidades de ventilaci\u00f3n.<\/p>\n<\/div><\/div>\n<div class=\"col medium-4 small-12 large-4\"  ><div class=\"col-inner\"  >\n<div class=\"slider-wrapper relative \" id=\"slider-1323181581\" >\n    <div class=\"slider slider-nav-simple slider-nav-large slider-nav-dark slider-style-normal\"\n        data-flickity-options='{\n            \"cellAlign\": \"center\",\n            \"imagesLoaded\": true,\n            \"lazyLoad\": 1,\n            \"freeScroll\": false,\n            \"wrapAround\": true,\n            \"autoPlay\": 6000,\n            \"pauseAutoPlayOnHover\" : true,\n            \"prevNextButtons\": true,\n            \"contain\" : true,\n            \"adaptiveHeight\" : true,\n            \"dragThreshold\" : 5,\n            \"percentPosition\": true,\n            \"pageDots\": true,\n            \"rightToLeft\": false,\n            \"draggable\": true,\n            \"selectedAttraction\": 0.1,\n            \"parallax\" : 0,\n            \"friction\": 0.6        }'\n        >\n        \n    <div class=\"img has-hover x md-x lg-x y md-y lg-y\" id=\"image_1170355967\">\n                <div class=\"img-inner image-zoom image-cover dark\" style=\"padding-top:100%;\">\n        <img width=\"2237\" height=\"2214\" src=\"http:\/\/www.avicab.com\/back\/wp-content\/uploads\/2018\/05\/Inlets-Ventana-Pollo-AVICAB-2-e1526509192206.jpg\" class=\"attachment-original size-original\" alt=\"\" decoding=\"async\" loading=\"lazy\" srcset=\"http:\/\/www.avicab.com\/back\/wp-content\/uploads\/2018\/05\/Inlets-Ventana-Pollo-AVICAB-2-e1526509192206.jpg 2237w, http:\/\/www.avicab.com\/back\/wp-content\/uploads\/2018\/05\/Inlets-Ventana-Pollo-AVICAB-2-e1526509192206-404x400.jpg 404w, http:\/\/www.avicab.com\/back\/wp-content\/uploads\/2018\/05\/Inlets-Ventana-Pollo-AVICAB-2-e1526509192206-768x760.jpg 768w, http:\/\/www.avicab.com\/back\/wp-content\/uploads\/2018\/05\/Inlets-Ventana-Pollo-AVICAB-2-e1526509192206-808x800.jpg 808w\" sizes=\"(max-width: 2237px) 100vw, 2237px\" \/>                \n            <\/div>\n                   \n<style scope=\"scope\">\n\n<\/style>\n    <\/div>\n    \n    <div class=\"img has-hover x md-x lg-x y md-y lg-y\" id=\"image_1314082691\">\n                <div class=\"img-inner image-zoom image-cover dark\" style=\"padding-top:100%;\">\n        <img width=\"2226\" height=\"2208\" src=\"http:\/\/www.avicab.com\/back\/wp-content\/uploads\/2018\/05\/Inlets-Ventilador-Pollo-AVICAB-1-e1526509159890.jpg\" class=\"attachment-original size-original\" alt=\"\" decoding=\"async\" loading=\"lazy\" srcset=\"http:\/\/www.avicab.com\/back\/wp-content\/uploads\/2018\/05\/Inlets-Ventilador-Pollo-AVICAB-1-e1526509159890.jpg 2226w, http:\/\/www.avicab.com\/back\/wp-content\/uploads\/2018\/05\/Inlets-Ventilador-Pollo-AVICAB-1-e1526509159890-403x400.jpg 403w, http:\/\/www.avicab.com\/back\/wp-content\/uploads\/2018\/05\/Inlets-Ventilador-Pollo-AVICAB-1-e1526509159890-768x762.jpg 768w, http:\/\/www.avicab.com\/back\/wp-content\/uploads\/2018\/05\/Inlets-Ventilador-Pollo-AVICAB-1-e1526509159890-807x800.jpg 807w\" sizes=\"(max-width: 2226px) 100vw, 2226px\" \/>                \n            <\/div>\n                   \n<style scope=\"scope\">\n\n<\/style>\n    <\/div>\n    \n     <\/div>\n\n     <div class=\"loading-spin dark large centered\"><\/div>\n\n     <style scope=\"scope\">\n             <\/style>\n<\/div><!-- .ux-slider-wrapper -->\n\n\n<\/div><\/div>\n<\/div>\n<div class=\"row\"  id=\"row-1338590408\">\n<div class=\"col medium-8 small-12 large-8\"  ><div class=\"col-inner\"  >\n<h3><strong>B\u00e1sculas:<\/strong><\/h3>\n<p>Pesaje para todas las producciones. El control de la evoluci\u00f3n del peso de los animales es importante. Este par\u00e1metro permite controlar el buen funcionamiento de su cr\u00eda.<\/p>\n<p>\u00a0<\/p>\n<\/div><\/div>\n<div class=\"col medium-4 small-12 large-4\"  ><div class=\"col-inner\"  >\n    <div class=\"img has-hover x md-x lg-x y md-y lg-y\" id=\"image_1375348648\">\n                <div class=\"img-inner image-zoom image-cover dark\" style=\"padding-top:100%;\">\n        <img width=\"2226\" height=\"2208\" src=\"http:\/\/www.avicab.com\/back\/wp-content\/uploads\/2018\/05\/Bascula-Pollo-AVICAB-e1526509224273.jpg\" class=\"attachment-original size-original\" alt=\"\" decoding=\"async\" loading=\"lazy\" srcset=\"http:\/\/www.avicab.com\/back\/wp-content\/uploads\/2018\/05\/Bascula-Pollo-AVICAB-e1526509224273.jpg 2226w, http:\/\/www.avicab.com\/back\/wp-content\/uploads\/2018\/05\/Bascula-Pollo-AVICAB-e1526509224273-403x400.jpg 403w, http:\/\/www.avicab.com\/back\/wp-content\/uploads\/2018\/05\/Bascula-Pollo-AVICAB-e1526509224273-768x762.jpg 768w, http:\/\/www.avicab.com\/back\/wp-content\/uploads\/2018\/05\/Bascula-Pollo-AVICAB-e1526509224273-807x800.jpg 807w\" sizes=\"(max-width: 2226px) 100vw, 2226px\" \/>                \n            <\/div>\n                   \n<style scope=\"scope\">\n\n<\/style>\n    <\/div>\n    \n<\/div><\/div>\n<\/div>\n<div class=\"row\"  id=\"row-1867080999\">\n<div class=\"col medium-8 small-12 large-8\"  ><div class=\"col-inner\"  >\n<h3><strong>AVILIGHT 2<\/strong><\/h3>\n<p>Es un sistema de iluminaci\u00f3n LED espec\u00edfico para avicultura.<\/p>\n<\/div><\/div>\n<div class=\"col medium-4 small-12 large-4\"  ><div class=\"col-inner\"  >\n    <div class=\"img has-hover x md-x lg-x y md-y lg-y\" id=\"image_2095987540\">\n                <div class=\"img-inner image-zoom image-cover dark\" style=\"padding-top:100%;\">\n        <img width=\"2220\" height=\"2208\" src=\"http:\/\/www.avicab.com\/back\/wp-content\/uploads\/2018\/05\/Avilight2_-AVICAB-2-e1526509243495.jpg\" class=\"attachment-original size-original\" alt=\"\" decoding=\"async\" loading=\"lazy\" srcset=\"http:\/\/www.avicab.com\/back\/wp-content\/uploads\/2018\/05\/Avilight2_-AVICAB-2-e1526509243495.jpg 2220w, http:\/\/www.avicab.com\/back\/wp-content\/uploads\/2018\/05\/Avilight2_-AVICAB-2-e1526509243495-402x400.jpg 402w, http:\/\/www.avicab.com\/back\/wp-content\/uploads\/2018\/05\/Avilight2_-AVICAB-2-e1526509243495-768x764.jpg 768w, http:\/\/www.avicab.com\/back\/wp-content\/uploads\/2018\/05\/Avilight2_-AVICAB-2-e1526509243495-804x800.jpg 804w\" sizes=\"(max-width: 2220px) 100vw, 2220px\" \/>                \n            <\/div>\n                   \n<style scope=\"scope\">\n\n<\/style>\n    <\/div>\n    \n<\/div><\/div>\n<\/div>\n<div class=\"row\"  id=\"row-1461383428\">\n<div class=\"col medium-8 small-12 large-8\"  ><div class=\"col-inner\"  >\n<h3><strong>Platos comederos<\/strong><\/h3>\n<p>Elaborados con los mejores materiales para dar larga vida al producto y beneficiar al inversionista como al ave.<\/p>\n<p>Y muchos m\u00e1s productos para dar la mejor cobertura en proyectos para Pollos de engorda.<\/p>\n<\/div><\/div>\n<div class=\"col medium-4 small-12 large-4\"  ><div class=\"col-inner\"  >\n<div class=\"slider-wrapper relative \" id=\"slider-658742181\" >\n    <div class=\"slider slider-nav-simple slider-nav-large slider-nav-dark slider-style-normal\"\n        data-flickity-options='{\n            \"cellAlign\": \"center\",\n            \"imagesLoaded\": true,\n            \"lazyLoad\": 1,\n            \"freeScroll\": false,\n            \"wrapAround\": true,\n            \"autoPlay\": 6000,\n            \"pauseAutoPlayOnHover\" : true,\n            \"prevNextButtons\": true,\n            \"contain\" : true,\n            \"adaptiveHeight\" : true,\n            \"dragThreshold\" : 5,\n            \"percentPosition\": true,\n            \"pageDots\": true,\n            \"rightToLeft\": false,\n            \"draggable\": true,\n            \"selectedAttraction\": 0.1,\n            \"parallax\" : 0,\n            \"friction\": 0.6        }'\n        >\n        \n    <div class=\"img has-hover x md-x lg-x y md-y lg-y\" id=\"image_1559873888\">\n                <div class=\"img-inner image-zoom image-cover dark\" style=\"padding-top:100%;\">\n        <img width=\"2362\" height=\"2362\" src=\"http:\/\/www.avicab.com\/back\/wp-content\/uploads\/2018\/05\/Pollo-AVICAB-1.jpg\" class=\"attachment-original size-original\" alt=\"\" decoding=\"async\" loading=\"lazy\" srcset=\"http:\/\/www.avicab.com\/back\/wp-content\/uploads\/2018\/05\/Pollo-AVICAB-1.jpg 2362w, http:\/\/www.avicab.com\/back\/wp-content\/uploads\/2018\/05\/Pollo-AVICAB-1-280x280.jpg 280w, http:\/\/www.avicab.com\/back\/wp-content\/uploads\/2018\/05\/Pollo-AVICAB-1-400x400.jpg 400w, http:\/\/www.avicab.com\/back\/wp-content\/uploads\/2018\/05\/Pollo-AVICAB-1-768x768.jpg 768w, http:\/\/www.avicab.com\/back\/wp-content\/uploads\/2018\/05\/Pollo-AVICAB-1-800x800.jpg 800w\" sizes=\"(max-width: 2362px) 100vw, 2362px\" \/>                \n            <\/div>\n                   \n<style scope=\"scope\">\n\n<\/style>\n    <\/div>\n    \n    <div class=\"img has-hover x md-x lg-x y md-y lg-y\" id=\"image_1216015603\">\n                <div class=\"img-inner image-zoom image-cover dark\" style=\"padding-top:100%;\">\n        <img width=\"2362\" height=\"2362\" src=\"http:\/\/www.avicab.com\/back\/wp-content\/uploads\/2018\/05\/Plato-de-Pollo-AVICAB-1.jpg\" class=\"attachment-original size-original\" alt=\"\" decoding=\"async\" loading=\"lazy\" srcset=\"http:\/\/www.avicab.com\/back\/wp-content\/uploads\/2018\/05\/Plato-de-Pollo-AVICAB-1.jpg 2362w, http:\/\/www.avicab.com\/back\/wp-content\/uploads\/2018\/05\/Plato-de-Pollo-AVICAB-1-280x280.jpg 280w, http:\/\/www.avicab.com\/back\/wp-content\/uploads\/2018\/05\/Plato-de-Pollo-AVICAB-1-400x400.jpg 400w, http:\/\/www.avicab.com\/back\/wp-content\/uploads\/2018\/05\/Plato-de-Pollo-AVICAB-1-768x768.jpg 768w, http:\/\/www.avicab.com\/back\/wp-content\/uploads\/2018\/05\/Plato-de-Pollo-AVICAB-1-800x800.jpg 800w\" sizes=\"(max-width: 2362px) 100vw, 2362px\" \/>                \n            <\/div>\n                   \n<style scope=\"scope\">\n\n<\/style>\n    <\/div>\n    \n    <div class=\"img has-hover x md-x lg-x y md-y lg-y\" id=\"image_732926564\">\n                <div class=\"img-inner image-zoom image-cover dark\" style=\"padding-top:100%;\">\n        <img width=\"2202\" height=\"2208\" src=\"http:\/\/www.avicab.com\/back\/wp-content\/uploads\/2018\/05\/Plato-de-Pollo-AVICAB-e1526508808307.jpg\" class=\"attachment-original size-original\" alt=\"\" decoding=\"async\" loading=\"lazy\" srcset=\"http:\/\/www.avicab.com\/back\/wp-content\/uploads\/2018\/05\/Plato-de-Pollo-AVICAB-e1526508808307.jpg 2202w, http:\/\/www.avicab.com\/back\/wp-content\/uploads\/2018\/05\/Plato-de-Pollo-AVICAB-e1526508808307-280x280.jpg 280w, http:\/\/www.avicab.com\/back\/wp-content\/uploads\/2018\/05\/Plato-de-Pollo-AVICAB-e1526508808307-399x400.jpg 399w, http:\/\/www.avicab.com\/back\/wp-content\/uploads\/2018\/05\/Plato-de-Pollo-AVICAB-e1526508808307-768x770.jpg 768w, http:\/\/www.avicab.com\/back\/wp-content\/uploads\/2018\/05\/Plato-de-Pollo-AVICAB-e1526508808307-798x800.jpg 798w\" sizes=\"(max-width: 2202px) 100vw, 2202px\" \/>                \n            <\/div>\n                   \n<style scope=\"scope\">\n\n<\/style>\n    <\/div>\n    \n    <div class=\"img has-hover x md-x lg-x y md-y lg-y\" id=\"image_719384807\">\n                <div class=\"img-inner image-zoom image-cover dark\" style=\"padding-top:100%;\">\n        <img width=\"2196\" height=\"2196\" src=\"http:\/\/www.avicab.com\/back\/wp-content\/uploads\/2018\/05\/Plato-de-Pollo-AVICAB-2-e1526508893381.jpg\" class=\"attachment-original size-original\" alt=\"\" decoding=\"async\" loading=\"lazy\" srcset=\"http:\/\/www.avicab.com\/back\/wp-content\/uploads\/2018\/05\/Plato-de-Pollo-AVICAB-2-e1526508893381.jpg 2196w, http:\/\/www.avicab.com\/back\/wp-content\/uploads\/2018\/05\/Plato-de-Pollo-AVICAB-2-e1526508893381-280x280.jpg 280w, http:\/\/www.avicab.com\/back\/wp-content\/uploads\/2018\/05\/Plato-de-Pollo-AVICAB-2-e1526508893381-400x400.jpg 400w, http:\/\/www.avicab.com\/back\/wp-content\/uploads\/2018\/05\/Plato-de-Pollo-AVICAB-2-e1526508893381-768x768.jpg 768w, http:\/\/www.avicab.com\/back\/wp-content\/uploads\/2018\/05\/Plato-de-Pollo-AVICAB-2-e1526508893381-800x800.jpg 800w\" sizes=\"(max-width: 2196px) 100vw, 2196px\" \/>                \n            <\/div>\n                   \n<style scope=\"scope\">\n\n<\/style>\n    <\/div>\n    \n    <div class=\"img has-hover x md-x lg-x y md-y lg-y\" id=\"image_159320906\">\n                <div class=\"img-inner image-zoom image-cover dark\" style=\"padding-top:100%;\">\n        <img width=\"2362\" height=\"2362\" src=\"http:\/\/www.avicab.com\/back\/wp-content\/uploads\/2018\/05\/Plato-de-Pollo-AVICAB-3.jpg\" class=\"attachment-original size-original\" alt=\"\" decoding=\"async\" loading=\"lazy\" srcset=\"http:\/\/www.avicab.com\/back\/wp-content\/uploads\/2018\/05\/Plato-de-Pollo-AVICAB-3.jpg 2362w, http:\/\/www.avicab.com\/back\/wp-content\/uploads\/2018\/05\/Plato-de-Pollo-AVICAB-3-280x280.jpg 280w, http:\/\/www.avicab.com\/back\/wp-content\/uploads\/2018\/05\/Plato-de-Pollo-AVICAB-3-400x400.jpg 400w, http:\/\/www.avicab.com\/back\/wp-content\/uploads\/2018\/05\/Plato-de-Pollo-AVICAB-3-768x768.jpg 768w, http:\/\/www.avicab.com\/back\/wp-content\/uploads\/2018\/05\/Plato-de-Pollo-AVICAB-3-800x800.jpg 800w\" sizes=\"(max-width: 2362px) 100vw, 2362px\" \/>                \n            <\/div>\n                   \n<style scope=\"scope\">\n\n<\/style>\n    <\/div>\n    \n     <\/div>\n\n     <div class=\"loading-spin dark large centered\"><\/div>\n\n     <style scope=\"scope\">\n             <\/style>\n<\/div><!-- .ux-slider-wrapper -->\n\n\n<\/div><\/div>\n<\/div>\n<\/div><\/div>\n<div class=\"col medium-3 small-12 large-3\"  ><div class=\"col-inner\"  >\n<div class=\"row row-collapse row-full-width align-middle align-center\"  id=\"row-1485330850\">\n<div class=\"col small-12 large-12\"  ><div class=\"col-inner\"  >\n<ul class=\"sidebar-wrapper ul-reset \"><div id=\"custom_html-2\" class=\"widget_text widget widget_custom_html\"><div class=\"textwidget custom-html-widget\"><div role=\"form\" class=\"wpcf7\" id=\"wpcf7-f458-o1\" lang=\"es-ES\" dir=\"ltr\">\n<div class=\"screen-reader-response\"><p role=\"status\" aria-live=\"polite\" aria-atomic=\"true\"><\/p> <ul><\/ul><\/div>\n<form action=\"\/back\/wp-json\/wp\/v2\/pages\/684#wpcf7-f458-o1\" method=\"post\" class=\"wpcf7-form init cf7-style cf7-style-603\" novalidate=\"novalidate\" data-status=\"init\">\n<div style=\"display: none;\">\n<input type=\"hidden\" name=\"_wpcf7\" value=\"458\" \/>\n<input type=\"hidden\" name=\"_wpcf7_version\" value=\"5.6.4\" \/>\n<input type=\"hidden\" name=\"_wpcf7_locale\" value=\"es_ES\" \/>\n<input type=\"hidden\" name=\"_wpcf7_unit_tag\" value=\"wpcf7-f458-o1\" \/>\n<input type=\"hidden\" name=\"_wpcf7_container_post\" value=\"0\" \/>\n<input type=\"hidden\" name=\"_wpcf7_posted_data_hash\" value=\"\" \/>\n<\/div>\n<p><label> Nombre (requerido)<br \/>\n    <span class=\"wpcf7-form-control-wrap\" data-name=\"your-name\"><input type=\"text\" name=\"your-name\" value=\"\" size=\"40\" class=\"wpcf7-form-control wpcf7-text wpcf7-validates-as-required\" aria-required=\"true\" aria-invalid=\"false\" \/><\/span> <\/label><\/p>\n<p><label> Tu correo electr\u00f3nico (requerido)<br \/>\n    <span class=\"wpcf7-form-control-wrap\" data-name=\"your-email\"><input type=\"email\" name=\"your-email\" value=\"\" size=\"40\" class=\"wpcf7-form-control wpcf7-text wpcf7-email wpcf7-validates-as-required wpcf7-validates-as-email\" aria-required=\"true\" aria-invalid=\"false\" \/><\/span> <\/label><\/p>\n<p><label> Pa\u00eds<br \/>\n<span class=\"wpcf7-form-control-wrap\" data-name=\"pais\"><select name=\"pais\" class=\"wpcf7-form-control wpcf7-select\" aria-invalid=\"false\"><option value=\"\">---<\/option><option value=\"Antigua y Barbuda\">Antigua y Barbuda<\/option><option value=\"Argentina\">Argentina<\/option><option value=\"Bahamas\">Bahamas<\/option><option value=\"Barbados\">Barbados<\/option><option value=\"Belice\">Belice<\/option><option value=\"Bolivia\">Bolivia<\/option><option value=\"Brasil\">Brasil<\/option><option value=\"Canad\u00e1\">Canad\u00e1<\/option><option value=\"Costa Rica\">Costa Rica<\/option><option value=\"Colombia\">Colombia<\/option><option value=\"Cuba\">Cuba<\/option><option value=\"Chile\">Chile<\/option><option value=\"Dominica\">Dominica<\/option><option value=\"Ecuador\">Ecuador<\/option><option value=\"El Salvador\">El Salvador<\/option><option value=\"Estados Unidos\">Estados Unidos<\/option><option value=\"Granada\">Granada<\/option><option value=\"Guatemala\">Guatemala<\/option><option value=\"Guyana\">Guyana<\/option><option value=\"Hait\u00ed\">Hait\u00ed<\/option><option value=\"Honduras\">Honduras<\/option><option value=\"Jamaica\">Jamaica<\/option><option value=\"M\u00e9xico\">M\u00e9xico<\/option><option value=\"Nicaragua\">Nicaragua<\/option><option value=\"Rep\u00fablica Dominicana\">Rep\u00fablica Dominicana<\/option><option value=\"San Crist\u00f3bal\">San Crist\u00f3bal<\/option><option value=\"Santa Lucia\">Santa Lucia<\/option><option value=\"San Vicente y Las Granadinas\">San Vicente y Las Granadinas<\/option><option value=\"Surinam\">Surinam<\/option><option value=\"Trinidad y Tobago\">Trinidad y Tobago<\/option><option value=\"Panam\u00e1\">Panam\u00e1<\/option><option value=\"Paraguay\">Paraguay<\/option><option value=\"Per\u00fa\">Per\u00fa<\/option><option value=\"Uruguay\">Uruguay<\/option><option value=\"Venezuela\">Venezuela<\/option><\/select><\/span> <\/label><\/p>\n<p><label> Empresa<br \/>\n<span class=\"wpcf7-form-control-wrap\" data-name=\"empresa\"><input type=\"text\" name=\"empresa\" value=\"\" size=\"40\" class=\"wpcf7-form-control wpcf7-text\" aria-invalid=\"false\" \/><\/span> <\/label><\/p>\n<p><label> Producto (requerido)<br \/>\n<span class=\"wpcf7-form-control-wrap\" data-name=\"producto\"><select name=\"producto\" class=\"wpcf7-form-control wpcf7-select wpcf7-validates-as-required\" aria-required=\"true\" aria-invalid=\"false\"><option value=\"\">---<\/option><option value=\"Bioseguridad\">Bioseguridad<\/option><option value=\"Comederos y bebederos\">Comederos y bebederos<\/option><option value=\"Cerdo\">Cerdo<\/option><option value=\"DET 6000\">DET 6000<\/option><option value=\"Empacadoras y clasificadoras\">Empacadoras y clasificadoras<\/option><option value=\"Empaque y transportaci\u00f3n de huevo\">Empaque y transportaci\u00f3n de huevo<\/option><option value=\"Exhibidores y estanteria\">Exhibidores y estanteria<\/option><option value=\"Galeras av\u00edcolas\">Galeras av\u00edcolas<\/option><option value=\"Generadores de calor\">Generadores de calor<\/option><option value=\"L\u00e1minas de PVC\">L\u00e1minas de PVC<\/option><option value=\"Lavadora de huevo\">Lavadora de huevo<\/option><option value=\"Jaulas av\u00edcolas\">Jaulas av\u00edcolas<\/option><option value=\"M\u00e1quinas de composta\">M\u00e1quinas de composta<\/option><option value=\"Mix de productos\">Mix de productos<\/option><option value=\"Pollo\">Pollo<\/option><option value=\"Silos\">Silos<\/option><\/select><\/span><\/label><\/p>\n<p><label> Tel\u00e9fono (requerido)<br \/>\n<span class=\"wpcf7-form-control-wrap\" data-name=\"tel\"><input type=\"tel\" name=\"tel\" value=\"\" size=\"40\" class=\"wpcf7-form-control wpcf7-text wpcf7-tel wpcf7-validates-as-tel\" aria-invalid=\"false\" \/><\/span> <\/label><\/p>\n<p><input type=\"submit\" value=\"Enviarme informaci\u00f3n\" class=\"wpcf7-form-control has-spinner wpcf7-submit\" \/><\/p>\n<div class=\"wpcf7-response-output\" aria-hidden=\"true\"><\/div><\/form><\/div>\r\n\r\n<\/div><\/div><\/ul>\n<\/div><\/div>\n\n<style scope=\"scope\">\n\n<\/style>\n<\/div>\n<\/div><\/div>\n\n<style scope=\"scope\">\n\n#row-1750838595 > .col > .col-inner {\n  padding: 30px 0px 0px 0px;\n}\n<\/style>\n<\/div>\n","protected":false},"excerpt":{"rendered":"","protected":false},"author":1,"featured_media":0,"parent":0,"menu_order":0,"comment_status":"closed","ping_status":"closed","template":"page-blank.php","meta":{"_mi_skip_tracking":false},"yoast_head":"<!-- This site is optimized with the Yoast SEO plugin v19.10 - https:\/\/yoast.com\/wordpress\/plugins\/seo\/ -->\n<title>Pollo - Avicab<\/title>\n<meta name=\"robots\" content=\"index, follow, max-snippet:-1, max-image-preview:large, max-video-preview:-1\" \/>\n<link rel=\"canonical\" href=\"http:\/\/www.avicab.com\/back\/pollo\/\" \/>\n<meta property=\"og:locale\" content=\"es_ES\" \/>\n<meta property=\"og:type\" content=\"article\" \/>\n<meta property=\"og:title\" content=\"Pollo - Avicab\" \/>\n<meta property=\"og:url\" content=\"http:\/\/www.avicab.com\/back\/pollo\/\" \/>\n<meta property=\"og:site_name\" content=\"Avicab\" \/>\n<meta property=\"article:modified_time\" content=\"2018-05-17T14:15:40+00:00\" \/>\n<meta name=\"twitter:card\" content=\"summary_large_image\" \/>\n<meta name=\"twitter:label1\" content=\"Est. reading time\" \/>\n\t<meta name=\"twitter:data1\" content=\"2 minutos\" \/>\n<script type=\"application\/ld+json\" class=\"yoast-schema-graph\">{\"@context\":\"https:\/\/schema.org\",\"@graph\":[{\"@type\":\"WebPage\",\"@id\":\"http:\/\/www.avicab.com\/back\/pollo\/\",\"url\":\"http:\/\/www.avicab.com\/back\/pollo\/\",\"name\":\"Pollo - Avicab\",\"isPartOf\":{\"@id\":\"http:\/\/www.avicab.com\/back\/#website\"},\"datePublished\":\"2018-05-16T21:09:50+00:00\",\"dateModified\":\"2018-05-17T14:15:40+00:00\",\"breadcrumb\":{\"@id\":\"http:\/\/www.avicab.com\/back\/pollo\/#breadcrumb\"},\"inLanguage\":\"es\",\"potentialAction\":[{\"@type\":\"ReadAction\",\"target\":[\"http:\/\/www.avicab.com\/back\/pollo\/\"]}]},{\"@type\":\"BreadcrumbList\",\"@id\":\"http:\/\/www.avicab.com\/back\/pollo\/#breadcrumb\",\"itemListElement\":[{\"@type\":\"ListItem\",\"position\":1,\"name\":\"Portada\",\"item\":\"http:\/\/www.avicab.com\/back\/\"},{\"@type\":\"ListItem\",\"position\":2,\"name\":\"Pollo\"}]},{\"@type\":\"WebSite\",\"@id\":\"http:\/\/www.avicab.com\/back\/#website\",\"url\":\"http:\/\/www.avicab.com\/back\/\",\"name\":\"Avicab\",\"description\":\"Poultry Solutions\",\"potentialAction\":[{\"@type\":\"SearchAction\",\"target\":{\"@type\":\"EntryPoint\",\"urlTemplate\":\"http:\/\/www.avicab.com\/back\/?s={search_term_string}\"},\"query-input\":\"required name=search_term_string\"}],\"inLanguage\":\"es\"}]}<\/script>\n<!-- \/ Yoast SEO plugin. -->","yoast_head_json":{"title":"Pollo - Avicab","robots":{"index":"index","follow":"follow","max-snippet":"max-snippet:-1","max-image-preview":"max-image-preview:large","max-video-preview":"max-video-preview:-1"},"canonical":"http:\/\/www.avicab.com\/back\/pollo\/","og_locale":"es_ES","og_type":"article","og_title":"Pollo - Avicab","og_url":"http:\/\/www.avicab.com\/back\/pollo\/","og_site_name":"Avicab","article_modified_time":"2018-05-17T14:15:40+00:00","twitter_card":"summary_large_image","twitter_misc":{"Est. reading time":"2 minutos"},"schema":{"@context":"https:\/\/schema.org","@graph":[{"@type":"WebPage","@id":"http:\/\/www.avicab.com\/back\/pollo\/","url":"http:\/\/www.avicab.com\/back\/pollo\/","name":"Pollo - Avicab","isPartOf":{"@id":"http:\/\/www.avicab.com\/back\/#website"},"datePublished":"2018-05-16T21:09:50+00:00","dateModified":"2018-05-17T14:15:40+00:00","breadcrumb":{"@id":"http:\/\/www.avicab.com\/back\/pollo\/#breadcrumb"},"inLanguage":"es","potentialAction":[{"@type":"ReadAction","target":["http:\/\/www.avicab.com\/back\/pollo\/"]}]},{"@type":"BreadcrumbList","@id":"http:\/\/www.avicab.com\/back\/pollo\/#breadcrumb","itemListElement":[{"@type":"ListItem","position":1,"name":"Portada","item":"http:\/\/www.avicab.com\/back\/"},{"@type":"ListItem","position":2,"name":"Pollo"}]},{"@type":"WebSite","@id":"http:\/\/www.avicab.com\/back\/#website","url":"http:\/\/www.avicab.com\/back\/","name":"Avicab","description":"Poultry Solutions","potentialAction":[{"@type":"SearchAction","target":{"@type":"EntryPoint","urlTemplate":"http:\/\/www.avicab.com\/back\/?s={search_term_string}"},"query-input":"required name=search_term_string"}],"inLanguage":"es"}]}},"_links":{"self":[{"href":"http:\/\/www.avicab.com\/back\/wp-json\/wp\/v2\/pages\/684"}],"collection":[{"href":"http:\/\/www.avicab.com\/back\/wp-json\/wp\/v2\/pages"}],"about":[{"href":"http:\/\/www.avicab.com\/back\/wp-json\/wp\/v2\/types\/page"}],"author":[{"embeddable":true,"href":"http:\/\/www.avicab.com\/back\/wp-json\/wp\/v2\/users\/1"}],"replies":[{"embeddable":true,"href":"http:\/\/www.avicab.com\/back\/wp-json\/wp\/v2\/comments?post=684"}],"version-history":[{"count":12,"href":"http:\/\/www.avicab.com\/back\/wp-json\/wp\/v2\/pages\/684\/revisions"}],"predecessor-version":[{"id":707,"href":"http:\/\/www.avicab.com\/back\/wp-json\/wp\/v2\/pages\/684\/revisions\/707"}],"wp:attachment":[{"href":"http:\/\/www.avicab.com\/back\/wp-json\/wp\/v2\/media?parent=684"}],"curies":[{"name":"wp","href":"https:\/\/api.w.org\/{rel}","templated":true}]}}