{"id":669,"date":"2018-05-16T19:31:15","date_gmt":"2018-05-16T19:31:15","guid":{"rendered":"http:\/\/www.avicab.com\/back\/?page_id=669"},"modified":"2018-05-16T21:04:10","modified_gmt":"2018-05-16T21:04:10","slug":"exhibidores-y-estanteria","status":"publish","type":"page","link":"http:\/\/www.avicab.com\/back\/exhibidores-y-estanteria\/","title":{"rendered":"Exhibidores y estanter\u00eda"},"content":{"rendered":"<div class=\"row row-collapse row-full-width align-equal align-center\"  id=\"row-714746124\">\n<div class=\"col small-12 large-12\"  ><div class=\"col-inner text-center box-shadow-2 text-shadow-1\"  >\n<div class=\"container section-title-container\" style=\"max-width:1068px;\"><h3 class=\"section-title section-title-bold-center\"><b><\/b><span class=\"section-title-main\" >Exhibidores y estanter\u00eda<\/span><b><\/b><\/h3><\/div><!-- .section-title -->\n<\/div><\/div>\n\n<style scope=\"scope\">\n\n#row-714746124 > .col > .col-inner {\n  padding: 0px 0px 0px 0px;\n}\n<\/style>\n<\/div>\n<div class=\"row row-full-width align-center\"  id=\"row-598662514\">\n<div class=\"col medium-9 small-12 large-9\"  ><div class=\"col-inner\" style=\"padding:0px 30px 0px 30px;\" >\n<div class=\"row row-large align-middle align-center\"  id=\"row-1551295220\">\n<div class=\"col medium-6 small-12 large-8\"  ><div class=\"col-inner\"  >\n<div class=\"row row-collapse\"  id=\"row-673345563\">\n<div class=\"col small-12 large-12\"  ><div class=\"col-inner\"  >\n<h1><strong>Exhibidores:<\/strong><\/h1>\n<p>Exhibidores a la medida creados para buscar la mejor presentaci\u00f3n del producto, fabricados con los m\u00e1s grandes est\u00e1ndares de calidad para alargar la vida del exhibidor.<\/p>\n<\/div><\/div>\n\n<style scope=\"scope\">\n\n<\/style>\n<\/div>\n<\/div><\/div>\n<div class=\"col medium-4 small-12 large-4\"  ><div class=\"col-inner\"  >\n<div class=\"slider-wrapper relative \" id=\"slider-2081996764\" >\n    <div class=\"slider slider-nav-circle slider-nav-large slider-nav-dark slider-style-normal\"\n        data-flickity-options='{\n            \"cellAlign\": \"center\",\n            \"imagesLoaded\": true,\n            \"lazyLoad\": 1,\n            \"freeScroll\": false,\n            \"wrapAround\": true,\n            \"autoPlay\": 6000,\n            \"pauseAutoPlayOnHover\" : true,\n            \"prevNextButtons\": true,\n            \"contain\" : true,\n            \"adaptiveHeight\" : true,\n            \"dragThreshold\" : 5,\n            \"percentPosition\": true,\n            \"pageDots\": true,\n            \"rightToLeft\": false,\n            \"draggable\": true,\n            \"selectedAttraction\": 0.1,\n            \"parallax\" : 0,\n            \"friction\": 0.6        }'\n        >\n        \n    <div class=\"img has-hover x md-x lg-x y md-y lg-y\" id=\"image_680984128\">\n    <a class=\"image-lightbox lightbox-gallery\" href=\"http:\/\/www.avicab.com\/back\/wp-content\/uploads\/2018\/05\/Exhibidores-AVICAB-e1526503951270-791x800.jpg\" title=\"\">            <div class=\"img-inner image-zoom dark\" >\n        <img width=\"791\" height=\"800\" src=\"http:\/\/www.avicab.com\/back\/wp-content\/uploads\/2018\/05\/Exhibidores-AVICAB-e1526503951270-791x800.jpg\" class=\"attachment-large size-large\" alt=\"\" decoding=\"async\" loading=\"lazy\" srcset=\"http:\/\/www.avicab.com\/back\/wp-content\/uploads\/2018\/05\/Exhibidores-AVICAB-e1526503951270-791x800.jpg 791w, http:\/\/www.avicab.com\/back\/wp-content\/uploads\/2018\/05\/Exhibidores-AVICAB-e1526503951270-396x400.jpg 396w, http:\/\/www.avicab.com\/back\/wp-content\/uploads\/2018\/05\/Exhibidores-AVICAB-e1526503951270-768x776.jpg 768w\" sizes=\"(max-width: 791px) 100vw, 791px\" \/>                \n            <\/div>\n            <\/a>       \n<style scope=\"scope\">\n\n<\/style>\n    <\/div>\n    \n    <div class=\"img has-hover x md-x lg-x y md-y lg-y\" id=\"image_1599222826\">\n    <a class=\"image-lightbox lightbox-gallery\" href=\"http:\/\/www.avicab.com\/back\/wp-content\/uploads\/2018\/05\/Exhibidor-Tipo-Isla-AVICAB.-e1526504005805-811x800.jpg\" title=\"\">            <div class=\"img-inner image-zoom dark\" >\n        <img width=\"811\" height=\"800\" src=\"http:\/\/www.avicab.com\/back\/wp-content\/uploads\/2018\/05\/Exhibidor-Tipo-Isla-AVICAB.-e1526504005805-811x800.jpg\" class=\"attachment-large size-large\" alt=\"\" decoding=\"async\" loading=\"lazy\" srcset=\"http:\/\/www.avicab.com\/back\/wp-content\/uploads\/2018\/05\/Exhibidor-Tipo-Isla-AVICAB.-e1526504005805-811x800.jpg 811w, http:\/\/www.avicab.com\/back\/wp-content\/uploads\/2018\/05\/Exhibidor-Tipo-Isla-AVICAB.-e1526504005805-405x400.jpg 405w, http:\/\/www.avicab.com\/back\/wp-content\/uploads\/2018\/05\/Exhibidor-Tipo-Isla-AVICAB.-e1526504005805-768x758.jpg 768w, http:\/\/www.avicab.com\/back\/wp-content\/uploads\/2018\/05\/Exhibidor-Tipo-Isla-AVICAB.-e1526504005805.jpg 1349w\" sizes=\"(max-width: 811px) 100vw, 811px\" \/>                \n            <\/div>\n            <\/a>       \n<style scope=\"scope\">\n\n<\/style>\n    <\/div>\n    \n    <div class=\"img has-hover x md-x lg-x y md-y lg-y\" id=\"image_1211443378\">\n    <a class=\"image-lightbox lightbox-gallery\" href=\"http:\/\/www.avicab.com\/back\/wp-content\/uploads\/2018\/05\/Exhibidor-de-cabecera-AVICAB.-e1526504023229-808x800.jpg\" title=\"\">            <div class=\"img-inner image-zoom dark\" >\n        <img width=\"808\" height=\"800\" src=\"http:\/\/www.avicab.com\/back\/wp-content\/uploads\/2018\/05\/Exhibidor-de-cabecera-AVICAB.-e1526504023229-808x800.jpg\" class=\"attachment-large size-large\" alt=\"\" decoding=\"async\" loading=\"lazy\" srcset=\"http:\/\/www.avicab.com\/back\/wp-content\/uploads\/2018\/05\/Exhibidor-de-cabecera-AVICAB.-e1526504023229-808x800.jpg 808w, http:\/\/www.avicab.com\/back\/wp-content\/uploads\/2018\/05\/Exhibidor-de-cabecera-AVICAB.-e1526504023229-404x400.jpg 404w, http:\/\/www.avicab.com\/back\/wp-content\/uploads\/2018\/05\/Exhibidor-de-cabecera-AVICAB.-e1526504023229-768x760.jpg 768w, http:\/\/www.avicab.com\/back\/wp-content\/uploads\/2018\/05\/Exhibidor-de-cabecera-AVICAB.-e1526504023229.jpg 1353w\" sizes=\"(max-width: 808px) 100vw, 808px\" \/>                \n            <\/div>\n            <\/a>       \n<style scope=\"scope\">\n\n<\/style>\n    <\/div>\n    \n    <div class=\"img has-hover x md-x lg-x y md-y lg-y\" id=\"image_1185609433\">\n    <a class=\"image-lightbox lightbox-gallery\" href=\"http:\/\/www.avicab.com\/back\/wp-content\/uploads\/2018\/05\/Exhibidor-AVICAB-e1526504042373-791x800.jpg\" title=\"\">            <div class=\"img-inner image-zoom dark\" >\n        <img width=\"791\" height=\"800\" src=\"http:\/\/www.avicab.com\/back\/wp-content\/uploads\/2018\/05\/Exhibidor-AVICAB-e1526504042373-791x800.jpg\" class=\"attachment-large size-large\" alt=\"\" decoding=\"async\" loading=\"lazy\" srcset=\"http:\/\/www.avicab.com\/back\/wp-content\/uploads\/2018\/05\/Exhibidor-AVICAB-e1526504042373-791x800.jpg 791w, http:\/\/www.avicab.com\/back\/wp-content\/uploads\/2018\/05\/Exhibidor-AVICAB-e1526504042373-396x400.jpg 396w, http:\/\/www.avicab.com\/back\/wp-content\/uploads\/2018\/05\/Exhibidor-AVICAB-e1526504042373-768x776.jpg 768w\" sizes=\"(max-width: 791px) 100vw, 791px\" \/>                \n            <\/div>\n            <\/a>       \n<style scope=\"scope\">\n\n<\/style>\n    <\/div>\n    \n     <\/div>\n\n     <div class=\"loading-spin dark large centered\"><\/div>\n\n     <style scope=\"scope\">\n             <\/style>\n<\/div><!-- .ux-slider-wrapper -->\n\n\n<\/div><\/div>\n\n<style scope=\"scope\">\n\n#row-1551295220 > .col > .col-inner {\n  padding: 40px 0px 0px 0px;\n}\n<\/style>\n<\/div>\n<div class=\"row row-large align-middle align-center\"  id=\"row-1075704110\">\n<div class=\"col medium-6 small-12 large-8\"  ><div class=\"col-inner\"  >\n<div class=\"row row-collapse\"  id=\"row-2023815300\">\n<div class=\"col small-12 large-12\"  ><div class=\"col-inner\"  >\n<h1><strong>Estanter\u00eda:<\/strong><\/h1>\n<p>Estanter\u00eda para uso comercial o industrial al alcance de las necesidades que se requieran, dise\u00f1ados y creados con grandes est\u00e1ndares de calidad.<\/p>\n<\/div><\/div>\n\n<style scope=\"scope\">\n\n<\/style>\n<\/div>\n<\/div><\/div>\n<div class=\"col medium-4 small-12 large-4\"  ><div class=\"col-inner\"  >\n    <div class=\"img has-hover x md-x lg-x y md-y lg-y\" id=\"image_488778355\">\n    <a class=\"image-lightbox lightbox-gallery\" href=\"http:\/\/www.avicab.com\/back\/wp-content\/uploads\/2018\/05\/Estanteria.-e1526504061964-796x800.jpg\" title=\"\">            <div class=\"img-inner image-zoom dark\" >\n        <img width=\"796\" height=\"800\" src=\"http:\/\/www.avicab.com\/back\/wp-content\/uploads\/2018\/05\/Estanteria.-e1526504061964-796x800.jpg\" class=\"attachment-large size-large\" alt=\"\" decoding=\"async\" loading=\"lazy\" srcset=\"http:\/\/www.avicab.com\/back\/wp-content\/uploads\/2018\/05\/Estanteria.-e1526504061964-796x800.jpg 796w, http:\/\/www.avicab.com\/back\/wp-content\/uploads\/2018\/05\/Estanteria.-e1526504061964-280x280.jpg 280w, http:\/\/www.avicab.com\/back\/wp-content\/uploads\/2018\/05\/Estanteria.-e1526504061964-398x400.jpg 398w, http:\/\/www.avicab.com\/back\/wp-content\/uploads\/2018\/05\/Estanteria.-e1526504061964-768x772.jpg 768w\" sizes=\"(max-width: 796px) 100vw, 796px\" \/>                \n            <\/div>\n            <\/a>       \n<style scope=\"scope\">\n\n<\/style>\n    <\/div>\n    \n<\/div><\/div>\n\n<style scope=\"scope\">\n\n#row-1075704110 > .col > .col-inner {\n  padding: 40px 0px 0px 0px;\n}\n<\/style>\n<\/div>\n<div class=\"row row-large align-middle align-center\"  id=\"row-425466022\">\n<div class=\"col medium-6 small-12 large-8\"  ><div class=\"col-inner\"  >\n<div class=\"row row-collapse\"  id=\"row-298941395\">\n<div class=\"col small-12 large-12\"  ><div class=\"col-inner\"  >\n<h1><strong>Ferreter\u00eda<\/strong><\/h1>\n<p>Elaboramos productos para ferreter\u00eda como ganchos para exhibir en paneles, botaderos, muebles para mostrador, muebles para colocar mercanc\u00eda, todo tipo de mercanc\u00eda fabricada en acero.<\/p>\n<\/div><\/div>\n\n<style scope=\"scope\">\n\n<\/style>\n<\/div>\n<\/div><\/div>\n<div class=\"col medium-4 small-12 large-4\"  ><div class=\"col-inner\"  >\n    <div class=\"img has-hover x md-x lg-x y md-y lg-y\" id=\"image_436176072\">\n    <a class=\"image-lightbox lightbox-gallery\" href=\"http:\/\/www.avicab.com\/back\/wp-content\/uploads\/2018\/05\/Ganchos-para-panel-AVICAB-e1526503932752-802x800.jpg\" title=\"\">            <div class=\"img-inner image-zoom dark\" >\n        <img width=\"2196\" height=\"2190\" src=\"http:\/\/www.avicab.com\/back\/wp-content\/uploads\/2018\/05\/Ganchos-para-panel-AVICAB-e1526503932752.jpg\" class=\"attachment-original size-original\" alt=\"\" decoding=\"async\" loading=\"lazy\" srcset=\"http:\/\/www.avicab.com\/back\/wp-content\/uploads\/2018\/05\/Ganchos-para-panel-AVICAB-e1526503932752.jpg 2196w, http:\/\/www.avicab.com\/back\/wp-content\/uploads\/2018\/05\/Ganchos-para-panel-AVICAB-e1526503932752-280x280.jpg 280w, http:\/\/www.avicab.com\/back\/wp-content\/uploads\/2018\/05\/Ganchos-para-panel-AVICAB-e1526503932752-401x400.jpg 401w, http:\/\/www.avicab.com\/back\/wp-content\/uploads\/2018\/05\/Ganchos-para-panel-AVICAB-e1526503932752-768x766.jpg 768w, http:\/\/www.avicab.com\/back\/wp-content\/uploads\/2018\/05\/Ganchos-para-panel-AVICAB-e1526503932752-802x800.jpg 802w\" sizes=\"(max-width: 2196px) 100vw, 2196px\" \/>                \n            <\/div>\n            <\/a>       \n<style scope=\"scope\">\n\n<\/style>\n    <\/div>\n    \n<\/div><\/div>\n\n<style scope=\"scope\">\n\n#row-425466022 > .col > .col-inner {\n  padding: 40px 0px 0px 0px;\n}\n<\/style>\n<\/div>\n<div class=\"row row-large align-middle align-center\"  id=\"row-1663143991\">\n<div class=\"col medium-6 small-12 large-8\"  ><div class=\"col-inner\"  >\n<div class=\"row row-collapse\"  id=\"row-705614683\">\n<div class=\"col small-12 large-12\"  ><div class=\"col-inner\"  >\n<h1><strong>Botes de basura<\/strong><\/h1>\n<p>Botes con dos o un contenedor fabricados con l\u00e1minas de acero con los mejores acabados de la m\u00e1s alta calidad.<\/p>\n<h3>\n<\/h3>\n<\/div><\/div>\n\n<style scope=\"scope\">\n\n<\/style>\n<\/div>\n<\/div><\/div>\n<div class=\"col medium-4 small-12 large-4\"  ><div class=\"col-inner\"  >\n    <div class=\"img has-hover x md-x lg-x y md-y lg-y\" id=\"image_1135959686\">\n    <a class=\"image-lightbox lightbox-gallery\" href=\"http:\/\/www.avicab.com\/back\/wp-content\/uploads\/2018\/05\/Botes-de-Basura-AVICAB-e1526504080441-802x800.jpg\" title=\"\">            <div class=\"img-inner image-zoom dark\" >\n        <img width=\"2214\" height=\"2208\" src=\"http:\/\/www.avicab.com\/back\/wp-content\/uploads\/2018\/05\/Botes-de-Basura-AVICAB-e1526504080441.jpg\" class=\"attachment-original size-original\" alt=\"\" decoding=\"async\" loading=\"lazy\" srcset=\"http:\/\/www.avicab.com\/back\/wp-content\/uploads\/2018\/05\/Botes-de-Basura-AVICAB-e1526504080441.jpg 2214w, http:\/\/www.avicab.com\/back\/wp-content\/uploads\/2018\/05\/Botes-de-Basura-AVICAB-e1526504080441-280x280.jpg 280w, http:\/\/www.avicab.com\/back\/wp-content\/uploads\/2018\/05\/Botes-de-Basura-AVICAB-e1526504080441-401x400.jpg 401w, http:\/\/www.avicab.com\/back\/wp-content\/uploads\/2018\/05\/Botes-de-Basura-AVICAB-e1526504080441-768x766.jpg 768w, http:\/\/www.avicab.com\/back\/wp-content\/uploads\/2018\/05\/Botes-de-Basura-AVICAB-e1526504080441-802x800.jpg 802w\" sizes=\"(max-width: 2214px) 100vw, 2214px\" \/>                \n            <\/div>\n            <\/a>       \n<style scope=\"scope\">\n\n<\/style>\n    <\/div>\n    \n<\/div><\/div>\n\n<style scope=\"scope\">\n\n#row-1663143991 > .col > .col-inner {\n  padding: 40px 0px 0px 0px;\n}\n<\/style>\n<\/div>\n<\/div><\/div>\n<div class=\"col medium-3 small-12 large-3\"  ><div class=\"col-inner\"  >\n<div class=\"row row-collapse row-full-width align-middle align-center\"  id=\"row-1530430440\">\n<div class=\"col small-12 large-12\"  ><div class=\"col-inner\"  >\n<ul class=\"sidebar-wrapper ul-reset \"><div id=\"custom_html-2\" class=\"widget_text widget widget_custom_html\"><div class=\"textwidget custom-html-widget\"><div role=\"form\" class=\"wpcf7\" id=\"wpcf7-f458-o1\" lang=\"es-ES\" dir=\"ltr\">\n<div class=\"screen-reader-response\"><p role=\"status\" aria-live=\"polite\" aria-atomic=\"true\"><\/p> <ul><\/ul><\/div>\n<form action=\"\/back\/wp-json\/wp\/v2\/pages\/669#wpcf7-f458-o1\" method=\"post\" class=\"wpcf7-form init cf7-style cf7-style-603\" novalidate=\"novalidate\" data-status=\"init\">\n<div style=\"display: none;\">\n<input type=\"hidden\" name=\"_wpcf7\" value=\"458\" \/>\n<input type=\"hidden\" name=\"_wpcf7_version\" value=\"5.6.4\" \/>\n<input type=\"hidden\" name=\"_wpcf7_locale\" value=\"es_ES\" \/>\n<input type=\"hidden\" name=\"_wpcf7_unit_tag\" value=\"wpcf7-f458-o1\" \/>\n<input type=\"hidden\" name=\"_wpcf7_container_post\" value=\"0\" \/>\n<input type=\"hidden\" name=\"_wpcf7_posted_data_hash\" value=\"\" \/>\n<\/div>\n<p><label> Nombre (requerido)<br \/>\n    <span class=\"wpcf7-form-control-wrap\" data-name=\"your-name\"><input type=\"text\" name=\"your-name\" value=\"\" size=\"40\" class=\"wpcf7-form-control wpcf7-text wpcf7-validates-as-required\" aria-required=\"true\" aria-invalid=\"false\" \/><\/span> <\/label><\/p>\n<p><label> Tu correo electr\u00f3nico (requerido)<br \/>\n    <span class=\"wpcf7-form-control-wrap\" data-name=\"your-email\"><input type=\"email\" name=\"your-email\" value=\"\" size=\"40\" class=\"wpcf7-form-control wpcf7-text wpcf7-email wpcf7-validates-as-required wpcf7-validates-as-email\" aria-required=\"true\" aria-invalid=\"false\" \/><\/span> <\/label><\/p>\n<p><label> Pa\u00eds<br \/>\n<span class=\"wpcf7-form-control-wrap\" data-name=\"pais\"><select name=\"pais\" class=\"wpcf7-form-control wpcf7-select\" aria-invalid=\"false\"><option value=\"\">---<\/option><option value=\"Antigua y Barbuda\">Antigua y Barbuda<\/option><option value=\"Argentina\">Argentina<\/option><option value=\"Bahamas\">Bahamas<\/option><option value=\"Barbados\">Barbados<\/option><option value=\"Belice\">Belice<\/option><option value=\"Bolivia\">Bolivia<\/option><option value=\"Brasil\">Brasil<\/option><option value=\"Canad\u00e1\">Canad\u00e1<\/option><option value=\"Costa Rica\">Costa Rica<\/option><option value=\"Colombia\">Colombia<\/option><option value=\"Cuba\">Cuba<\/option><option value=\"Chile\">Chile<\/option><option value=\"Dominica\">Dominica<\/option><option value=\"Ecuador\">Ecuador<\/option><option value=\"El Salvador\">El Salvador<\/option><option value=\"Estados Unidos\">Estados Unidos<\/option><option value=\"Granada\">Granada<\/option><option value=\"Guatemala\">Guatemala<\/option><option value=\"Guyana\">Guyana<\/option><option value=\"Hait\u00ed\">Hait\u00ed<\/option><option value=\"Honduras\">Honduras<\/option><option value=\"Jamaica\">Jamaica<\/option><option value=\"M\u00e9xico\">M\u00e9xico<\/option><option value=\"Nicaragua\">Nicaragua<\/option><option value=\"Rep\u00fablica Dominicana\">Rep\u00fablica Dominicana<\/option><option value=\"San Crist\u00f3bal\">San Crist\u00f3bal<\/option><option value=\"Santa Lucia\">Santa Lucia<\/option><option value=\"San Vicente y Las Granadinas\">San Vicente y Las Granadinas<\/option><option value=\"Surinam\">Surinam<\/option><option value=\"Trinidad y Tobago\">Trinidad y Tobago<\/option><option value=\"Panam\u00e1\">Panam\u00e1<\/option><option value=\"Paraguay\">Paraguay<\/option><option value=\"Per\u00fa\">Per\u00fa<\/option><option value=\"Uruguay\">Uruguay<\/option><option value=\"Venezuela\">Venezuela<\/option><\/select><\/span> <\/label><\/p>\n<p><label> Empresa<br \/>\n<span class=\"wpcf7-form-control-wrap\" data-name=\"empresa\"><input type=\"text\" name=\"empresa\" value=\"\" size=\"40\" class=\"wpcf7-form-control wpcf7-text\" aria-invalid=\"false\" \/><\/span> <\/label><\/p>\n<p><label> Producto (requerido)<br \/>\n<span class=\"wpcf7-form-control-wrap\" data-name=\"producto\"><select name=\"producto\" class=\"wpcf7-form-control wpcf7-select wpcf7-validates-as-required\" aria-required=\"true\" aria-invalid=\"false\"><option value=\"\">---<\/option><option value=\"Bioseguridad\">Bioseguridad<\/option><option value=\"Comederos y bebederos\">Comederos y bebederos<\/option><option value=\"Cerdo\">Cerdo<\/option><option value=\"DET 6000\">DET 6000<\/option><option value=\"Empacadoras y clasificadoras\">Empacadoras y clasificadoras<\/option><option value=\"Empaque y transportaci\u00f3n de huevo\">Empaque y transportaci\u00f3n de huevo<\/option><option value=\"Exhibidores y estanteria\">Exhibidores y estanteria<\/option><option value=\"Galeras av\u00edcolas\">Galeras av\u00edcolas<\/option><option value=\"Generadores de calor\">Generadores de calor<\/option><option value=\"L\u00e1minas de PVC\">L\u00e1minas de PVC<\/option><option value=\"Lavadora de huevo\">Lavadora de huevo<\/option><option value=\"Jaulas av\u00edcolas\">Jaulas av\u00edcolas<\/option><option value=\"M\u00e1quinas de composta\">M\u00e1quinas de composta<\/option><option value=\"Mix de productos\">Mix de productos<\/option><option value=\"Pollo\">Pollo<\/option><option value=\"Silos\">Silos<\/option><\/select><\/span><\/label><\/p>\n<p><label> Tel\u00e9fono (requerido)<br \/>\n<span class=\"wpcf7-form-control-wrap\" data-name=\"tel\"><input type=\"tel\" name=\"tel\" value=\"\" size=\"40\" class=\"wpcf7-form-control wpcf7-text wpcf7-tel wpcf7-validates-as-tel\" aria-invalid=\"false\" \/><\/span> <\/label><\/p>\n<p><input type=\"submit\" value=\"Enviarme informaci\u00f3n\" class=\"wpcf7-form-control has-spinner wpcf7-submit\" \/><\/p>\n<div class=\"wpcf7-response-output\" aria-hidden=\"true\"><\/div><\/form><\/div>\r\n\r\n<\/div><\/div><\/ul>\n<\/div><\/div>\n\n<style scope=\"scope\">\n\n<\/style>\n<\/div>\n<\/div><\/div>\n\n<style scope=\"scope\">\n\n<\/style>\n<\/div>\n","protected":false},"excerpt":{"rendered":"","protected":false},"author":1,"featured_media":0,"parent":0,"menu_order":0,"comment_status":"closed","ping_status":"closed","template":"page-blank.php","meta":{"_mi_skip_tracking":false},"yoast_head":"<!-- This site is optimized with the Yoast SEO plugin v19.10 - https:\/\/yoast.com\/wordpress\/plugins\/seo\/ -->\n<title>Exhibidores y estanter\u00eda - Avicab<\/title>\n<meta name=\"robots\" content=\"index, follow, max-snippet:-1, max-image-preview:large, max-video-preview:-1\" \/>\n<link rel=\"canonical\" href=\"https:\/\/www.avicab.com\/back\/exhibidores-y-estanteria\/\" \/>\n<meta property=\"og:locale\" content=\"es_ES\" \/>\n<meta property=\"og:type\" content=\"article\" \/>\n<meta property=\"og:title\" content=\"Exhibidores y estanter\u00eda - Avicab\" \/>\n<meta property=\"og:url\" content=\"https:\/\/www.avicab.com\/back\/exhibidores-y-estanteria\/\" \/>\n<meta property=\"og:site_name\" content=\"Avicab\" \/>\n<meta property=\"article:modified_time\" content=\"2018-05-16T21:04:10+00:00\" \/>\n<meta name=\"twitter:card\" content=\"summary_large_image\" \/>\n<meta name=\"twitter:label1\" content=\"Est. reading time\" \/>\n\t<meta name=\"twitter:data1\" content=\"2 minutos\" \/>\n<script type=\"application\/ld+json\" class=\"yoast-schema-graph\">{\"@context\":\"https:\/\/schema.org\",\"@graph\":[{\"@type\":\"WebPage\",\"@id\":\"https:\/\/www.avicab.com\/back\/exhibidores-y-estanteria\/\",\"url\":\"https:\/\/www.avicab.com\/back\/exhibidores-y-estanteria\/\",\"name\":\"Exhibidores y estanter\u00eda - Avicab\",\"isPartOf\":{\"@id\":\"http:\/\/www.avicab.com\/back\/#website\"},\"datePublished\":\"2018-05-16T19:31:15+00:00\",\"dateModified\":\"2018-05-16T21:04:10+00:00\",\"breadcrumb\":{\"@id\":\"https:\/\/www.avicab.com\/back\/exhibidores-y-estanteria\/#breadcrumb\"},\"inLanguage\":\"es\",\"potentialAction\":[{\"@type\":\"ReadAction\",\"target\":[\"https:\/\/www.avicab.com\/back\/exhibidores-y-estanteria\/\"]}]},{\"@type\":\"BreadcrumbList\",\"@id\":\"https:\/\/www.avicab.com\/back\/exhibidores-y-estanteria\/#breadcrumb\",\"itemListElement\":[{\"@type\":\"ListItem\",\"position\":1,\"name\":\"Portada\",\"item\":\"http:\/\/www.avicab.com\/back\/\"},{\"@type\":\"ListItem\",\"position\":2,\"name\":\"Exhibidores y estanter\u00eda\"}]},{\"@type\":\"WebSite\",\"@id\":\"http:\/\/www.avicab.com\/back\/#website\",\"url\":\"http:\/\/www.avicab.com\/back\/\",\"name\":\"Avicab\",\"description\":\"Poultry Solutions\",\"potentialAction\":[{\"@type\":\"SearchAction\",\"target\":{\"@type\":\"EntryPoint\",\"urlTemplate\":\"http:\/\/www.avicab.com\/back\/?s={search_term_string}\"},\"query-input\":\"required name=search_term_string\"}],\"inLanguage\":\"es\"}]}<\/script>\n<!-- \/ Yoast SEO plugin. -->","yoast_head_json":{"title":"Exhibidores y estanter\u00eda - Avicab","robots":{"index":"index","follow":"follow","max-snippet":"max-snippet:-1","max-image-preview":"max-image-preview:large","max-video-preview":"max-video-preview:-1"},"canonical":"https:\/\/www.avicab.com\/back\/exhibidores-y-estanteria\/","og_locale":"es_ES","og_type":"article","og_title":"Exhibidores y estanter\u00eda - Avicab","og_url":"https:\/\/www.avicab.com\/back\/exhibidores-y-estanteria\/","og_site_name":"Avicab","article_modified_time":"2018-05-16T21:04:10+00:00","twitter_card":"summary_large_image","twitter_misc":{"Est. reading time":"2 minutos"},"schema":{"@context":"https:\/\/schema.org","@graph":[{"@type":"WebPage","@id":"https:\/\/www.avicab.com\/back\/exhibidores-y-estanteria\/","url":"https:\/\/www.avicab.com\/back\/exhibidores-y-estanteria\/","name":"Exhibidores y estanter\u00eda - Avicab","isPartOf":{"@id":"http:\/\/www.avicab.com\/back\/#website"},"datePublished":"2018-05-16T19:31:15+00:00","dateModified":"2018-05-16T21:04:10+00:00","breadcrumb":{"@id":"https:\/\/www.avicab.com\/back\/exhibidores-y-estanteria\/#breadcrumb"},"inLanguage":"es","potentialAction":[{"@type":"ReadAction","target":["https:\/\/www.avicab.com\/back\/exhibidores-y-estanteria\/"]}]},{"@type":"BreadcrumbList","@id":"https:\/\/www.avicab.com\/back\/exhibidores-y-estanteria\/#breadcrumb","itemListElement":[{"@type":"ListItem","position":1,"name":"Portada","item":"http:\/\/www.avicab.com\/back\/"},{"@type":"ListItem","position":2,"name":"Exhibidores y estanter\u00eda"}]},{"@type":"WebSite","@id":"http:\/\/www.avicab.com\/back\/#website","url":"http:\/\/www.avicab.com\/back\/","name":"Avicab","description":"Poultry Solutions","potentialAction":[{"@type":"SearchAction","target":{"@type":"EntryPoint","urlTemplate":"http:\/\/www.avicab.com\/back\/?s={search_term_string}"},"query-input":"required name=search_term_string"}],"inLanguage":"es"}]}},"_links":{"self":[{"href":"http:\/\/www.avicab.com\/back\/wp-json\/wp\/v2\/pages\/669"}],"collection":[{"href":"http:\/\/www.avicab.com\/back\/wp-json\/wp\/v2\/pages"}],"about":[{"href":"http:\/\/www.avicab.com\/back\/wp-json\/wp\/v2\/types\/page"}],"author":[{"embeddable":true,"href":"http:\/\/www.avicab.com\/back\/wp-json\/wp\/v2\/users\/1"}],"replies":[{"embeddable":true,"href":"http:\/\/www.avicab.com\/back\/wp-json\/wp\/v2\/comments?post=669"}],"version-history":[{"count":6,"href":"http:\/\/www.avicab.com\/back\/wp-json\/wp\/v2\/pages\/669\/revisions"}],"predecessor-version":[{"id":683,"href":"http:\/\/www.avicab.com\/back\/wp-json\/wp\/v2\/pages\/669\/revisions\/683"}],"wp:attachment":[{"href":"http:\/\/www.avicab.com\/back\/wp-json\/wp\/v2\/media?parent=669"}],"curies":[{"name":"wp","href":"https:\/\/api.w.org\/{rel}","templated":true}]}}