{"id":427,"date":"2018-04-18T16:55:02","date_gmt":"2018-04-18T16:55:02","guid":{"rendered":"http:\/\/www.avicab.com\/back\/?page_id=427"},"modified":"2018-05-16T17:23:42","modified_gmt":"2018-05-16T17:23:42","slug":"galeras-avicolas","status":"publish","type":"page","link":"http:\/\/www.avicab.com\/back\/galeras-avicolas\/","title":{"rendered":"Galeras av\u00edcolas"},"content":{"rendered":"<div class=\"row row-collapse row-full-width align-equal align-center\"  id=\"row-1932707498\">\n<div class=\"col small-12 large-12\"  ><div class=\"col-inner text-center box-shadow-2 text-shadow-1\"  >\n<div class=\"container section-title-container\" style=\"max-width:1068px;\"><h3 class=\"section-title section-title-bold-center\"><b><\/b><span class=\"section-title-main\" >Galeras av\u00edcolas<\/span><b><\/b><\/h3><\/div><!-- .section-title -->\n<\/div><\/div>\n\n<style scope=\"scope\">\n\n#row-1932707498 > .col > .col-inner {\n  padding: 0px 0px 0px 0px;\n}\n<\/style>\n<\/div>\n<div class=\"row row-large align-center\"  id=\"row-1521808197\">\n<div class=\"col medium-8 small-12 large-8\"  ><div class=\"col-inner\"  >\n<h1 style=\"text-align: left;\"><strong>Casetas o estructuras<\/strong><\/h1>\n<p style=\"text-align: left;\">Dise\u00f1amos y construimos estructuras met\u00e1licas seg\u00fan sean tus necesidades. Galpones av\u00edcolas de piso y elevadas, ganaderas, porc\u00edcolas, bodegas o naves industriales. Ofrecemos una amplia experiencia con niveles de tiempos de entrega r\u00e9cord con la m\u00e1s alta calidad garantizando nuestro trabajo, dise\u00f1o y fabricaci\u00f3n.<\/p>\n<div class=\"slider-wrapper relative \" id=\"slider-1441724034\" >\n    <div class=\"slider slider-nav-circle slider-nav-large slider-nav-light slider-style-normal\"\n        data-flickity-options='{\n            \"cellAlign\": \"center\",\n            \"imagesLoaded\": true,\n            \"lazyLoad\": 1,\n            \"freeScroll\": false,\n            \"wrapAround\": true,\n            \"autoPlay\": 6000,\n            \"pauseAutoPlayOnHover\" : true,\n            \"prevNextButtons\": true,\n            \"contain\" : true,\n            \"adaptiveHeight\" : true,\n            \"dragThreshold\" : 5,\n            \"percentPosition\": true,\n            \"pageDots\": true,\n            \"rightToLeft\": false,\n            \"draggable\": true,\n            \"selectedAttraction\": 0.1,\n            \"parallax\" : 0,\n            \"friction\": 0.6        }'\n        >\n        \n    <div class=\"img has-hover x md-x lg-x y md-y lg-y\" id=\"image_1992389326\">\n    <a class=\"image-lightbox lightbox-gallery\" href=\"http:\/\/www.avicab.com\/back\/wp-content\/uploads\/2018\/05\/Caseta-Galp\u00f3n-AVICAB-_-7-e1526415752637-798x800.jpg\" title=\"\">            <div class=\"img-inner image-cover dark\" style=\"padding-top:56.25%;\">\n        <img width=\"798\" height=\"800\" src=\"http:\/\/www.avicab.com\/back\/wp-content\/uploads\/2018\/05\/Caseta-Galp\u00f3n-AVICAB-_-7-e1526415752637-798x800.jpg\" class=\"attachment-large size-large\" alt=\"\" decoding=\"async\" loading=\"lazy\" srcset=\"http:\/\/www.avicab.com\/back\/wp-content\/uploads\/2018\/05\/Caseta-Galp\u00f3n-AVICAB-_-7-e1526415752637-798x800.jpg 798w, http:\/\/www.avicab.com\/back\/wp-content\/uploads\/2018\/05\/Caseta-Galp\u00f3n-AVICAB-_-7-e1526415752637-280x280.jpg 280w, http:\/\/www.avicab.com\/back\/wp-content\/uploads\/2018\/05\/Caseta-Galp\u00f3n-AVICAB-_-7-e1526415752637-399x400.jpg 399w, http:\/\/www.avicab.com\/back\/wp-content\/uploads\/2018\/05\/Caseta-Galp\u00f3n-AVICAB-_-7-e1526415752637-768x770.jpg 768w, http:\/\/www.avicab.com\/back\/wp-content\/uploads\/2018\/05\/Caseta-Galp\u00f3n-AVICAB-_-7-e1526415752637.jpg 1339w\" sizes=\"(max-width: 798px) 100vw, 798px\" \/>                \n            <\/div>\n            <\/a>       \n<style scope=\"scope\">\n\n<\/style>\n    <\/div>\n    \n    <div class=\"img has-hover x md-x lg-x y md-y lg-y\" id=\"image_1174022284\">\n    <a class=\"image-lightbox lightbox-gallery\" href=\"http:\/\/www.avicab.com\/back\/wp-content\/uploads\/2018\/05\/Caseta-Galp\u00f3n-AVICAB-_-6-e1526415774234-804x800.jpg\" title=\"\">            <div class=\"img-inner image-cover dark\" style=\"padding-top:56.25%;\">\n        <img width=\"804\" height=\"800\" src=\"http:\/\/www.avicab.com\/back\/wp-content\/uploads\/2018\/05\/Caseta-Galp\u00f3n-AVICAB-_-6-e1526415774234-804x800.jpg\" class=\"attachment-large size-large\" alt=\"\" decoding=\"async\" loading=\"lazy\" srcset=\"http:\/\/www.avicab.com\/back\/wp-content\/uploads\/2018\/05\/Caseta-Galp\u00f3n-AVICAB-_-6-e1526415774234-804x800.jpg 804w, http:\/\/www.avicab.com\/back\/wp-content\/uploads\/2018\/05\/Caseta-Galp\u00f3n-AVICAB-_-6-e1526415774234-280x280.jpg 280w, http:\/\/www.avicab.com\/back\/wp-content\/uploads\/2018\/05\/Caseta-Galp\u00f3n-AVICAB-_-6-e1526415774234-402x400.jpg 402w, http:\/\/www.avicab.com\/back\/wp-content\/uploads\/2018\/05\/Caseta-Galp\u00f3n-AVICAB-_-6-e1526415774234-768x764.jpg 768w, http:\/\/www.avicab.com\/back\/wp-content\/uploads\/2018\/05\/Caseta-Galp\u00f3n-AVICAB-_-6-e1526415774234.jpg 1342w\" sizes=\"(max-width: 804px) 100vw, 804px\" \/>                \n            <\/div>\n            <\/a>       \n<style scope=\"scope\">\n\n<\/style>\n    <\/div>\n    \n    <div class=\"img has-hover x md-x lg-x y md-y lg-y\" id=\"image_1921420694\">\n    <a class=\"image-lightbox lightbox-gallery\" href=\"http:\/\/www.avicab.com\/back\/wp-content\/uploads\/2018\/05\/Caseta-Galp\u00f3n-AVICAB-_-5-e1526415800697-805x800.jpg\" title=\"\">            <div class=\"img-inner image-cover dark\" style=\"padding-top:56.25%;\">\n        <img width=\"805\" height=\"800\" src=\"http:\/\/www.avicab.com\/back\/wp-content\/uploads\/2018\/05\/Caseta-Galp\u00f3n-AVICAB-_-5-e1526415800697-805x800.jpg\" class=\"attachment-large size-large\" alt=\"\" decoding=\"async\" loading=\"lazy\" srcset=\"http:\/\/www.avicab.com\/back\/wp-content\/uploads\/2018\/05\/Caseta-Galp\u00f3n-AVICAB-_-5-e1526415800697-805x800.jpg 805w, http:\/\/www.avicab.com\/back\/wp-content\/uploads\/2018\/05\/Caseta-Galp\u00f3n-AVICAB-_-5-e1526415800697-402x400.jpg 402w, http:\/\/www.avicab.com\/back\/wp-content\/uploads\/2018\/05\/Caseta-Galp\u00f3n-AVICAB-_-5-e1526415800697-768x763.jpg 768w, http:\/\/www.avicab.com\/back\/wp-content\/uploads\/2018\/05\/Caseta-Galp\u00f3n-AVICAB-_-5-e1526415800697.jpg 1339w\" sizes=\"(max-width: 805px) 100vw, 805px\" \/>                \n            <\/div>\n            <\/a>       \n<style scope=\"scope\">\n\n<\/style>\n    <\/div>\n    \n    <div class=\"img has-hover x md-x lg-x y md-y lg-y\" id=\"image_1883449128\">\n    <a class=\"image-lightbox lightbox-gallery\" href=\"http:\/\/www.avicab.com\/back\/wp-content\/uploads\/2018\/05\/Caseta-Galp\u00f3n-AVICAB-_-4-e1526415829306-798x800.jpg\" title=\"\">            <div class=\"img-inner image-cover dark\" style=\"padding-top:56.25%;\">\n        <img width=\"798\" height=\"800\" src=\"http:\/\/www.avicab.com\/back\/wp-content\/uploads\/2018\/05\/Caseta-Galp\u00f3n-AVICAB-_-4-e1526415829306-798x800.jpg\" class=\"attachment-large size-large\" alt=\"\" decoding=\"async\" loading=\"lazy\" srcset=\"http:\/\/www.avicab.com\/back\/wp-content\/uploads\/2018\/05\/Caseta-Galp\u00f3n-AVICAB-_-4-e1526415829306-798x800.jpg 798w, http:\/\/www.avicab.com\/back\/wp-content\/uploads\/2018\/05\/Caseta-Galp\u00f3n-AVICAB-_-4-e1526415829306-280x280.jpg 280w, http:\/\/www.avicab.com\/back\/wp-content\/uploads\/2018\/05\/Caseta-Galp\u00f3n-AVICAB-_-4-e1526415829306-399x400.jpg 399w, http:\/\/www.avicab.com\/back\/wp-content\/uploads\/2018\/05\/Caseta-Galp\u00f3n-AVICAB-_-4-e1526415829306-768x770.jpg 768w, http:\/\/www.avicab.com\/back\/wp-content\/uploads\/2018\/05\/Caseta-Galp\u00f3n-AVICAB-_-4-e1526415829306.jpg 1342w\" sizes=\"(max-width: 798px) 100vw, 798px\" \/>                \n            <\/div>\n            <\/a>       \n<style scope=\"scope\">\n\n<\/style>\n    <\/div>\n    \n    <div class=\"img has-hover x md-x lg-x y md-y lg-y\" id=\"image_738359979\">\n    <a class=\"image-lightbox lightbox-gallery\" href=\"http:\/\/www.avicab.com\/back\/wp-content\/uploads\/2018\/05\/Caseta-Galp\u00f3n-AVICAB-_-3-e1526415895614-796x800.jpg\" title=\"\">            <div class=\"img-inner image-cover dark\" style=\"padding-top:56.25%;\">\n        <img width=\"796\" height=\"800\" src=\"http:\/\/www.avicab.com\/back\/wp-content\/uploads\/2018\/05\/Caseta-Galp\u00f3n-AVICAB-_-3-e1526415895614-796x800.jpg\" class=\"attachment-large size-large\" alt=\"\" decoding=\"async\" loading=\"lazy\" srcset=\"http:\/\/www.avicab.com\/back\/wp-content\/uploads\/2018\/05\/Caseta-Galp\u00f3n-AVICAB-_-3-e1526415895614-796x800.jpg 796w, http:\/\/www.avicab.com\/back\/wp-content\/uploads\/2018\/05\/Caseta-Galp\u00f3n-AVICAB-_-3-e1526415895614-280x280.jpg 280w, http:\/\/www.avicab.com\/back\/wp-content\/uploads\/2018\/05\/Caseta-Galp\u00f3n-AVICAB-_-3-e1526415895614-398x400.jpg 398w, http:\/\/www.avicab.com\/back\/wp-content\/uploads\/2018\/05\/Caseta-Galp\u00f3n-AVICAB-_-3-e1526415895614-768x772.jpg 768w, http:\/\/www.avicab.com\/back\/wp-content\/uploads\/2018\/05\/Caseta-Galp\u00f3n-AVICAB-_-3-e1526415895614.jpg 1335w\" sizes=\"(max-width: 796px) 100vw, 796px\" \/>                \n            <\/div>\n            <\/a>       \n<style scope=\"scope\">\n\n<\/style>\n    <\/div>\n    \n    <div class=\"img has-hover x md-x lg-x y md-y lg-y\" id=\"image_158579081\">\n    <a class=\"image-lightbox lightbox-gallery\" href=\"http:\/\/www.avicab.com\/back\/wp-content\/uploads\/2018\/05\/Caseta-Galp\u00f3n-AVICAB-_-2-e1526415945372-800x800.jpg\" title=\"\">            <div class=\"img-inner image-cover dark\" style=\"padding-top:56.25%;\">\n        <img width=\"800\" height=\"800\" src=\"http:\/\/www.avicab.com\/back\/wp-content\/uploads\/2018\/05\/Caseta-Galp\u00f3n-AVICAB-_-2-e1526415945372-800x800.jpg\" class=\"attachment-large size-large\" alt=\"\" decoding=\"async\" loading=\"lazy\" srcset=\"http:\/\/www.avicab.com\/back\/wp-content\/uploads\/2018\/05\/Caseta-Galp\u00f3n-AVICAB-_-2-e1526415945372-800x800.jpg 800w, http:\/\/www.avicab.com\/back\/wp-content\/uploads\/2018\/05\/Caseta-Galp\u00f3n-AVICAB-_-2-e1526415945372-280x280.jpg 280w, http:\/\/www.avicab.com\/back\/wp-content\/uploads\/2018\/05\/Caseta-Galp\u00f3n-AVICAB-_-2-e1526415945372-400x400.jpg 400w, http:\/\/www.avicab.com\/back\/wp-content\/uploads\/2018\/05\/Caseta-Galp\u00f3n-AVICAB-_-2-e1526415945372-768x768.jpg 768w, http:\/\/www.avicab.com\/back\/wp-content\/uploads\/2018\/05\/Caseta-Galp\u00f3n-AVICAB-_-2-e1526415945372.jpg 1339w\" sizes=\"(max-width: 800px) 100vw, 800px\" \/>                \n            <\/div>\n            <\/a>       \n<style scope=\"scope\">\n\n<\/style>\n    <\/div>\n    \n     <\/div>\n\n     <div class=\"loading-spin dark large centered\"><\/div>\n\n     <style scope=\"scope\">\n             <\/style>\n<\/div><!-- .ux-slider-wrapper -->\n\n\n<\/div><\/div>\n<div class=\"col medium-4 small-12 large-4\"  ><div class=\"col-inner\"  >\n<ul class=\"sidebar-wrapper ul-reset \"><div id=\"custom_html-2\" class=\"widget_text widget widget_custom_html\"><div class=\"textwidget custom-html-widget\"><div role=\"form\" class=\"wpcf7\" id=\"wpcf7-f458-o1\" lang=\"es-ES\" dir=\"ltr\">\n<div class=\"screen-reader-response\"><p role=\"status\" aria-live=\"polite\" aria-atomic=\"true\"><\/p> <ul><\/ul><\/div>\n<form action=\"\/back\/wp-json\/wp\/v2\/pages\/427#wpcf7-f458-o1\" method=\"post\" class=\"wpcf7-form init cf7-style cf7-style-603\" novalidate=\"novalidate\" data-status=\"init\">\n<div style=\"display: none;\">\n<input type=\"hidden\" name=\"_wpcf7\" value=\"458\" \/>\n<input type=\"hidden\" name=\"_wpcf7_version\" value=\"5.6.4\" \/>\n<input type=\"hidden\" name=\"_wpcf7_locale\" value=\"es_ES\" \/>\n<input type=\"hidden\" name=\"_wpcf7_unit_tag\" value=\"wpcf7-f458-o1\" \/>\n<input type=\"hidden\" name=\"_wpcf7_container_post\" value=\"0\" \/>\n<input type=\"hidden\" name=\"_wpcf7_posted_data_hash\" value=\"\" \/>\n<\/div>\n<p><label> Nombre (requerido)<br \/>\n    <span class=\"wpcf7-form-control-wrap\" data-name=\"your-name\"><input type=\"text\" name=\"your-name\" value=\"\" size=\"40\" class=\"wpcf7-form-control wpcf7-text wpcf7-validates-as-required\" aria-required=\"true\" aria-invalid=\"false\" \/><\/span> <\/label><\/p>\n<p><label> Tu correo electr\u00f3nico (requerido)<br \/>\n    <span class=\"wpcf7-form-control-wrap\" data-name=\"your-email\"><input type=\"email\" name=\"your-email\" value=\"\" size=\"40\" class=\"wpcf7-form-control wpcf7-text wpcf7-email wpcf7-validates-as-required wpcf7-validates-as-email\" aria-required=\"true\" aria-invalid=\"false\" \/><\/span> <\/label><\/p>\n<p><label> Pa\u00eds<br \/>\n<span class=\"wpcf7-form-control-wrap\" data-name=\"pais\"><select name=\"pais\" class=\"wpcf7-form-control wpcf7-select\" aria-invalid=\"false\"><option value=\"\">---<\/option><option value=\"Antigua y Barbuda\">Antigua y Barbuda<\/option><option value=\"Argentina\">Argentina<\/option><option value=\"Bahamas\">Bahamas<\/option><option value=\"Barbados\">Barbados<\/option><option value=\"Belice\">Belice<\/option><option value=\"Bolivia\">Bolivia<\/option><option value=\"Brasil\">Brasil<\/option><option value=\"Canad\u00e1\">Canad\u00e1<\/option><option value=\"Costa Rica\">Costa Rica<\/option><option value=\"Colombia\">Colombia<\/option><option value=\"Cuba\">Cuba<\/option><option value=\"Chile\">Chile<\/option><option value=\"Dominica\">Dominica<\/option><option value=\"Ecuador\">Ecuador<\/option><option value=\"El Salvador\">El Salvador<\/option><option value=\"Estados Unidos\">Estados Unidos<\/option><option value=\"Granada\">Granada<\/option><option value=\"Guatemala\">Guatemala<\/option><option value=\"Guyana\">Guyana<\/option><option value=\"Hait\u00ed\">Hait\u00ed<\/option><option value=\"Honduras\">Honduras<\/option><option value=\"Jamaica\">Jamaica<\/option><option value=\"M\u00e9xico\">M\u00e9xico<\/option><option value=\"Nicaragua\">Nicaragua<\/option><option value=\"Rep\u00fablica Dominicana\">Rep\u00fablica Dominicana<\/option><option value=\"San Crist\u00f3bal\">San Crist\u00f3bal<\/option><option value=\"Santa Lucia\">Santa Lucia<\/option><option value=\"San Vicente y Las Granadinas\">San Vicente y Las Granadinas<\/option><option value=\"Surinam\">Surinam<\/option><option value=\"Trinidad y Tobago\">Trinidad y Tobago<\/option><option value=\"Panam\u00e1\">Panam\u00e1<\/option><option value=\"Paraguay\">Paraguay<\/option><option value=\"Per\u00fa\">Per\u00fa<\/option><option value=\"Uruguay\">Uruguay<\/option><option value=\"Venezuela\">Venezuela<\/option><\/select><\/span> <\/label><\/p>\n<p><label> Empresa<br \/>\n<span class=\"wpcf7-form-control-wrap\" data-name=\"empresa\"><input type=\"text\" name=\"empresa\" value=\"\" size=\"40\" class=\"wpcf7-form-control wpcf7-text\" aria-invalid=\"false\" \/><\/span> <\/label><\/p>\n<p><label> Producto (requerido)<br \/>\n<span class=\"wpcf7-form-control-wrap\" data-name=\"producto\"><select name=\"producto\" class=\"wpcf7-form-control wpcf7-select wpcf7-validates-as-required\" aria-required=\"true\" aria-invalid=\"false\"><option value=\"\">---<\/option><option value=\"Bioseguridad\">Bioseguridad<\/option><option value=\"Comederos y bebederos\">Comederos y bebederos<\/option><option value=\"Cerdo\">Cerdo<\/option><option value=\"DET 6000\">DET 6000<\/option><option value=\"Empacadoras y clasificadoras\">Empacadoras y clasificadoras<\/option><option value=\"Empaque y transportaci\u00f3n de huevo\">Empaque y transportaci\u00f3n de huevo<\/option><option value=\"Exhibidores y estanteria\">Exhibidores y estanteria<\/option><option value=\"Galeras av\u00edcolas\">Galeras av\u00edcolas<\/option><option value=\"Generadores de calor\">Generadores de calor<\/option><option value=\"L\u00e1minas de PVC\">L\u00e1minas de PVC<\/option><option value=\"Lavadora de huevo\">Lavadora de huevo<\/option><option value=\"Jaulas av\u00edcolas\">Jaulas av\u00edcolas<\/option><option value=\"M\u00e1quinas de composta\">M\u00e1quinas de composta<\/option><option value=\"Mix de productos\">Mix de productos<\/option><option value=\"Pollo\">Pollo<\/option><option value=\"Silos\">Silos<\/option><\/select><\/span><\/label><\/p>\n<p><label> Tel\u00e9fono (requerido)<br \/>\n<span class=\"wpcf7-form-control-wrap\" data-name=\"tel\"><input type=\"tel\" name=\"tel\" value=\"\" size=\"40\" class=\"wpcf7-form-control wpcf7-text wpcf7-tel wpcf7-validates-as-tel\" aria-invalid=\"false\" \/><\/span> <\/label><\/p>\n<p><input type=\"submit\" value=\"Enviarme informaci\u00f3n\" class=\"wpcf7-form-control has-spinner wpcf7-submit\" \/><\/p>\n<div class=\"wpcf7-response-output\" aria-hidden=\"true\"><\/div><\/form><\/div>\r\n\r\n<\/div><\/div><\/ul>\n<\/div><\/div>\n\n<style scope=\"scope\">\n\n<\/style>\n<\/div>\n","protected":false},"excerpt":{"rendered":"","protected":false},"author":1,"featured_media":0,"parent":0,"menu_order":0,"comment_status":"closed","ping_status":"closed","template":"page-blank.php","meta":{"_mi_skip_tracking":false},"yoast_head":"<!-- This site is optimized with the Yoast SEO plugin v19.10 - https:\/\/yoast.com\/wordpress\/plugins\/seo\/ -->\n<title>Galeras av\u00edcolas - Avicab<\/title>\n<meta name=\"robots\" content=\"index, follow, max-snippet:-1, max-image-preview:large, max-video-preview:-1\" \/>\n<link rel=\"canonical\" href=\"http:\/\/www.avicab.com\/back\/galeras-avicolas\/\" \/>\n<meta property=\"og:locale\" content=\"es_ES\" \/>\n<meta property=\"og:type\" content=\"article\" \/>\n<meta property=\"og:title\" content=\"Galeras av\u00edcolas - Avicab\" \/>\n<meta property=\"og:url\" content=\"http:\/\/www.avicab.com\/back\/galeras-avicolas\/\" \/>\n<meta property=\"og:site_name\" content=\"Avicab\" \/>\n<meta property=\"article:modified_time\" content=\"2018-05-16T17:23:42+00:00\" \/>\n<meta name=\"twitter:card\" content=\"summary_large_image\" \/>\n<meta name=\"twitter:label1\" content=\"Est. reading time\" \/>\n\t<meta name=\"twitter:data1\" content=\"1 minuto\" \/>\n<script type=\"application\/ld+json\" class=\"yoast-schema-graph\">{\"@context\":\"https:\/\/schema.org\",\"@graph\":[{\"@type\":\"WebPage\",\"@id\":\"http:\/\/www.avicab.com\/back\/galeras-avicolas\/\",\"url\":\"http:\/\/www.avicab.com\/back\/galeras-avicolas\/\",\"name\":\"Galeras av\u00edcolas - Avicab\",\"isPartOf\":{\"@id\":\"http:\/\/www.avicab.com\/back\/#website\"},\"datePublished\":\"2018-04-18T16:55:02+00:00\",\"dateModified\":\"2018-05-16T17:23:42+00:00\",\"breadcrumb\":{\"@id\":\"http:\/\/www.avicab.com\/back\/galeras-avicolas\/#breadcrumb\"},\"inLanguage\":\"es\",\"potentialAction\":[{\"@type\":\"ReadAction\",\"target\":[\"http:\/\/www.avicab.com\/back\/galeras-avicolas\/\"]}]},{\"@type\":\"BreadcrumbList\",\"@id\":\"http:\/\/www.avicab.com\/back\/galeras-avicolas\/#breadcrumb\",\"itemListElement\":[{\"@type\":\"ListItem\",\"position\":1,\"name\":\"Portada\",\"item\":\"http:\/\/www.avicab.com\/back\/\"},{\"@type\":\"ListItem\",\"position\":2,\"name\":\"Galeras av\u00edcolas\"}]},{\"@type\":\"WebSite\",\"@id\":\"http:\/\/www.avicab.com\/back\/#website\",\"url\":\"http:\/\/www.avicab.com\/back\/\",\"name\":\"Avicab\",\"description\":\"Poultry Solutions\",\"potentialAction\":[{\"@type\":\"SearchAction\",\"target\":{\"@type\":\"EntryPoint\",\"urlTemplate\":\"http:\/\/www.avicab.com\/back\/?s={search_term_string}\"},\"query-input\":\"required name=search_term_string\"}],\"inLanguage\":\"es\"}]}<\/script>\n<!-- \/ Yoast SEO plugin. -->","yoast_head_json":{"title":"Galeras av\u00edcolas - Avicab","robots":{"index":"index","follow":"follow","max-snippet":"max-snippet:-1","max-image-preview":"max-image-preview:large","max-video-preview":"max-video-preview:-1"},"canonical":"http:\/\/www.avicab.com\/back\/galeras-avicolas\/","og_locale":"es_ES","og_type":"article","og_title":"Galeras av\u00edcolas - Avicab","og_url":"http:\/\/www.avicab.com\/back\/galeras-avicolas\/","og_site_name":"Avicab","article_modified_time":"2018-05-16T17:23:42+00:00","twitter_card":"summary_large_image","twitter_misc":{"Est. reading time":"1 minuto"},"schema":{"@context":"https:\/\/schema.org","@graph":[{"@type":"WebPage","@id":"http:\/\/www.avicab.com\/back\/galeras-avicolas\/","url":"http:\/\/www.avicab.com\/back\/galeras-avicolas\/","name":"Galeras av\u00edcolas - Avicab","isPartOf":{"@id":"http:\/\/www.avicab.com\/back\/#website"},"datePublished":"2018-04-18T16:55:02+00:00","dateModified":"2018-05-16T17:23:42+00:00","breadcrumb":{"@id":"http:\/\/www.avicab.com\/back\/galeras-avicolas\/#breadcrumb"},"inLanguage":"es","potentialAction":[{"@type":"ReadAction","target":["http:\/\/www.avicab.com\/back\/galeras-avicolas\/"]}]},{"@type":"BreadcrumbList","@id":"http:\/\/www.avicab.com\/back\/galeras-avicolas\/#breadcrumb","itemListElement":[{"@type":"ListItem","position":1,"name":"Portada","item":"http:\/\/www.avicab.com\/back\/"},{"@type":"ListItem","position":2,"name":"Galeras av\u00edcolas"}]},{"@type":"WebSite","@id":"http:\/\/www.avicab.com\/back\/#website","url":"http:\/\/www.avicab.com\/back\/","name":"Avicab","description":"Poultry Solutions","potentialAction":[{"@type":"SearchAction","target":{"@type":"EntryPoint","urlTemplate":"http:\/\/www.avicab.com\/back\/?s={search_term_string}"},"query-input":"required name=search_term_string"}],"inLanguage":"es"}]}},"_links":{"self":[{"href":"http:\/\/www.avicab.com\/back\/wp-json\/wp\/v2\/pages\/427"}],"collection":[{"href":"http:\/\/www.avicab.com\/back\/wp-json\/wp\/v2\/pages"}],"about":[{"href":"http:\/\/www.avicab.com\/back\/wp-json\/wp\/v2\/types\/page"}],"author":[{"embeddable":true,"href":"http:\/\/www.avicab.com\/back\/wp-json\/wp\/v2\/users\/1"}],"replies":[{"embeddable":true,"href":"http:\/\/www.avicab.com\/back\/wp-json\/wp\/v2\/comments?post=427"}],"version-history":[{"count":10,"href":"http:\/\/www.avicab.com\/back\/wp-json\/wp\/v2\/pages\/427\/revisions"}],"predecessor-version":[{"id":666,"href":"http:\/\/www.avicab.com\/back\/wp-json\/wp\/v2\/pages\/427\/revisions\/666"}],"wp:attachment":[{"href":"http:\/\/www.avicab.com\/back\/wp-json\/wp\/v2\/media?parent=427"}],"curies":[{"name":"wp","href":"https:\/\/api.w.org\/{rel}","templated":true}]}}