{"id":384,"date":"2018-04-17T15:06:00","date_gmt":"2018-04-17T15:06:00","guid":{"rendered":"http:\/\/www.avicab.com\/back\/?page_id=384"},"modified":"2020-03-24T05:40:58","modified_gmt":"2020-03-24T05:40:58","slug":"contacto","status":"publish","type":"page","link":"http:\/\/www.avicab.com\/back\/contacto\/","title":{"rendered":"CONTACTO"},"content":{"rendered":"<div class=\"row row-collapse row-full-width align-middle align-center\"  id=\"row-992736186\">\n<div class=\"col small-12 large-12\"  ><div class=\"col-inner\"  >\n<p><iframe loading=\"lazy\" style=\"border: 0;\" src=\"https:\/\/www.google.com\/maps\/embed?pb=!1m26!1m12!1m3!1d3771.311910050704!2d-98.24753418459476!3d19.050019107737825!2m3!1f0!2f0!3f0!3m2!1i1024!2i768!4f13.1!4m11!3e6!4m5!1s0x85cfc71fcea5378b%3A0x5951f4314d53b4f7!2sSan%20Judas%20Tadeo%204903%2C%20Sta%20Cruz%20Buenavista%2C%2072170%20Puebla%2C%20Pue.!3m2!1d19.0499808!2d-98.24541839999999!4m3!3m2!1d19.0499594!2d-98.2452756!5e0!3m2!1ses!2smx!4v1567785206340!5m2!1ses!2smx\" width=\"1900\" height=\"600\" frameborder=\"0\" allowfullscreen=\"allowfullscreen\"><\/iframe><\/p>\n<\/div><\/div>\n\n<style scope=\"scope\">\n\n<\/style>\n<\/div>\n<div class=\"row\"  id=\"row-1945890110\">\n<div class=\"col medium-6 large-6\"  ><div class=\"col-inner\"  >\n<div class=\"container section-title-container\" ><h3 class=\"section-title section-title-normal\"><b><\/b><span class=\"section-title-main\" >Preguntas frecuentes<\/span><b><\/b><\/h3><\/div><!-- .section-title -->\n<p class=\"lead\">Por favor, lea nuestras preguntas frecuentes antes de enviarnos un mensaje.<\/p>\n<div class=\"accordion\" rel=\"\">\n<div class=\"accordion-item\"><a href=\"#\" class=\"accordion-title plain\"><button class=\"toggle\"><i class=\"icon-angle-down\"><\/i><\/button><span>\u00bfQu\u00e9 equipos ofrecemos para la Industria Av\u00edcola?<\/span><\/a><div class=\"accordion-inner\">\n<ul>\n<li><strong>Proyectos llave en mano<\/strong><\/li>\n<li><strong>Jaulas de iniciaci\u00f3n y desarrollo, postura manual y posturas automatizadas.<\/strong><\/li>\n<li><strong>Maquinas transportadores de huevo.<\/strong><\/li>\n<li><strong>Maquinaria para la fabricaci\u00f3n de composta. <\/strong><\/li>\n<li><strong>Empacadoras y clasificadoras para huevo<\/strong><\/li>\n<li><strong>M\u00e1quinas para detectar la frescura y calidad del huevo.<\/strong><\/li>\n<li><strong>Maquinaria para la industrializaci\u00f3n del huevo liquido .<\/strong><\/li>\n<li><strong>Sistemas de ventilaci\u00f3n para casetas y generadores de calor.<\/strong><\/li>\n<li><strong>Sistemas de comederos y bebederos para la industria av\u00edcola.<\/strong><\/li>\n<li><strong>Galpones, estructuras o casetas.<\/strong><\/li>\n<li><strong>Jaulas porc\u00edcolas.<\/strong><\/li>\n<li><strong>Proyectos para pollos.<\/strong><\/li>\n<li><strong>Estanter\u00edas.<\/strong><\/li>\n<li><strong>Herrer\u00eda.<\/strong><\/li>\n<li><strong>Refacciones de jaulas.<\/strong><\/li>\n<li><strong>Y muchos m\u00e1s productos.<\/strong><\/li>\n<\/ul>\n<\/div><\/div>\n<div class=\"accordion-item\"><a href=\"#\" class=\"accordion-title plain\"><button class=\"toggle\"><i class=\"icon-angle-down\"><\/i><\/button><span>\u00bfQu\u00e9 servicios ofrecemos para la Idustria Av\u00edcola?<\/span><\/a><div class=\"accordion-inner\">\n<ul>\n<li><strong>Asesor\u00eda en proyectos llave en mano.<\/strong><\/li>\n<li><strong>Cursos y capacitaci\u00f3n de uso de maquinaria Av\u00edcola. <\/strong><\/li>\n<li><strong>Instalaciones de jaulas av\u00edcolas, porc\u00edcolas y ganaderas.<\/strong><\/li>\n<li><strong>Mantenimiento de granjas av\u00edcolas, porc\u00edcolas y ganaderas.<\/strong><\/li>\n<li><strong>Instalaciones de maquinaria de composta.<\/strong><\/li>\n<li><strong>Dise\u00f1os de estructuras met\u00e1licas para bodegas o galpones av\u00edcolas.<\/strong><\/li>\n<\/ul>\n<\/div><\/div>\n<div class=\"accordion-item\"><a href=\"#\" class=\"accordion-title plain\"><button class=\"toggle\"><i class=\"icon-angle-down\"><\/i><\/button><span>\u00bfD\u00f3nde ofrecemos nuestros productos y servicios?<\/span><\/a><div class=\"accordion-inner\">\n<p><strong>Nosotros ofrecemos nuestros productos y servicios dentro del territorio nacional, as\u00ed como tambi\u00e9n tenemos presencia internacional. Hemos trabajado en el caribe, Centroam\u00e9rica y Sudam\u00e9rica.<\/strong><\/p>\n<\/div><\/div>\n<div class=\"accordion-item\"><a href=\"#\" class=\"accordion-title plain\"><button class=\"toggle\"><i class=\"icon-angle-down\"><\/i><\/button><span>\u00bfPor qu\u00e9 elegirnos como tu equipo de trabajo?<\/span><\/a><div class=\"accordion-inner\">\n<ul>\n<li><strong>Contamos con una larga trayectoria con m\u00e1s de 30 a\u00f1os en la industria Av\u00edcola. <\/strong><\/li>\n<li><strong>Tenemos el apoyo de marcas l\u00edderes internacionales que nos ayudan a brindar calidad y complementar nuestros productos. <\/strong><\/li>\n<li><strong>Garantizamos nuestros trabajos y damos beneficios incomparables con el resto de la competencia. <\/strong><\/li>\n<li><strong>Reducimos costos de operaciones, con nosotros ahorrar\u00e1s<\/strong><\/li>\n<li><strong>Brindamos nuestra experiencia para generar proyectos en mano.<\/strong><\/li>\n<li><strong>Nuestro mayor inter\u00e9s es crear v\u00ednculos de amistad con nuestros inversionistas.<\/strong><\/li>\n<\/ul>\n<\/div><\/div>\n<div class=\"accordion-item\"><a href=\"#\" class=\"accordion-title plain\"><button class=\"toggle\"><i class=\"icon-angle-down\"><\/i><\/button><span>Adquir\u00ed un equipo con ustedes \u00bfqu\u00e9 necesito para servicio de mantenimiento?<\/span><\/a><div class=\"accordion-inner\">\n<p><strong>Canalizamos tus inquietudes al departamento correspondiente de acuerdo al producto o servicio para poder brindarte todo lo que necesitas de una manera eficaz, confiable y segura siempre te mantendremos informado y brind\u00e1ndote la atenci\u00f3n que mereces.<\/strong><\/p>\n<\/div><\/div>\n<div class=\"accordion-item\"><a href=\"#\" class=\"accordion-title plain\"><button class=\"toggle\"><i class=\"icon-angle-down\"><\/i><\/button><span>\u00bfQu\u00e9 garant\u00eda tengo al contratar un servicio con ustedes?<\/span><\/a><div class=\"accordion-inner\">\n<p><strong>Nuestras garant\u00edas dependen de cada producto, pero te contamos que siempre nos haremos responsables de acuerdo a nuestras pol\u00edticas para darte tranquilidad en los productos que contrates.<\/strong><\/p>\n<\/div><\/div>\n<\/div>\n<\/div><\/div>\n<div class=\"col medium-6 large-6\"  ><div class=\"col-inner\"  >\n<div class=\"container section-title-container\" ><h3 class=\"section-title section-title-normal\"><b><\/b><span class=\"section-title-main\" >Ponte en cont\u00e1cto con nosotros<\/span><b><\/b><\/h3><\/div><!-- .section-title -->\n<div role=\"form\" class=\"wpcf7\" id=\"wpcf7-f9-o1\" lang=\"en-US\" dir=\"ltr\">\n<div class=\"screen-reader-response\"><p role=\"status\" aria-live=\"polite\" aria-atomic=\"true\"><\/p> <ul><\/ul><\/div>\n<form action=\"\/back\/wp-json\/wp\/v2\/pages\/384#wpcf7-f9-o1\" method=\"post\" class=\"wpcf7-form init cf7-style\" novalidate=\"novalidate\" data-status=\"init\">\n<div style=\"display: none;\">\n<input type=\"hidden\" name=\"_wpcf7\" value=\"9\" \/>\n<input type=\"hidden\" name=\"_wpcf7_version\" value=\"5.6.4\" \/>\n<input type=\"hidden\" name=\"_wpcf7_locale\" value=\"en_US\" \/>\n<input type=\"hidden\" name=\"_wpcf7_unit_tag\" value=\"wpcf7-f9-o1\" \/>\n<input type=\"hidden\" name=\"_wpcf7_container_post\" value=\"0\" \/>\n<input type=\"hidden\" name=\"_wpcf7_posted_data_hash\" value=\"\" \/>\n<\/div>\n<p><label>Nombre (requerido)<\/label><br \/>\n<span class=\"wpcf7-form-control-wrap\" data-name=\"your-name\"><input type=\"text\" name=\"your-name\" value=\"\" size=\"40\" class=\"wpcf7-form-control wpcf7-text wpcf7-validates-as-required\" aria-required=\"true\" aria-invalid=\"false\" \/><\/span><\/p>\n<p><label>Correo electr\u00f3nico (requerido)<\/label><br \/>\n<span class=\"wpcf7-form-control-wrap\" data-name=\"your-email\"><input type=\"email\" name=\"your-email\" value=\"\" size=\"40\" class=\"wpcf7-form-control wpcf7-text wpcf7-email wpcf7-validates-as-required wpcf7-validates-as-email\" aria-required=\"true\" aria-invalid=\"false\" \/><\/span> <\/p>\n<p><label>Mensaje (requerido)<\/label><br \/>\n<span class=\"wpcf7-form-control-wrap\" data-name=\"your-message\"><textarea name=\"your-message\" cols=\"40\" rows=\"10\" class=\"wpcf7-form-control wpcf7-textarea\" aria-invalid=\"false\"><\/textarea><\/span> <\/p>\n<p><input type=\"submit\" value=\"Enviar\" class=\"wpcf7-form-control has-spinner wpcf7-submit button\" \/><\/p>\n<div class=\"wpcf7-response-output\" aria-hidden=\"true\"><\/div><\/form><\/div>\n<p>Pronto uno de nuestros asesores se pondr\u00e1 en contacto contigo para brindarte un mejor servicio.<\/p>\n<\/div><\/div>\n\n<style scope=\"scope\">\n\n#row-1945890110 > .col > .col-inner {\n  padding: 30px 0px 0px 0px;\n}\n<\/style>\n<\/div>\n","protected":false},"excerpt":{"rendered":"","protected":false},"author":1,"featured_media":0,"parent":0,"menu_order":0,"comment_status":"closed","ping_status":"closed","template":"page-blank.php","meta":{"_mi_skip_tracking":false},"yoast_head":"<!-- This site is optimized with the Yoast SEO plugin v19.10 - https:\/\/yoast.com\/wordpress\/plugins\/seo\/ -->\n<title>CONTACTO - Avicab<\/title>\n<meta name=\"robots\" content=\"index, follow, max-snippet:-1, max-image-preview:large, max-video-preview:-1\" \/>\n<link rel=\"canonical\" href=\"http:\/\/www.avicab.com\/back\/contacto\/\" \/>\n<meta property=\"og:locale\" content=\"es_ES\" \/>\n<meta property=\"og:type\" content=\"article\" \/>\n<meta property=\"og:title\" content=\"CONTACTO - Avicab\" \/>\n<meta property=\"og:url\" content=\"http:\/\/www.avicab.com\/back\/contacto\/\" \/>\n<meta property=\"og:site_name\" content=\"Avicab\" \/>\n<meta property=\"article:modified_time\" content=\"2020-03-24T05:40:58+00:00\" \/>\n<meta name=\"twitter:card\" content=\"summary_large_image\" \/>\n<meta name=\"twitter:label1\" content=\"Est. reading time\" \/>\n\t<meta name=\"twitter:data1\" content=\"2 minutos\" \/>\n<script type=\"application\/ld+json\" class=\"yoast-schema-graph\">{\"@context\":\"https:\/\/schema.org\",\"@graph\":[{\"@type\":\"WebPage\",\"@id\":\"http:\/\/www.avicab.com\/back\/contacto\/\",\"url\":\"http:\/\/www.avicab.com\/back\/contacto\/\",\"name\":\"CONTACTO - Avicab\",\"isPartOf\":{\"@id\":\"http:\/\/www.avicab.com\/back\/#website\"},\"datePublished\":\"2018-04-17T15:06:00+00:00\",\"dateModified\":\"2020-03-24T05:40:58+00:00\",\"breadcrumb\":{\"@id\":\"http:\/\/www.avicab.com\/back\/contacto\/#breadcrumb\"},\"inLanguage\":\"es\",\"potentialAction\":[{\"@type\":\"ReadAction\",\"target\":[\"http:\/\/www.avicab.com\/back\/contacto\/\"]}]},{\"@type\":\"BreadcrumbList\",\"@id\":\"http:\/\/www.avicab.com\/back\/contacto\/#breadcrumb\",\"itemListElement\":[{\"@type\":\"ListItem\",\"position\":1,\"name\":\"Portada\",\"item\":\"http:\/\/www.avicab.com\/back\/\"},{\"@type\":\"ListItem\",\"position\":2,\"name\":\"CONTACTO\"}]},{\"@type\":\"WebSite\",\"@id\":\"http:\/\/www.avicab.com\/back\/#website\",\"url\":\"http:\/\/www.avicab.com\/back\/\",\"name\":\"Avicab\",\"description\":\"Poultry Solutions\",\"potentialAction\":[{\"@type\":\"SearchAction\",\"target\":{\"@type\":\"EntryPoint\",\"urlTemplate\":\"http:\/\/www.avicab.com\/back\/?s={search_term_string}\"},\"query-input\":\"required name=search_term_string\"}],\"inLanguage\":\"es\"}]}<\/script>\n<!-- \/ Yoast SEO plugin. -->","yoast_head_json":{"title":"CONTACTO - Avicab","robots":{"index":"index","follow":"follow","max-snippet":"max-snippet:-1","max-image-preview":"max-image-preview:large","max-video-preview":"max-video-preview:-1"},"canonical":"http:\/\/www.avicab.com\/back\/contacto\/","og_locale":"es_ES","og_type":"article","og_title":"CONTACTO - Avicab","og_url":"http:\/\/www.avicab.com\/back\/contacto\/","og_site_name":"Avicab","article_modified_time":"2020-03-24T05:40:58+00:00","twitter_card":"summary_large_image","twitter_misc":{"Est. reading time":"2 minutos"},"schema":{"@context":"https:\/\/schema.org","@graph":[{"@type":"WebPage","@id":"http:\/\/www.avicab.com\/back\/contacto\/","url":"http:\/\/www.avicab.com\/back\/contacto\/","name":"CONTACTO - Avicab","isPartOf":{"@id":"http:\/\/www.avicab.com\/back\/#website"},"datePublished":"2018-04-17T15:06:00+00:00","dateModified":"2020-03-24T05:40:58+00:00","breadcrumb":{"@id":"http:\/\/www.avicab.com\/back\/contacto\/#breadcrumb"},"inLanguage":"es","potentialAction":[{"@type":"ReadAction","target":["http:\/\/www.avicab.com\/back\/contacto\/"]}]},{"@type":"BreadcrumbList","@id":"http:\/\/www.avicab.com\/back\/contacto\/#breadcrumb","itemListElement":[{"@type":"ListItem","position":1,"name":"Portada","item":"http:\/\/www.avicab.com\/back\/"},{"@type":"ListItem","position":2,"name":"CONTACTO"}]},{"@type":"WebSite","@id":"http:\/\/www.avicab.com\/back\/#website","url":"http:\/\/www.avicab.com\/back\/","name":"Avicab","description":"Poultry Solutions","potentialAction":[{"@type":"SearchAction","target":{"@type":"EntryPoint","urlTemplate":"http:\/\/www.avicab.com\/back\/?s={search_term_string}"},"query-input":"required name=search_term_string"}],"inLanguage":"es"}]}},"_links":{"self":[{"href":"http:\/\/www.avicab.com\/back\/wp-json\/wp\/v2\/pages\/384"}],"collection":[{"href":"http:\/\/www.avicab.com\/back\/wp-json\/wp\/v2\/pages"}],"about":[{"href":"http:\/\/www.avicab.com\/back\/wp-json\/wp\/v2\/types\/page"}],"author":[{"embeddable":true,"href":"http:\/\/www.avicab.com\/back\/wp-json\/wp\/v2\/users\/1"}],"replies":[{"embeddable":true,"href":"http:\/\/www.avicab.com\/back\/wp-json\/wp\/v2\/comments?post=384"}],"version-history":[{"count":14,"href":"http:\/\/www.avicab.com\/back\/wp-json\/wp\/v2\/pages\/384\/revisions"}],"predecessor-version":[{"id":985,"href":"http:\/\/www.avicab.com\/back\/wp-json\/wp\/v2\/pages\/384\/revisions\/985"}],"wp:attachment":[{"href":"http:\/\/www.avicab.com\/back\/wp-json\/wp\/v2\/media?parent=384"}],"curies":[{"name":"wp","href":"https:\/\/api.w.org\/{rel}","templated":true}]}}