{"id":358,"date":"2018-04-16T20:25:15","date_gmt":"2018-04-16T20:25:15","guid":{"rendered":"http:\/\/www.avicab.com\/back\/?page_id=358"},"modified":"2018-05-18T16:45:10","modified_gmt":"2018-05-18T16:45:10","slug":"jaulas-avicolas","status":"publish","type":"page","link":"http:\/\/www.avicab.com\/back\/jaulas-avicolas\/","title":{"rendered":"Jaulas av\u00edcolas"},"content":{"rendered":"<div class=\"row row-collapse row-full-width align-equal align-center\"  id=\"row-288466713\">\n<div class=\"col small-12 large-12\"  ><div class=\"col-inner text-center box-shadow-2 text-shadow-1\"  >\n<div class=\"container section-title-container\" style=\"max-width:1068px;\"><h3 class=\"section-title section-title-bold-center\"><b><\/b><span class=\"section-title-main\" >Jaulas av\u00edcolas<\/span><b><\/b><\/h3><\/div><!-- .section-title -->\n<\/div><\/div>\n\n<style scope=\"scope\">\n\n#row-288466713 > .col > .col-inner {\n  padding: 0px 0px 0px 0px;\n}\n<\/style>\n<\/div>\n<div class=\"row align-equal align-center\"  id=\"row-933832930\">\n<div class=\"col medium-6 small-12 large-3\"  ><div class=\"col-inner\"  >\n<div class=\"row\"  id=\"row-159216574\">\n<div class=\"col small-12 large-12\"  ><div class=\"col-inner\"  >\n    <div class=\"img has-hover x md-x lg-x y md-y lg-y\" id=\"image_479109137\">\n            <div data-animate=\"bounceIn\">    <div class=\"img-inner image-zoom box-shadow-2 dark\" >\n        <img width=\"280\" height=\"280\" src=\"http:\/\/www.avicab.com\/back\/wp-content\/uploads\/2018\/04\/Parvada-jaulas-gallina-AVICAB-e1524697450444-280x280.jpg\" class=\"attachment-thumbnail size-thumbnail\" alt=\"\" decoding=\"async\" loading=\"lazy\" srcset=\"http:\/\/www.avicab.com\/back\/wp-content\/uploads\/2018\/04\/Parvada-jaulas-gallina-AVICAB-e1524697450444-280x280.jpg 280w, http:\/\/www.avicab.com\/back\/wp-content\/uploads\/2018\/04\/Parvada-jaulas-gallina-AVICAB-e1524697450444-398x400.jpg 398w, http:\/\/www.avicab.com\/back\/wp-content\/uploads\/2018\/04\/Parvada-jaulas-gallina-AVICAB-e1524697450444-768x772.jpg 768w, http:\/\/www.avicab.com\/back\/wp-content\/uploads\/2018\/04\/Parvada-jaulas-gallina-AVICAB-e1524697450444-796x800.jpg 796w, http:\/\/www.avicab.com\/back\/wp-content\/uploads\/2018\/04\/Parvada-jaulas-gallina-AVICAB-e1524697450444.jpg 1353w\" sizes=\"(max-width: 280px) 100vw, 280px\" \/>                \n            <\/div>\n    <\/div>               \n<style scope=\"scope\">\n\n<\/style>\n    <\/div>\n    \n<h3>Jaulas de iniciaci\u00f3n y desarrollo av\u00edcola.<\/h3>\n<p><span style=\"font-size: 14.4px;\">Nuestra jaula de iniciaci\u00f3n y desarrollo esta dise\u00f1ada y fabricada tomando en cuenta investigaciones efectuadas en campo y gracias a la ayuda y colaboraci\u00f3n de nuestros amigos los avicultores.<\/span><\/p>\n<a href=\"http:\/\/www.avicab.com\/back\/jaulas-de-iniciacion-y-desarrollo\/\" target=\"_self\" class=\"button primary reveal-icon expand\"  >\n    <span>M\u00e1s informaci\u00f3n<\/span>\n  <i class=\"icon-angle-right\" ><\/i><\/a>\n\n<\/div><\/div>\n<\/div>\n<\/div><\/div>\n<div class=\"col medium-6 small-12 large-3\"  ><div class=\"col-inner\"  >\n<div class=\"row\"  id=\"row-1620515463\">\n<div class=\"col small-12 large-12\"  ><div class=\"col-inner\"  >\n    <div class=\"img has-hover x md-x lg-x y md-y lg-y\" id=\"image_677564418\">\n            <div data-animate=\"bounceIn\">    <div class=\"img-inner image-zoom box-shadow-2 dark\" >\n        <img width=\"280\" height=\"280\" src=\"http:\/\/www.avicab.com\/back\/wp-content\/uploads\/2018\/04\/Gallina-Jaula-AVICAB-e1524697100776-280x280.jpg\" class=\"attachment-thumbnail size-thumbnail\" alt=\"\" decoding=\"async\" loading=\"lazy\" srcset=\"http:\/\/www.avicab.com\/back\/wp-content\/uploads\/2018\/04\/Gallina-Jaula-AVICAB-e1524697100776-280x280.jpg 280w, http:\/\/www.avicab.com\/back\/wp-content\/uploads\/2018\/04\/Gallina-Jaula-AVICAB-e1524697100776-400x400.jpg 400w, http:\/\/www.avicab.com\/back\/wp-content\/uploads\/2018\/04\/Gallina-Jaula-AVICAB-e1524697100776-768x768.jpg 768w, http:\/\/www.avicab.com\/back\/wp-content\/uploads\/2018\/04\/Gallina-Jaula-AVICAB-e1524697100776-800x800.jpg 800w, http:\/\/www.avicab.com\/back\/wp-content\/uploads\/2018\/04\/Gallina-Jaula-AVICAB-e1524697100776.jpg 1357w\" sizes=\"(max-width: 280px) 100vw, 280px\" \/>                \n            <\/div>\n    <\/div>               \n<style scope=\"scope\">\n\n<\/style>\n    <\/div>\n    \n<h3>Jaulas de postura manual.<\/h3>\n<p><span style=\"font-size: 14.4px;\">Puede montarse en dos o tres niveles, nuestras jaulas hacen que el estr\u00e9s en el ave sea casi nulo, y requiere muy poco mantenimiento. El proceso de galvanizado y sello tropicalizado alargando la vida del producto..<\/span><\/p>\n<\/div><\/div>\n<\/div>\n<a href=\"http:\/\/www.avicab.com\/back\/jaulas-de-postura-manual\/\" target=\"_self\" class=\"button primary reveal-icon expand\"  >\n    <span>M\u00e1s informaci\u00f3n<\/span>\n  <i class=\"icon-angle-right\" ><\/i><\/a>\n\n<\/div><\/div>\n<div class=\"col medium-6 small-12 large-3\"  ><div class=\"col-inner\"  >\n<div class=\"row\"  id=\"row-1502479126\">\n<div class=\"col small-12 large-12\"  ><div class=\"col-inner\"  >\n    <div class=\"img has-hover x md-x lg-x y md-y lg-y\" id=\"image_681041456\">\n            <div data-animate=\"bounceIn\">    <div class=\"img-inner image-zoom box-shadow-2 dark\" >\n        <img width=\"280\" height=\"280\" src=\"http:\/\/www.avicab.com\/back\/wp-content\/uploads\/2018\/04\/Jaula-de-Postura_-AVICAB-3-e1524696493505-280x280.jpg\" class=\"attachment-thumbnail size-thumbnail\" alt=\"\" decoding=\"async\" loading=\"lazy\" srcset=\"http:\/\/www.avicab.com\/back\/wp-content\/uploads\/2018\/04\/Jaula-de-Postura_-AVICAB-3-e1524696493505-280x280.jpg 280w, http:\/\/www.avicab.com\/back\/wp-content\/uploads\/2018\/04\/Jaula-de-Postura_-AVICAB-3-e1524696493505-401x400.jpg 401w, http:\/\/www.avicab.com\/back\/wp-content\/uploads\/2018\/04\/Jaula-de-Postura_-AVICAB-3-e1524696493505-768x766.jpg 768w, http:\/\/www.avicab.com\/back\/wp-content\/uploads\/2018\/04\/Jaula-de-Postura_-AVICAB-3-e1524696493505-802x800.jpg 802w, http:\/\/www.avicab.com\/back\/wp-content\/uploads\/2018\/04\/Jaula-de-Postura_-AVICAB-3-e1524696493505.jpg 1349w\" sizes=\"(max-width: 280px) 100vw, 280px\" \/>                \n            <\/div>\n    <\/div>               \n<style scope=\"scope\">\n\n<\/style>\n    <\/div>\n    \n<h3>Jaulas de postura automatizada.<\/h3>\n<p>Nuestras jaulas de postura automatizadas est\u00e1n dise\u00f1adas para facilitar la vida del avicultor, garantizando la reducci\u00f3n de costos de producci\u00f3n y mantenimiento. As\u00ed como mejorar la calidad del huevo.<\/p>\n<a href=\"http:\/\/www.avicab.com\/back\/jaulas-de-postura-automatizadas\/\" target=\"_self\" class=\"button primary reveal-icon expand\"  >\n    <span>M\u00e1s informaci\u00f3n<\/span>\n  <i class=\"icon-angle-right\" ><\/i><\/a>\n\n<\/div><\/div>\n<\/div>\n<\/div><\/div>\n<div class=\"col medium-6 small-12 large-3\"  ><div class=\"col-inner\"  >\n<div class=\"row\"  id=\"row-490178063\">\n<div class=\"col small-12 large-12\"  ><div class=\"col-inner\"  >\n    <div class=\"img has-hover x md-x lg-x y md-y lg-y\" id=\"image_1067448428\">\n            <div data-animate=\"bounceIn\">    <div class=\"img-inner image-zoom box-shadow-2 dark\" >\n        <img width=\"280\" height=\"280\" src=\"http:\/\/www.avicab.com\/back\/wp-content\/uploads\/2018\/04\/Transportador-AVICAB-e1524775509410-280x280.jpg\" class=\"attachment-thumbnail size-thumbnail\" alt=\"\" decoding=\"async\" loading=\"lazy\" srcset=\"http:\/\/www.avicab.com\/back\/wp-content\/uploads\/2018\/04\/Transportador-AVICAB-e1524775509410-280x280.jpg 280w, http:\/\/www.avicab.com\/back\/wp-content\/uploads\/2018\/04\/Transportador-AVICAB-e1524775509410-400x400.jpg 400w, http:\/\/www.avicab.com\/back\/wp-content\/uploads\/2018\/04\/Transportador-AVICAB-e1524775509410-768x768.jpg 768w, http:\/\/www.avicab.com\/back\/wp-content\/uploads\/2018\/04\/Transportador-AVICAB-e1524775509410-800x800.jpg 800w, http:\/\/www.avicab.com\/back\/wp-content\/uploads\/2018\/04\/Transportador-AVICAB-e1524775509410.jpg 1353w\" sizes=\"(max-width: 280px) 100vw, 280px\" \/>                \n            <\/div>\n    <\/div>               \n<style scope=\"scope\">\n\n<\/style>\n    <\/div>\n    \n<h3>Equipos transportadores de huevo.<\/h3>\n<p>Sistema de recolecci\u00f3n para cada l\u00ednea, bandas de alta calidad que permiten el manejo y cuidado del huevo. El consumo de energ\u00eda es bajo, requiere poco mantenimiento.\u00a0<\/p>\n<a href=\"http:\/\/www.avicab.com\/back\/equipos-transportadores-de-huevo\/\" target=\"_self\" class=\"button primary reveal-icon expand\"  >\n    <span>M\u00e1s informaci\u00f3n<\/span>\n  <i class=\"icon-angle-right\" ><\/i><\/a>\n\n<\/div><\/div>\n<\/div>\n<\/div><\/div>\n\n<style scope=\"scope\">\n\n#row-933832930 > .col > .col-inner {\n  padding: 40px 0px 0px 0px;\n}\n<\/style>\n<\/div>\n","protected":false},"excerpt":{"rendered":"","protected":false},"author":1,"featured_media":0,"parent":0,"menu_order":0,"comment_status":"closed","ping_status":"closed","template":"page-blank.php","meta":{"_mi_skip_tracking":false},"yoast_head":"<!-- This site is optimized with the Yoast SEO plugin v19.10 - https:\/\/yoast.com\/wordpress\/plugins\/seo\/ -->\n<title>Jaulas av\u00edcolas - Avicab<\/title>\n<meta name=\"robots\" content=\"index, follow, max-snippet:-1, max-image-preview:large, max-video-preview:-1\" \/>\n<link rel=\"canonical\" href=\"https:\/\/www.avicab.com\/back\/jaulas-avicolas\/\" \/>\n<meta property=\"og:locale\" content=\"es_ES\" \/>\n<meta property=\"og:type\" content=\"article\" \/>\n<meta property=\"og:title\" content=\"Jaulas av\u00edcolas - Avicab\" \/>\n<meta property=\"og:url\" content=\"https:\/\/www.avicab.com\/back\/jaulas-avicolas\/\" \/>\n<meta property=\"og:site_name\" content=\"Avicab\" \/>\n<meta property=\"article:modified_time\" content=\"2018-05-18T16:45:10+00:00\" \/>\n<meta name=\"twitter:card\" content=\"summary_large_image\" \/>\n<meta name=\"twitter:label1\" content=\"Est. reading time\" \/>\n\t<meta name=\"twitter:data1\" content=\"2 minutos\" \/>\n<script type=\"application\/ld+json\" class=\"yoast-schema-graph\">{\"@context\":\"https:\/\/schema.org\",\"@graph\":[{\"@type\":\"WebPage\",\"@id\":\"https:\/\/www.avicab.com\/back\/jaulas-avicolas\/\",\"url\":\"https:\/\/www.avicab.com\/back\/jaulas-avicolas\/\",\"name\":\"Jaulas av\u00edcolas - Avicab\",\"isPartOf\":{\"@id\":\"http:\/\/www.avicab.com\/back\/#website\"},\"datePublished\":\"2018-04-16T20:25:15+00:00\",\"dateModified\":\"2018-05-18T16:45:10+00:00\",\"breadcrumb\":{\"@id\":\"https:\/\/www.avicab.com\/back\/jaulas-avicolas\/#breadcrumb\"},\"inLanguage\":\"es\",\"potentialAction\":[{\"@type\":\"ReadAction\",\"target\":[\"https:\/\/www.avicab.com\/back\/jaulas-avicolas\/\"]}]},{\"@type\":\"BreadcrumbList\",\"@id\":\"https:\/\/www.avicab.com\/back\/jaulas-avicolas\/#breadcrumb\",\"itemListElement\":[{\"@type\":\"ListItem\",\"position\":1,\"name\":\"Portada\",\"item\":\"http:\/\/www.avicab.com\/back\/\"},{\"@type\":\"ListItem\",\"position\":2,\"name\":\"Jaulas av\u00edcolas\"}]},{\"@type\":\"WebSite\",\"@id\":\"http:\/\/www.avicab.com\/back\/#website\",\"url\":\"http:\/\/www.avicab.com\/back\/\",\"name\":\"Avicab\",\"description\":\"Poultry Solutions\",\"potentialAction\":[{\"@type\":\"SearchAction\",\"target\":{\"@type\":\"EntryPoint\",\"urlTemplate\":\"http:\/\/www.avicab.com\/back\/?s={search_term_string}\"},\"query-input\":\"required name=search_term_string\"}],\"inLanguage\":\"es\"}]}<\/script>\n<!-- \/ Yoast SEO plugin. -->","yoast_head_json":{"title":"Jaulas av\u00edcolas - Avicab","robots":{"index":"index","follow":"follow","max-snippet":"max-snippet:-1","max-image-preview":"max-image-preview:large","max-video-preview":"max-video-preview:-1"},"canonical":"https:\/\/www.avicab.com\/back\/jaulas-avicolas\/","og_locale":"es_ES","og_type":"article","og_title":"Jaulas av\u00edcolas - Avicab","og_url":"https:\/\/www.avicab.com\/back\/jaulas-avicolas\/","og_site_name":"Avicab","article_modified_time":"2018-05-18T16:45:10+00:00","twitter_card":"summary_large_image","twitter_misc":{"Est. reading time":"2 minutos"},"schema":{"@context":"https:\/\/schema.org","@graph":[{"@type":"WebPage","@id":"https:\/\/www.avicab.com\/back\/jaulas-avicolas\/","url":"https:\/\/www.avicab.com\/back\/jaulas-avicolas\/","name":"Jaulas av\u00edcolas - Avicab","isPartOf":{"@id":"http:\/\/www.avicab.com\/back\/#website"},"datePublished":"2018-04-16T20:25:15+00:00","dateModified":"2018-05-18T16:45:10+00:00","breadcrumb":{"@id":"https:\/\/www.avicab.com\/back\/jaulas-avicolas\/#breadcrumb"},"inLanguage":"es","potentialAction":[{"@type":"ReadAction","target":["https:\/\/www.avicab.com\/back\/jaulas-avicolas\/"]}]},{"@type":"BreadcrumbList","@id":"https:\/\/www.avicab.com\/back\/jaulas-avicolas\/#breadcrumb","itemListElement":[{"@type":"ListItem","position":1,"name":"Portada","item":"http:\/\/www.avicab.com\/back\/"},{"@type":"ListItem","position":2,"name":"Jaulas av\u00edcolas"}]},{"@type":"WebSite","@id":"http:\/\/www.avicab.com\/back\/#website","url":"http:\/\/www.avicab.com\/back\/","name":"Avicab","description":"Poultry Solutions","potentialAction":[{"@type":"SearchAction","target":{"@type":"EntryPoint","urlTemplate":"http:\/\/www.avicab.com\/back\/?s={search_term_string}"},"query-input":"required name=search_term_string"}],"inLanguage":"es"}]}},"_links":{"self":[{"href":"http:\/\/www.avicab.com\/back\/wp-json\/wp\/v2\/pages\/358"}],"collection":[{"href":"http:\/\/www.avicab.com\/back\/wp-json\/wp\/v2\/pages"}],"about":[{"href":"http:\/\/www.avicab.com\/back\/wp-json\/wp\/v2\/types\/page"}],"author":[{"embeddable":true,"href":"http:\/\/www.avicab.com\/back\/wp-json\/wp\/v2\/users\/1"}],"replies":[{"embeddable":true,"href":"http:\/\/www.avicab.com\/back\/wp-json\/wp\/v2\/comments?post=358"}],"version-history":[{"count":46,"href":"http:\/\/www.avicab.com\/back\/wp-json\/wp\/v2\/pages\/358\/revisions"}],"predecessor-version":[{"id":864,"href":"http:\/\/www.avicab.com\/back\/wp-json\/wp\/v2\/pages\/358\/revisions\/864"}],"wp:attachment":[{"href":"http:\/\/www.avicab.com\/back\/wp-json\/wp\/v2\/media?parent=358"}],"curies":[{"name":"wp","href":"https:\/\/api.w.org\/{rel}","templated":true}]}}